{"id":125,"date":"2019-07-23T12:26:25","date_gmt":"2019-07-23T12:26:25","guid":{"rendered":"https:\/\/fermentierra.com\/?page_id=125"},"modified":"2021-02-21T19:36:55","modified_gmt":"2021-02-21T19:36:55","slug":"lactoferments","status":"publish","type":"page","link":"https:\/\/fermentierra.com\/de\/lactoferments\/","title":{"rendered":"Unsere Philosophie"},"content":{"rendered":"<p class=\"has-medium-font-size\">Dans notre laboratoire, nous \u00e9laborons nos diff\u00e9rents m\u00e9langes avec l\u2019inspiration du moment, les l\u00e9gumes de saisons.  Et puis nous laissons la vie faire son oeuvre, nous l\u2019orientons simplement en lui offrant un milieu salin et ana\u00e9robique.  <\/p>\n\n\n\n<p class=\"has-medium-font-size\">Jedes Gem\u00fcse tr\u00e4gt eine eigene unsichtbare Welt in sich, daher entwickelt jede Mischung ihre eigene, einzigartige Biodiversit\u00e4t an Milchs\u00e4urebakterien. In unseren G\u00e4rtanks entfaltet sich ein visueller, olfaktorischer und geschmacklicher Tanz.  <\/p>\n\n\n\n<p class=\"has-medium-font-size\">Wenn wir nach einiger Zeit den Deckel \u00f6ffnen, wird uns ein Einblick in den G\u00e4rungsprozess gew\u00e4hrt. Die erste Verkostung. Ein gutes Ergebnis macht uns Vorfreude darauf, es bald in den Gl\u00e4sern ans Licht zu bringen.<\/p>\n\n\n\n<p class=\"has-medium-font-size\">All <a href=\"https:\/\/qb233zbtdie.preview.infomaniak.website\">diese verschiedenen Laktofermente<\/a> poss\u00e8dent leur originalit\u00e9 et c\u2019est en variant les plaisirs que nous offrons \u00e0 notre organisme la possibilit\u00e9 de se revitaliser, de se red\u00e9couvrir dans la vari\u00e9t\u00e9.<\/p>\n\n\n\n<p class=\"has-medium-font-size\">Trauen Sie sich, sie alle auszuprobieren und vertrauen Sie bei der Auswahl auf Ihren Instinkt.<\/p>\n\n\n\n<p class=\"has-medium-font-size\">Es wird genug f\u00fcr alle da sein.  <\/p>\n\n\n\n<p class=\"has-medium-font-size\">Wir werden unser Sortiment nach und nach erweitern, und da die Laktofermentation eine lange Haltbarkeit erm\u00f6glicht, werden wir unser Bestes tun, um unsere wichtigsten Rezepte immer auf Lager zu haben.<\/p>\n\n\n\n<figure class=\"wp-block-gallery columns-1 is-cropped wp-block-gallery-1 is-layout-flex wp-block-gallery-is-layout-flex\"><ul class=\"blocks-gallery-grid\"><li class=\"blocks-gallery-item\"><figure><img loading=\"lazy\" decoding=\"async\" width=\"1440\" height=\"2560\" src=\"https:\/\/i1.wp.com\/fermentierra.com\/wp-content\/uploads\/2019\/12\/20191206_162058-scaled.jpg?fit=576%2C1024&ssl=1\" alt=\"\" data-id=\"376\" data-full-url=\"https:\/\/i1.wp.com\/fermentierra.com\/wp-content\/uploads\/2019\/12\/20191206_162058-scaled.jpg?fit=1440%2C2560&ssl=1\" data-link=\"https:\/\/qb233zbtdie.preview.infomaniak.website\/lactoferments\/20191206_162058\/\" class=\"wp-image-376\" srcset=\"https:\/\/fermentierra.com\/wp-content\/uploads\/2019\/12\/20191206_162058-scaled.jpg 1440w, https:\/\/fermentierra.com\/wp-content\/uploads\/2019\/12\/20191206_162058-600x1067.jpg 600w, https:\/\/fermentierra.com\/wp-content\/uploads\/2019\/12\/20191206_162058-169x300.jpg 169w, https:\/\/fermentierra.com\/wp-content\/uploads\/2019\/12\/20191206_162058-576x1024.jpg 576w, https:\/\/fermentierra.com\/wp-content\/uploads\/2019\/12\/20191206_162058-768x1365.jpg 768w, https:\/\/fermentierra.com\/wp-content\/uploads\/2019\/12\/20191206_162058-864x1536.jpg 864w, https:\/\/fermentierra.com\/wp-content\/uploads\/2019\/12\/20191206_162058-1152x2048.jpg 1152w\" sizes=\"auto, (max-width: 1440px) 100vw, 1440px\" \/><\/figure><\/li><\/ul><\/figure>\n\n\n\n<p><\/p>\n\n\n\n<p><\/p>\n\n\n\n<p><\/p>","protected":false},"excerpt":{"rendered":"<p>Dans notre laboratoire, nous \u00e9laborons nos diff\u00e9rents m\u00e9langes avec l\u2019inspiration du moment, les l\u00e9gumes de saisons. Et puis nous laissons la vie faire son oeuvre, nous l\u2019orientons simplement en lui offrant un milieu salin et ana\u00e9robique. Chaque l\u00e9gume poss\u00e8de son univers invisible, chaque m\u00e9lange aura&nbsp;<a class=\"read-more\" href=\"https:\/\/fermentierra.com\/de\/lactoferments\/\">...<\/a><\/p>","protected":false},"author":1,"featured_media":174,"parent":0,"menu_order":0,"comment_status":"closed","ping_status":"closed","template":"","meta":{"_acf_changed":false,"footnotes":""},"class_list":["post-125","page","type-page","status-publish","has-post-thumbnail","hentry"],"acf":[],"aioseo_notices":[],"_links":{"self":[{"href":"https:\/\/fermentierra.com\/de\/wp-json\/wp\/v2\/pages\/125","targetHints":{"allow":["GET"]}}],"collection":[{"href":"https:\/\/fermentierra.com\/de\/wp-json\/wp\/v2\/pages"}],"about":[{"href":"https:\/\/fermentierra.com\/de\/wp-json\/wp\/v2\/types\/page"}],"author":[{"embeddable":true,"href":"https:\/\/fermentierra.com\/de\/wp-json\/wp\/v2\/users\/1"}],"replies":[{"embeddable":true,"href":"https:\/\/fermentierra.com\/de\/wp-json\/wp\/v2\/comments?post=125"}],"version-history":[{"count":0,"href":"https:\/\/fermentierra.com\/de\/wp-json\/wp\/v2\/pages\/125\/revisions"}],"wp:featuredmedia":[{"embeddable":true,"href":"https:\/\/fermentierra.com\/de\/wp-json\/wp\/v2\/media\/174"}],"wp:attachment":[{"href":"https:\/\/fermentierra.com\/de\/wp-json\/wp\/v2\/media?parent=125"}],"curies":[{"name":"wp","href":"https:\/\/api.w.org\/{rel}","templated":true}]}}