{"id":30,"date":"2019-07-18T13:29:36","date_gmt":"2019-07-18T13:29:36","guid":{"rendered":"https:\/\/fermentierra.com\/?page_id=30"},"modified":"2024-11-27T20:10:21","modified_gmt":"2024-11-27T20:10:21","slug":"fermenteurs","status":"publish","type":"page","link":"https:\/\/fermentierra.com\/de\/fermenteurs\/","title":{"rendered":"Wer wir sind"},"content":{"rendered":"<div class=\"nfd-container nfd-theme-white nfd-bg-surface nfd-wb-gallery__gallery-4 is-style-nfd-theme-white wp-block-group alignfull\" style=\"padding-top:8px;padding-right:8px;padding-bottom:8px;padding-left:8px\"><div class=\"wp-block-group__inner-container is-layout-constrained wp-container-core-group-is-layout-3725536e wp-block-group-is-layout-constrained\">\n<figure class=\"wp-block-gallery has-nested-images columns-default is-cropped wp-block-gallery-1 is-layout-flex wp-block-gallery-is-layout-flex\">\n<figure class=\"wp-block-image size-large\"><img loading=\"lazy\" decoding=\"async\" width=\"1024\" height=\"576\" data-id=\"111\" src=\"https:\/\/qb233zbtdie.preview.infomaniak.website\/wp-content\/uploads\/2019\/07\/20190713_164206-1024x576.jpg\" alt=\"\" class=\"wp-image-111\" srcset=\"https:\/\/fermentierra.com\/wp-content\/uploads\/2019\/07\/20190713_164206-1024x576.jpg 1024w, https:\/\/fermentierra.com\/wp-content\/uploads\/2019\/07\/20190713_164206-600x338.jpg 600w, https:\/\/fermentierra.com\/wp-content\/uploads\/2019\/07\/20190713_164206-300x169.jpg 300w, https:\/\/fermentierra.com\/wp-content\/uploads\/2019\/07\/20190713_164206-768x432.jpg 768w\" sizes=\"auto, (max-width: 1024px) 100vw, 1024px\" \/><\/figure>\n\n\n\n<figure class=\"wp-block-image size-large\"><img loading=\"lazy\" decoding=\"async\" width=\"1024\" height=\"635\" data-id=\"208\" src=\"https:\/\/qb233zbtdie.preview.infomaniak.website\/wp-content\/uploads\/2019\/07\/nous-1024x635.jpg\" alt=\"\" class=\"wp-image-208\" srcset=\"https:\/\/fermentierra.com\/wp-content\/uploads\/2019\/07\/nous-1024x635.jpg 1024w, https:\/\/fermentierra.com\/wp-content\/uploads\/2019\/07\/nous-600x372.jpg 600w, https:\/\/fermentierra.com\/wp-content\/uploads\/2019\/07\/nous-300x186.jpg 300w, https:\/\/fermentierra.com\/wp-content\/uploads\/2019\/07\/nous-768x476.jpg 768w\" sizes=\"auto, (max-width: 1024px) 100vw, 1024px\" \/><\/figure>\n\n\n\n<figure class=\"wp-block-image size-large\"><img loading=\"lazy\" decoding=\"async\" width=\"1024\" height=\"576\" data-id=\"239\" src=\"https:\/\/qb233zbtdie.preview.infomaniak.website\/wp-content\/uploads\/2019\/08\/File_0001-1024x576.jpeg\" alt=\"\" class=\"wp-image-239\" srcset=\"https:\/\/fermentierra.com\/wp-content\/uploads\/2019\/08\/File_0001-1024x576.jpeg 1024w, https:\/\/fermentierra.com\/wp-content\/uploads\/2019\/08\/File_0001-600x338.jpeg 600w, https:\/\/fermentierra.com\/wp-content\/uploads\/2019\/08\/File_0001-300x169.jpeg 300w, https:\/\/fermentierra.com\/wp-content\/uploads\/2019\/08\/File_0001-768x432.jpeg 768w\" sizes=\"auto, (max-width: 1024px) 100vw, 1024px\" \/><\/figure>\n\n\n\n<figure class=\"wp-block-image size-large\"><img loading=\"lazy\" decoding=\"async\" width=\"766\" height=\"1024\" data-id=\"260\" src=\"https:\/\/qb233zbtdie.preview.infomaniak.website\/wp-content\/uploads\/2019\/08\/File_000-1-766x1024.jpeg\" alt=\"\" class=\"wp-image-260\" srcset=\"https:\/\/fermentierra.com\/wp-content\/uploads\/2019\/08\/File_000-1-766x1024.jpeg 766w, https:\/\/fermentierra.com\/wp-content\/uploads\/2019\/08\/File_000-1-600x802.jpeg 600w, https:\/\/fermentierra.com\/wp-content\/uploads\/2019\/08\/File_000-1-224x300.jpeg 224w, https:\/\/fermentierra.com\/wp-content\/uploads\/2019\/08\/File_000-1-768x1027.jpeg 768w, https:\/\/fermentierra.com\/wp-content\/uploads\/2019\/08\/File_000-1.jpeg 1679w\" sizes=\"auto, (max-width: 766px) 100vw, 766px\" \/><\/figure>\n\n\n\n<figure class=\"wp-block-image size-large\"><img loading=\"lazy\" decoding=\"async\" width=\"1024\" height=\"576\" data-id=\"365\" src=\"https:\/\/qb233zbtdie.preview.infomaniak.website\/wp-content\/uploads\/2019\/11\/File_001-1024x576.jpeg\" alt=\"\" class=\"wp-image-365\" srcset=\"https:\/\/fermentierra.com\/wp-content\/uploads\/2019\/11\/File_001-1024x576.jpeg 1024w, https:\/\/fermentierra.com\/wp-content\/uploads\/2019\/11\/File_001-600x338.jpeg 600w, https:\/\/fermentierra.com\/wp-content\/uploads\/2019\/11\/File_001-300x169.jpeg 300w, https:\/\/fermentierra.com\/wp-content\/uploads\/2019\/11\/File_001-768x432.jpeg 768w\" sizes=\"auto, (max-width: 1024px) 100vw, 1024px\" \/><\/figure>\n\n\n\n<figure class=\"wp-block-image size-large\"><img loading=\"lazy\" decoding=\"async\" width=\"1024\" height=\"668\" data-id=\"372\" src=\"https:\/\/qb233zbtdie.preview.infomaniak.website\/wp-content\/uploads\/2019\/11\/File_008-1024x668.jpeg\" alt=\"\" class=\"wp-image-372\" srcset=\"https:\/\/fermentierra.com\/wp-content\/uploads\/2019\/11\/File_008-1024x668.jpeg 1024w, https:\/\/fermentierra.com\/wp-content\/uploads\/2019\/11\/File_008-600x391.jpeg 600w, https:\/\/fermentierra.com\/wp-content\/uploads\/2019\/11\/File_008-300x196.jpeg 300w, https:\/\/fermentierra.com\/wp-content\/uploads\/2019\/11\/File_008-768x501.jpeg 768w\" sizes=\"auto, (max-width: 1024px) 100vw, 1024px\" \/><\/figure>\n\n\n\n<figure class=\"wp-block-image size-large\"><img loading=\"lazy\" decoding=\"async\" width=\"1024\" height=\"576\" data-id=\"366\" src=\"https:\/\/qb233zbtdie.preview.infomaniak.website\/wp-content\/uploads\/2019\/11\/File_002-1024x576.jpeg\" alt=\"\" class=\"wp-image-366\" srcset=\"https:\/\/fermentierra.com\/wp-content\/uploads\/2019\/11\/File_002-1024x576.jpeg 1024w, https:\/\/fermentierra.com\/wp-content\/uploads\/2019\/11\/File_002-600x338.jpeg 600w, https:\/\/fermentierra.com\/wp-content\/uploads\/2019\/11\/File_002-300x169.jpeg 300w, https:\/\/fermentierra.com\/wp-content\/uploads\/2019\/11\/File_002-768x432.jpeg 768w\" sizes=\"auto, (max-width: 1024px) 100vw, 1024px\" \/><\/figure>\n<\/figure>\n<\/div><\/div>\n\n\n\n<p class=\"has-drop-cap has-medium-font-size\">Fermentierra ist ein Schweizer \nHandwerks- und Familienunternehmen. Unser Ziel ist es, mit Ihnen unsere Leidenschaft f\u00fcr \ndie althergebrachte Technik der \nLaktofermentation zu teilen. Aufbauend auf unserer Erfahrung und unserer Begeisterung f\u00fcr das Kochen bieten wir Ihnen eine Produktpalette, die von den Geschm\u00e4ckern der Welt, den Jahreszeiten und der lokalen biologischen Produktion inspiriert ist. <\/p>\n\n\n\n<p class=\"has-medium-font-size\">Unsere Philosophie ist sehr einfach. Wir unterst\u00fctzen einen gesunden und \u00f6kologischen Lebensstil und m\u00f6chten Ihnen die kulinarischen und gesundheitlichen Vorz\u00fcge von sauer eingelegtem Gem\u00fcse vermitteln. Wir legen gro\u00dfen Wert auf die Frische unseres Gem\u00fcses, um zu garantieren, dass unsere Gl\u00e4ser Ihre Geschmacksnerven verbl\u00fcffen und all ihre gesundheitlichen Vorteile entfalten.\u00a0\u00a0 <\/p>\n\n\n\n<p class=\"has-medium-font-size\">Notre atelier se trouve au pied du Jura, \u00e0 Champagne, dans l\u2019ancienne boulangerie de la famille. Apr\u00e8s y avoir cultiv\u00e9 l\u2019art du travail bien fait pendant des d\u00e9cennies, nous reprenons le flambeau pour vous transmettre un des tr\u00e9sors de l\u2019humanit\u00e9, l\u2019art de la lactofermentation, et mettre en valeur la qualit\u00e9 des l\u00e9gumes de la production biologique suisse.<\/p>\n\n\n\n<p class=\"has-medium-font-size\">-Laurent & Monica<\/p>\n\n\n<div class=\"wp-block-image is-style-rounded\">\n<figure class=\"aligncenter size-large\"><img loading=\"lazy\" decoding=\"async\" width=\"523\" height=\"504\" src=\"https:\/\/qb233zbtdie.preview.infomaniak.website\/wp-content\/uploads\/2020\/11\/image1.png\" alt=\"\" class=\"wp-image-3321\" srcset=\"https:\/\/fermentierra.com\/wp-content\/uploads\/2020\/11\/image1.png 523w, https:\/\/fermentierra.com\/wp-content\/uploads\/2020\/11\/image1-300x289.png 300w, https:\/\/fermentierra.com\/wp-content\/uploads\/2020\/11\/image1-12x12.png 12w\" sizes=\"auto, (max-width: 523px) 100vw, 523px\" \/><\/figure>\n<\/div>","protected":false},"excerpt":{"rendered":"<p>Fermentierra est une entreprise artisanale et familiale suisse. Notre objectif est de partager notre passion pour cette technique ancestrale qu\u2019est la lactofermentation. Fort de notre exp\u00e9rience et de notre go\u00fbt pour la cuisine, nous vous proposons une gamme de produits inspir\u00e9e par les saveurs du&nbsp;<a class=\"read-more\" href=\"https:\/\/fermentierra.com\/de\/fermenteurs\/\">...<\/a><\/p>","protected":false},"author":1,"featured_media":249,"parent":0,"menu_order":0,"comment_status":"closed","ping_status":"closed","template":"","meta":{"_acf_changed":false,"footnotes":""},"class_list":["post-30","page","type-page","status-publish","has-post-thumbnail","hentry"],"acf":[],"aioseo_notices":[],"_links":{"self":[{"href":"https:\/\/fermentierra.com\/de\/wp-json\/wp\/v2\/pages\/30","targetHints":{"allow":["GET"]}}],"collection":[{"href":"https:\/\/fermentierra.com\/de\/wp-json\/wp\/v2\/pages"}],"about":[{"href":"https:\/\/fermentierra.com\/de\/wp-json\/wp\/v2\/types\/page"}],"author":[{"embeddable":true,"href":"https:\/\/fermentierra.com\/de\/wp-json\/wp\/v2\/users\/1"}],"replies":[{"embeddable":true,"href":"https:\/\/fermentierra.com\/de\/wp-json\/wp\/v2\/comments?post=30"}],"version-history":[{"count":0,"href":"https:\/\/fermentierra.com\/de\/wp-json\/wp\/v2\/pages\/30\/revisions"}],"wp:featuredmedia":[{"embeddable":true,"href":"https:\/\/fermentierra.com\/de\/wp-json\/wp\/v2\/media\/249"}],"wp:attachment":[{"href":"https:\/\/fermentierra.com\/de\/wp-json\/wp\/v2\/media?parent=30"}],"curies":[{"name":"wp","href":"https:\/\/api.w.org\/{rel}","templated":true}]}}