{"id":34826,"date":"2023-03-10T17:54:00","date_gmt":"2023-03-10T17:54:00","guid":{"rendered":"https:\/\/fermentierra.com\/?page_id=34826"},"modified":"2023-03-10T17:54:03","modified_gmt":"2023-03-10T17:54:03","slug":"remboursements_retours","status":"publish","type":"page","link":"https:\/\/fermentierra.com\/de\/remboursements_retours\/","title":{"rendered":"ERSTATTUNGS- UND R\u00dcCKERSTATTUNGSPOLITIK"},"content":{"rendered":"<p><strong>\u00dcberblick<\/strong><\/p>\n\n\n\n<p>Unsere R\u00fcckerstattungsrichtlinie gilt f\u00fcr 30 Tage. Wenn 30 Tage seit Ihrem Kauf vergangen sind, k\u00f6nnen wir Ihnen keine volle R\u00fcckerstattung anbieten.<\/p>\n\n\n\n<p>Wir akzeptieren keine R\u00fccksendungen unserer Produkte.<\/p>\n\n\n\n<p><strong>R\u00fcckerstattungen<\/strong>t<\/p>\n\n\n\n<p>Sie haben Anspruch auf eine R\u00fcckerstattung, wenn die Ware bei der Lieferung besch\u00e4digt wurde oder wenn Sie beim \u00d6ffnen der Ware feststellen, dass die Ware vor dem Datum (xx\/yy)<\/p>\n\n\n\n<p>Sobald Sie sich mit uns in Verbindung gesetzt haben und die R\u00fcckerstattung erforderlich ist, werden Sie gebeten, Ihre Bankdaten anzugeben, damit wir die \u00dcberweisung vornehmen k\u00f6nnen.<\/p>\n\n\n\n<p><strong>Brauchen Sie Hilfe?<\/strong><\/p>\n\n\n\n<p>Kontaktieren Sie uns unter fermentierra.commande@gmail.com, wenn Sie Fragen zu R\u00fcckerstattungen und R\u00fccksendungen haben.<\/p>","protected":false},"excerpt":{"rendered":"<p>Vue d&rsquo;ensemble Notre politique de remboursement est de 30 jours. Si 30 jours se sont \u00e9coul\u00e9s depuis votre achat, nous ne pouvons pas vous offrir un remboursement complet. Nous n&rsquo;acceptons pas les retours de nos produits. Remboursement Vous pouvez pr\u00e9tendre \u00e0 un remboursement si la&nbsp;<a class=\"read-more\" href=\"https:\/\/fermentierra.com\/de\/remboursements_retours\/\">...<\/a><\/p>","protected":false},"author":1,"featured_media":0,"parent":0,"menu_order":0,"comment_status":"closed","ping_status":"closed","template":"","meta":{"_acf_changed":false,"footnotes":""},"class_list":["post-34826","page","type-page","status-publish","hentry"],"acf":[],"aioseo_notices":[],"_links":{"self":[{"href":"https:\/\/fermentierra.com\/de\/wp-json\/wp\/v2\/pages\/34826","targetHints":{"allow":["GET"]}}],"collection":[{"href":"https:\/\/fermentierra.com\/de\/wp-json\/wp\/v2\/pages"}],"about":[{"href":"https:\/\/fermentierra.com\/de\/wp-json\/wp\/v2\/types\/page"}],"author":[{"embeddable":true,"href":"https:\/\/fermentierra.com\/de\/wp-json\/wp\/v2\/users\/1"}],"replies":[{"embeddable":true,"href":"https:\/\/fermentierra.com\/de\/wp-json\/wp\/v2\/comments?post=34826"}],"version-history":[{"count":0,"href":"https:\/\/fermentierra.com\/de\/wp-json\/wp\/v2\/pages\/34826\/revisions"}],"wp:attachment":[{"href":"https:\/\/fermentierra.com\/de\/wp-json\/wp\/v2\/media?parent=34826"}],"curies":[{"name":"wp","href":"https:\/\/api.w.org\/{rel}","templated":true}]}}