{"id":38873,"date":"2025-04-03T22:06:11","date_gmt":"2025-04-03T22:06:11","guid":{"rendered":"https:\/\/www.fermentierra.com\/?page_id=38873"},"modified":"2025-11-29T11:51:22","modified_gmt":"2025-11-29T11:51:22","slug":"laurent-cornu","status":"publish","type":"page","link":"https:\/\/fermentierra.com\/de\/laurent-cornu\/","title":{"rendered":"Fermentierra"},"content":{"rendered":"<style>\n  \/* Par d\u00e9faut (Ordi) *\/\n  .bio-banner { height: 230px; }\n  .profile-card { flex-direction: row; text-align: left; }\n  .profile-image-container { margin: 0; }\n  \n  \/* Sur Mobile (\u00e9crans de moins de 768px) *\/\n  @media (max-width: 768px) {\n    .bio-banner { \n      height: 195px !important; \/* Banni\u00e8re moins haute sur mobile *\/\n    }\n    .profile-card { \n      flex-direction: column !important; \/* Empile image puis texte *\/\n      padding: 25px !important;\n      text-align: center !important; \/* Centre le texte sur mobile *\/\n      gap: 30px !important;\n    }\n    .profile-image-container {\n      margin: 0 auto !important; \/* Centre l'image *\/\n      max-width: 100% !important;\n    }\n    .mission-text {\n      padding: 0 10px;\n    }\n  }\n<\/style>\n\n<link href=\"https:\/\/fonts.googleapis.com\/css2?family=Lato:wght@400;700&#038;family=Playfair+Display:ital,wght@0,400;0,700;1,400&#038;display=swap\" rel=\"stylesheet\">\n\n<div class=\"fermentierra-bio-page\" style=\"max-width: 950px; margin: 0 auto; font-family: 'Lato', sans-serif; color: #2D3748; line-height: 1.8;\">\n\n  <figure style=\"margin: 0 0 50px 0;\">\n    <img decoding=\"async\" src=\"http:\/\/fermentierra.com\/wp-content\/uploads\/2025\/11\/laurent-fermentierra-banner-scaled.webp\" \n         class=\"bio-banner\"\n         alt=\"Banni\u00e8re Fermentierra - Laurent Cornu\" \n         style=\"width: 100%; object-fit: cover; object-position: center; border-radius: 12px; box-shadow: 0 10px 30px rgba(0,0,0,0.08); display: block;\">\n  <\/figure>\n\n  <div class=\"profile-card\" style=\"background-color: #fcfdfc; border: 1px solid #eef5f0; border-radius: 16px; padding: 40px; display: flex; gap: 50px; align-items: center; margin-bottom: 60px; box-shadow: 0 4px 20px rgba(0,0,0,0.03);\">\n    \n    <div class=\"profile-image-container\" style=\"flex: 2; min-width: 280px; max-width: 450px;\">\n      <img decoding=\"async\" src=\"http:\/\/fermentierra.com\/wp-content\/uploads\/2025\/11\/portrait-laurent-nature-1-scaled.webp\" \n           alt=\"Laurent Cornu - Portrait Nature\" \n           style=\"width: 100%; border-radius: 12px; box-shadow: 0 12px 24px rgba(25, 172, 77, 0.2); display: block;\" \/>\n    <\/div>\n\n    <div style=\"flex: 1.7; min-width: 280px;\">\n      <h1 style=\"margin-top: 0; margin-bottom: 10px; font-family: 'Playfair Display', serif; color: #127a36; font-size: 38px; line-height: 1.2;\">Laurent Cornu<\/h1>\n      <p style=\"color: #19ac4d; font-weight: 700; font-size: 18px; margin-bottom: 25px; text-transform: uppercase; letter-spacing: 0.5px;\">Handwerker-Fermentierer &amp; Gr\u00fcnder von Fermentierra<\/p>\n      \n      <p style=\"margin-bottom: 20px;\">J\u2019ai fond\u00e9 Fermentierra pour partager une vision simple et vivante : celle d\u2019une alimentation locale, consciente et joyeuse. Ma pratique est ancr\u00e9e dans le concret, dans le geste, dans l\u2019envie de transmettre ce savoir invisible qui transforme nos l\u00e9gumes\u2026 et parfois nos vies.<\/p>\n      \n      <p style=\"margin-bottom: 30px;\">Mit meinen Workshops, Gl\u00e4sern und Interventionen versuche ich, Br\u00fccken zwischen Vergangenheit und Zukunft, zwischen Tradition und Kreativit\u00e4t, zwischen Mikroben und Menschlichkeit zu schlagen. Willkommen in meinem Universum.<\/p>\n      \n      <a href=\"\/de\/contact\/\" style=\"display: inline-block; background-color: #19ac4d; color: #ffffff; padding: 15px 30px; border-radius: 50px; text-decoration: none; font-weight: 700; text-transform: uppercase; letter-spacing: 0.5px; box-shadow: 0 4px 15px rgba(25, 172, 77, 0.3); transition: transform 0.2s;\">\n        \ud83d\udcec\ud83d\udce7 Mich kontaktieren\n      <\/a>\n    <\/div>\n  <\/div>\n\n  <section class=\"mission-text\" style=\"margin: 0 auto; max-width: 800px;\">\n    <h2 style=\"font-family: 'Playfair Display', serif; font-size: 32px; color: #127a36; margin-bottom: 30px; border-bottom: 3px solid #19ac4d; display: inline-block; padding-bottom: 5px;\">\n      \ud83c\udf31 Meine Aufgabe\n    <\/h2>\n    \n    <div style=\"font-size: 19px; line-height: 1.8; color: #444;\">\n      <p style=\"margin-bottom: 25px;\">\n        <span style=\"float: left; font-family: 'Playfair Display', serif; font-size: 60px; line-height: 50px; padding-right: 15px; color: #19ac4d; font-weight: bold;\">T<\/span>ransmettre les savoir-faire fermentaires, nourrir le vivant et recr\u00e9er du lien. Voil\u00e0 ce qui m\u2019anime chaque jour.\n      <\/p>\n\n      <p style=\"margin-bottom: 25px;\">\n        Mit <strong>Fermentierra<\/strong>, Mir liegt es am Herzen, die Fermentation einfach, zug\u00e4nglich und fr\u00f6hlich zu gestalten - fernab von Dogmen oder Perfektionismus. Eine K\u00fcche des Alltags, die in den Jahreszeiten, im gesunden Bauernverstand und in der Lust am Selbermachen ohne Druck verwurzelt ist.\n      <\/p>\n\n      <div style=\"background: #f4fcf7; border-left: 5px solid #19ac4d; padding: 25px; margin: 35px 0; font-style: italic; color: #555; border-radius: 0 8px 8px 0;\">\n        Faire fermenter, c\u2019est un geste ancien et profond, un acte d\u2019autonomie douce et de r\u00e9g\u00e9n\u00e9ration.\n      <\/div>\n\n      <p style=\"margin-bottom: 25px;\">\n        C\u2019est aussi un chemin vers plus de <strong style=\"color:#127a36;\">Gesundheit<\/strong>, Aber ohne Zwang und ohne Vorschriften. Nur durch die Wiedereinf\u00fchrung von <em>gute Mikroben<\/em> in unserer Ern\u00e4hrung und ein wenig Geduld in unserem Rhythmus.\n      <\/p>\n\n      <p>\n        Ich stelle mir gerne vor, dass jedes vorbereitete Glas, jeder geteilte Workshop ein kleiner Samen der Transformation ist. Eine Einladung, langsamer zu werden, zu f\u00fchlen und auf lebendige Prozesse zu h\u00f6ren. F\u00fcr mich, <strong style=\"color:#19ac4d;\">die Fermentation ist eine Sprache des Lebens<\/strong>, Die Geschichte ist konkret und poetisch zugleich.\n      <\/p>\n    <\/div>\n  <\/section>\n\n<\/div>\n\n\n\n<p><\/p>","protected":false},"excerpt":{"rendered":"<p>Laurent Cornu Artisan-fermenteur &#038; fondateur de Fermentierra J\u2019ai fond\u00e9 Fermentierra pour partager une vision simple et vivante : celle d\u2019une alimentation locale, consciente et joyeuse. Ma pratique est ancr\u00e9e dans le concret, dans le geste, dans l\u2019envie de transmettre ce savoir invisible qui transforme nos&nbsp;<a class=\"read-more\" href=\"https:\/\/fermentierra.com\/de\/laurent-cornu\/\">...<\/a><\/p>","protected":false},"author":1,"featured_media":0,"parent":0,"menu_order":0,"comment_status":"closed","ping_status":"closed","template":"","meta":{"_acf_changed":false,"footnotes":""},"class_list":["post-38873","page","type-page","status-publish","hentry"],"acf":[],"aioseo_notices":[],"_links":{"self":[{"href":"https:\/\/fermentierra.com\/de\/wp-json\/wp\/v2\/pages\/38873","targetHints":{"allow":["GET"]}}],"collection":[{"href":"https:\/\/fermentierra.com\/de\/wp-json\/wp\/v2\/pages"}],"about":[{"href":"https:\/\/fermentierra.com\/de\/wp-json\/wp\/v2\/types\/page"}],"author":[{"embeddable":true,"href":"https:\/\/fermentierra.com\/de\/wp-json\/wp\/v2\/users\/1"}],"replies":[{"embeddable":true,"href":"https:\/\/fermentierra.com\/de\/wp-json\/wp\/v2\/comments?post=38873"}],"version-history":[{"count":12,"href":"https:\/\/fermentierra.com\/de\/wp-json\/wp\/v2\/pages\/38873\/revisions"}],"predecessor-version":[{"id":40184,"href":"https:\/\/fermentierra.com\/de\/wp-json\/wp\/v2\/pages\/38873\/revisions\/40184"}],"wp:attachment":[{"href":"https:\/\/fermentierra.com\/de\/wp-json\/wp\/v2\/media?parent=38873"}],"curies":[{"name":"wp","href":"https:\/\/api.w.org\/{rel}","templated":true}]}}