{"id":39980,"date":"2025-11-14T20:01:49","date_gmt":"2025-11-14T20:01:49","guid":{"rendered":"https:\/\/fermentierra.com\/?page_id=39980"},"modified":"2025-11-16T08:04:04","modified_gmt":"2025-11-16T08:04:04","slug":"cadeaux-decouvertes","status":"publish","type":"page","link":"https:\/\/fermentierra.com\/de\/cadeaux-decouvertes\/","title":{"rendered":"Geschenksets"},"content":{"rendered":"<!-- Page Fermentierra \u2013 Coffrets D\u00e9couvertes -->\n\n<style>\n\/* Cacher le titre syst\u00e8me (ou PAGE ID) uniquement sur la page 39980 *\/\n  body.page-id-39980 .entry-title {\n    display: none;\n  }\n\n  \/* ---- Corrige le fond du BODY ---- *\/\n  body {\n    margin: 0;\n    padding: 0;\n    font-family: \"Arial\", sans-serif;\n  }\n\n  \/* ---- Page Wrapper avec wallpaper limit\u00e9 ---- *\/\n  .page-wrapper {\n    max-width: 1000px;\n    margin: 2rem auto;\n    padding: 3rem 1rem;\n    background-image: url(\"http:\/\/fermentierra.com\/wp-content\/uploads\/2025\/11\/fermentierra-cadeaux.jpg\");\n    background-size: cover;\n    background-repeat: repeat;\n    background-position: center;\n    border-radius: 20px;\n  }\n\n  \/* ---- Title Box ---- *\/\n  .title-box {\n    background: rgba(255, 255, 255, 0.92);\n    padding: 1.5rem 2.5rem;\n    border-radius: 15px;\n    margin: 0 auto 2.5rem auto;\n    text-align: center;\n    width: fit-content;\n    box-shadow: 0 6px 15px rgba(0,0,0,0.18);\n    border: 2px solid #ffffff;\n  }\n\n  .title-box h1 {\n    margin: 0;\n    font-size: 2.7rem;\n    font-weight: 800;\n    color: #1a1a1a;\n  }\n\n  \/* ---- Gift Boxes Container ---- *\/\n  .gift-boxes {\n    display: flex;\n    flex-direction: column;\n    gap: 2rem;\n  }\n\n  \/* ---- Product Card ---- *\/\n .product-card {\n  display: flex;\n  flex-wrap: nowrap;\n  align-items: center; \/* <-- centre verticalement l'image *\/\n  background: rgba(255, 255, 255, 0.92);\n  border-radius: 12px;\n  box-shadow: 0 4px 12px rgba(0,0,0,0.15);\n  overflow: hidden;\n  padding: 1rem;\n}\n\n\n  .product-card img {\n  flex: 0 0 300px;      \/* colonne image fixe \u00e0 300px *\/\n  max-width: 300px;\n  width: 100%;\n  height: auto;\n  border-radius: 8px;\n}\n\n.product-info {\n  flex: 1 1 auto;       \/* le texte prend tout le reste *\/\n  padding: 1rem 1.5rem;\n}\n\n  .price {\n    font-size: 1.3rem;\n    font-weight: bold;\n    color: #c75300;\n    margin-bottom: 1rem;\n  }\n@media (max-width: 768px) {\n  .product-card {\n    flex-direction: column;      \/* image au-dessus, texte en dessous *\/\n    align-items: center;\n  }\n\n  .product-card img {\n    flex: 0 0 auto;              \/* on annule le 300px fixe *\/\n    max-width: 80%;              \/* un peu de marge sur les c\u00f4t\u00e9s *\/\n    width: 100%;\n    margin: 0 auto 1rem;         \/* centr\u00e9e + espace sous l'image *\/\n  }\n\n  .product-info {\n    flex: 1 1 auto;\n    padding: 0 1rem 1.5rem;      \/* un peu moins de padding horizontal *\/\n  }\n}\n\n\n<\/style>\n\n<div class=\"page-wrapper\">\n\n  <div class=\"title-box\">\n    <h1>Geschenksets<\/h1>\n  <\/div>\n\n  <div class=\"gift-boxes\">\n\n<!-- Panier Cadeau -->\n<div class=\"product-card\">\n  <img decoding=\"async\" src=\"http:\/\/fermentierra.com\/wp-content\/uploads\/2025\/11\/IMG_6288-scaled.jpg\" alt=\"Foto-Geschenkkorb\" \/>\n\n  <div class=\"product-info\">\n\n    <h2>\n      <a href=\"https:\/\/fermentierra.com\/de\/produit\/panier-cadeau\/\"\n         style=\"text-decoration:none; color:#1a1a1a;\">\n        Geschenkkorb\n      <\/a>\n    <\/h2>\n\n    <div class=\"price\">CHF 22.-<\/div>\n\n    <p>\n      Schenken Sie (oder g\u00f6nnen Sie sich) ein Geschenk mit Herz, das Gesundheit und Genuss miteinander verbindet.\n      Der Geschenkkorb ist eine genussvolle Einf\u00fchrung in die Welt der Laktofermentation.\n      Laktofermentation und ist eine originelle und gesunde Aufmerksamkeit.\n    <\/p>\n\n    <h3>Inhalt der Box :<\/h3>\n    <ul>\n      <li>1 Glas unserer klassischen Laktofermentationsreihe (170 g)<\/li>\n      <li>1 Glas hausgemachter Senf (130 g)<\/li>\n      <li>1 Glas Salz Qui Pique (40 g)<\/li>\n    <\/ul>\n\n    <h3>Vorschl\u00e4ge zur Nutzung :<\/h3>\n    <ul>\n      <li>Geben Sie Ihren Salaten oder anderen Gerichten eine w\u00fcrzige Note<\/li>\n      <li>Zum Belegen von Sandwiches oder Butterbroten<\/li>\n      <li>Genie\u00dfen Sie unser Gem\u00fcse einfach so, wie es ist, f\u00fcr eine gesunde und leckere Pause.<\/li>\n    <\/ul>\n\n    <!-- Bouton centr\u00e9 -->\n    <div style=\"text-align:center; margin-top:1.2rem;\">\n      <a href=\"https:\/\/fermentierra.com\/de\/?add-to-cart=39960\"\n         style=\"           display:inline-block;           padding:0.7rem 1.5rem;           background:#c75300;           color:white;           font-weight:bold;           border-radius:8px;           text-decoration:none;           font-size:1rem;\">\n        In den Warenkorb legen\n      <\/a>\n    <\/div>\n\n  <\/div><!-- \/product-info -->\n<\/div><!-- \/product-card -->\n\n\n  <!-- Coffret D\u00e9couverte -->\n<div class=\"product-card\">\n  <img decoding=\"async\" src=\"http:\/\/fermentierra.com\/wp-content\/uploads\/2025\/11\/IMG_6268-scaled.jpg\" alt=\"Foto-Entdeckungspaket\" \/>\n\n  <div class=\"product-info\">\n\n    <h2>\n      <a href=\"https:\/\/fermentierra.com\/de\/produit\/coffret-decouverte-selection\/\"\n         style=\"text-decoration:none; color:#1a1a1a;\">\n        Entdeckungspaket\n      <\/a>\n    <\/h2>\n\n    <div class=\"price\">CHF 35.-<\/div>\n\n    <p>\n        Die erweiterte Version des Geschenkkorbs: Dieses Set ist perfekt f\u00fcr eine\n        Gourmet- und inspirierende Einf\u00fchrung. Sie bietet eine gr\u00f6\u00dfere Auswahl an\n        laktofermentierte Spezialit\u00e4ten, um Neugierige und Liebhaber neuer Geschmacksrichtungen zufrieden zu stellen.\n      <\/p>\n      <p>\n        Genau wie der Geschenkkorb verbindet er praktisches Format, gesundheitliche Vorteile\n        und authentischen Geschmack. Zus\u00e4tzlich f\u00fcgt er unseren preisgekr\u00f6nten schwarzen Knoblauch f\u00fcr einen Hauch von Geschmack hinzu.\n        Exotik und Umami.\n      <\/p>\n\n    <h3>Inhalt der Box :<\/h3>\n    <ul>\n      <li>1 Glas unserer klassischen Laktofermentationsreihe (170 g)<\/li>\n      <li>1 Glas hausgemachter Senf (130 g)<\/li>\n      <li>1 Glas Salz Qui Pique (40 g)<\/li>\n      <li>1 P\u00e4ckchen unseres preisgekr\u00f6nten schwarzen Knoblauchs<\/li>\n    <\/ul>\n\n    <h3>Vorschl\u00e4ge zur Nutzung :<\/h3>\n    <ul>\n  <li>Verfremden Sie schwarzen Knoblauch als Delikatesse: eine zartschmelzende, \u00fcberraschende S\u00fc\u00dfe<\/li>\n  <li>Er wird k\u00f6stlich als Kontrapunkt auf einer Aperitifplatte sein<\/li>\n  <li>Probieren Sie es in einem Fudge, einem Brownie oder sogar in selbstgemachter Eiscreme aus<\/li>\n<\/ul>\n\n    <!-- Bouton centr\u00e9 -->\n    <div style=\"text-align:center; margin-top:1.2rem;\">\n      <a href=\"https:\/\/fermentierra.com\/de\/?add-to-cart=39963\"\n         style=\"           display:inline-block;           padding:0.7rem 1.5rem;           background:#c75300;           color:white;           font-weight:bold;           border-radius:8px;           text-decoration:none;           font-size:1rem;\">\n        In den Warenkorb legen\n      <\/a>\n    <\/div>\n\n  <\/div><!-- \/product-info -->\n<\/div><!-- \/product-card -->\n\n\n <!-- Saveurs d\u2019Exception -->\n<div class=\"product-card\">\n  <img decoding=\"async\" src=\"http:\/\/fermentierra.com\/wp-content\/uploads\/2025\/11\/IMG_6300-scaled.jpg\" alt=\"Saveurs d&#039;Exception Foto\" \/>\n\n  <div class=\"product-info\">\n\n    <h2>\n      <a href=\"https:\/\/fermentierra.com\/de\/produit\/saveurs-dexception\/\"\n         style=\"text-decoration:none; color:#1a1a1a;\">\n        Au\u00dfergew\u00f6hnliche Geschmacksrichtungen\n      <\/a>\n    <\/h2>\n\n    <div class=\"price\">CHF 60.-<\/div>\n\n   <p>\n        Dieses Premiumpaket richtet sich an alle, die sich f\u00fcr einen intensiven und vielf\u00e4ltigen Geschmack begeistern.\n        Sie bietet alle Vorteile unserer Entdeckerboxen (praktisches Format,\n        Ern\u00e4hrungsvorteile und authentische Aromen), f\u00fcgt aber mehrere neue Produkte hinzu.\n        Diese Boxen sind mit einigen unverzichtbaren Zutaten ausgestattet, um Ihre kulinarischen Kreationen zu bereichern.\n      <\/p>\n      <p>\n        Neben den Grundprodukten und dem schwarzen Knoblauch finden Sie unsere Sauce\n        \u00abDrachenblut\u00bb, um Ihre Gerichte zu verfeinern, und eine Shoyu-Creme, eine uralte Fermentation nach japanischer Art und eine Umami-Bombe.\n      <\/p>\n\n    <h3>Inhalt der Box :<\/h3>\n    <ul>\n      <li>1 Glas unserer klassischen Laktofermentationsreihe (170 g)<\/li>\n      <li>1 Glas hausgemachter Senf (130 g)<\/li>\n      <li>1 Glas Salz Qui Pique (40 g)<\/li>\n      <li>1 P\u00e4ckchen unseres preisgekr\u00f6nten schwarzen Knoblauchs<\/li>\n      <li>1 Flasche Drachenblut (aromatisch-scharfe Sauce)<\/li>\n      <li>1 Glas Shoyu-Creme<\/li>\n    <\/ul>\n\n    <h3>Vorschl\u00e4ge zur Nutzung :<\/h3>\n    <ul>\n      <li>Die Verwendung von Shoyu-Creme als Marinade ist au\u00dfergew\u00f6hnlich<\/li>\n      <li>Drachenblut wird als W\u00fcrze f\u00fcr Gerichte mit einem intensiven aromatischen Bouquet gesch\u00e4tzt.<\/li>\n      <li>Alle unsere Produkte passen hervorragend zu K\u00e4seplatten <\/li>\n    <\/ul>\n\n    <!-- Bouton centr\u00e9 -->\n    <div style=\"text-align:center; margin-top:1.2rem;\">\n      <a href=\"https:\/\/fermentierra.com\/de\/?add-to-cart=39966\"\n         style=\"           display:inline-block;           padding:0.7rem 1.5rem;           background:#c75300;           color:white;           font-weight:bold;           border-radius:8px;           text-decoration:none;           font-size:1rem;\">\n        In den Warenkorb legen\n      <\/a>\n    <\/div>\n\n  <\/div><!-- \/product-info -->\n<\/div><!-- \/product-card -->","protected":false},"excerpt":{"rendered":"<p>Coffrets Cadeaux Panier&nbsp;Cadeau CHF 22.\u2013 Offrez (ou offrez-vous) un cadeau coup de c\u0153ur qui allie sant\u00e9 et plaisir. Le Panier Cadeau est une introduction gourmande \u00e0 l\u2019univers de la lactofermentation et constitue une attention originale et saine. Contenu de la box : 1 pot de&nbsp;<a class=\"read-more\" href=\"https:\/\/fermentierra.com\/de\/cadeaux-decouvertes\/\">...<\/a><\/p>","protected":false},"author":1,"featured_media":0,"parent":0,"menu_order":0,"comment_status":"closed","ping_status":"closed","template":"","meta":{"_acf_changed":false,"footnotes":""},"class_list":["post-39980","page","type-page","status-publish","hentry"],"acf":[],"aioseo_notices":[],"_links":{"self":[{"href":"https:\/\/fermentierra.com\/de\/wp-json\/wp\/v2\/pages\/39980","targetHints":{"allow":["GET"]}}],"collection":[{"href":"https:\/\/fermentierra.com\/de\/wp-json\/wp\/v2\/pages"}],"about":[{"href":"https:\/\/fermentierra.com\/de\/wp-json\/wp\/v2\/types\/page"}],"author":[{"embeddable":true,"href":"https:\/\/fermentierra.com\/de\/wp-json\/wp\/v2\/users\/1"}],"replies":[{"embeddable":true,"href":"https:\/\/fermentierra.com\/de\/wp-json\/wp\/v2\/comments?post=39980"}],"version-history":[{"count":13,"href":"https:\/\/fermentierra.com\/de\/wp-json\/wp\/v2\/pages\/39980\/revisions"}],"predecessor-version":[{"id":40031,"href":"https:\/\/fermentierra.com\/de\/wp-json\/wp\/v2\/pages\/39980\/revisions\/40031"}],"wp:attachment":[{"href":"https:\/\/fermentierra.com\/de\/wp-json\/wp\/v2\/media?parent=39980"}],"curies":[{"name":"wp","href":"https:\/\/api.w.org\/{rel}","templated":true}]}}