{"id":478,"date":"2019-12-14T16:56:11","date_gmt":"2019-12-14T16:56:11","guid":{"rendered":"https:\/\/fermentierra.com\/?page_id=478"},"modified":"2023-03-10T18:05:07","modified_gmt":"2023-03-10T18:05:07","slug":"terms-and-conditions","status":"publish","type":"page","link":"https:\/\/fermentierra.com\/de\/terms-and-conditions\/","title":{"rendered":"Bedingungen und Konditionen"},"content":{"rendered":"<h2 class=\"wp-block-heading\">\u00dcbersicht<\/h2>\n\n\n\n<p>Diese Website wird von Fermentierra betrieben. Auf der gesamten Website beziehen sich die Begriffe \"wir\", \"uns\" und \"unser\" auf Fermentierra. Fermentierra bietet diese Website, einschlie\u00dflich aller Informationen, Tools und Dienste, die von dieser Website aus f\u00fcr Sie, den Nutzer, zug\u00e4nglich sind, unter der Bedingung an, dass Sie alle hier aufgef\u00fchrten Bedingungen, Konditionen, Richtlinien und Hinweise akzeptieren.<\/p>\n\n\n\n<p>Indem du unsere Seite besuchst und\/oder etwas von uns kaufst, nimmst du an unserem \"Service\" teil und stimmst zu, an die folgenden Bedingungen und Konditionen (\"Terms and Conditions\", \"Terms\") gebunden zu sein, einschlie\u00dflich der zus\u00e4tzlichen Bedingungen und Richtlinien, auf die hier verwiesen wird und\/oder die per Hyperlink verf\u00fcgbar sind. Diese Bedingungen und Konditionen gelten f\u00fcr alle Nutzer der Website, einschlie\u00dflich, aber nicht beschr\u00e4nkt auf Nutzer, die Browser, Verk\u00e4ufer, Kunden, H\u00e4ndler und\/oder Content-Beitragende sind.<\/p>\n\n\n\n<p>Bitte lesen Sie diese Allgemeinen Gesch\u00e4ftsbedingungen sorgf\u00e4ltig durch, bevor Sie auf unsere Website zugreifen oder sie nutzen. Indem du auf einen Teil der Website zugreifst oder ihn nutzt, erkl\u00e4rst du dich mit diesen Bedingungen einverstanden. Wenn Sie nicht mit allen Bedingungen und Konditionen dieser Vereinbarung einverstanden sind, d\u00fcrfen Sie nicht auf die Website zugreifen oder irgendwelche Dienste nutzen. Wenn diese Allgemeinen Gesch\u00e4ftsbedingungen als Angebot betrachtet werden, ist die Annahme ausdr\u00fccklich auf diese Allgemeinen Gesch\u00e4ftsbedingungen beschr\u00e4nkt.<\/p>\n\n\n\n<p>Alle neuen Funktionen oder Tools, die dem aktuellen Store hinzugef\u00fcgt werden, unterliegen ebenfalls den Allgemeinen Gesch\u00e4ftsbedingungen. Sie k\u00f6nnen die aktuellste Version der Allgemeinen Gesch\u00e4ftsbedingungen jederzeit auf dieser Seite einsehen. Wir behalten uns das Recht vor, Teile dieser Nutzungsbedingungen zu aktualisieren, zu \u00e4ndern oder zu ersetzen, indem wir Aktualisierungen und\/oder \u00c4nderungen auf unserer Website ver\u00f6ffentlichen. Es liegt in Ihrer Verantwortung, diese Seite regelm\u00e4\u00dfig auf \u00c4nderungen zu \u00fcberpr\u00fcfen. Ihre fortgesetzte Nutzung der oder Ihr Zugriff auf die Website nach der Ver\u00f6ffentlichung von \u00c4nderungen gilt als Zustimmung zu diesen \u00c4nderungen.<\/p>\n\n\n\n<h2 class=\"wp-block-heading\">Online Store Terms<\/h2>\n\n\n\n<p>Indem Sie diesen Nutzungsbedingungen zustimmen, versichern Sie, dass Sie in Ihrem Wohnsitzstaat oder Ihrer Wohnsitzprovinz mindestens vollj\u00e4hrig sind und uns Ihre Zustimmung erteilt haben, jedem minderj\u00e4hrigen Angeh\u00f6rigen die Nutzung dieser Website zu gestatten.<\/p>\n\n\n\n<p>You may not use our products for any illegal or unauthorized purpose nor may you, in the use of the Service, violate any laws in your jurisdiction (including but not limited to copyright laws).<\/p>\n\n\n\n<p>You must not transmit any worms or viruses or any code of a destructive nature.<\/p>\n\n\n\n<p>Eine Verletzung oder ein Versto\u00df gegen eine der Bedingungen f\u00fchrt zu einer sofortigen Beendigung Ihrer Dienste.<\/p>\n\n\n\n<h2 class=\"wp-block-heading\">Allgemeine Bedingungen<\/h2>\n\n\n\n<p>We reserve the right to refuse service to anyone for any reason at any time.<\/p>\n\n\n\n<p>You understand that your content (not including credit card information), may be transferred unencrypted and involve (a) transmissions over various networks; and (b) changes to conform and adapt to technical requirements of connecting networks or devices. Kreditkarteninformationen werden bei der \u00dcbertragung \u00fcber Netzwerke immer verschl\u00fcsselt.<\/p>\n\n\n\n<p>Du stimmst zu, keinen Teil des Dienstes, die Nutzung des Dienstes, den Zugang zum Dienst oder einen Kontakt auf der Website, \u00fcber die der Dienst angeboten wird, ohne unsere ausdr\u00fcckliche schriftliche Genehmigung zu reproduzieren, zu duplizieren, zu kopieren, zu verkaufen, weiterzuverkaufen oder zu verwerten.<\/p>\n\n\n\n<p>Die in dieser Vereinbarung verwendeten \u00dcberschriften sind nur zur Bequemlichkeit aufgenommen und werden diese Bedingungen nicht einschr\u00e4nken oder anderweitig beeinflussen.<\/p>\n\n\n\n<h2 class=\"wp-block-heading\">Accuracy, Completeness And Timeliness Of Information<\/h2>\n\n\n\n<p>Wir sind nicht verantwortlich, wenn die auf dieser Seite zur Verf\u00fcgung gestellten Informationen nicht genau, vollst\u00e4ndig oder aktuell sind. The material on this site is provided for general information only and should not be reli\u00e9pon or used as the sole basis for making decisions without consulting primary, more accurate, more complete or more timely sources of information. Jeglicher Verlass auf das Material auf dieser Website erfolgt auf Ihr eigenes Risiko.<\/p>\n\n\n\n<p>Diese Seite kann bestimmte historische Informationen enthalten. Historische Informationen sind notwendigerweise nicht aktuell und werden nur zu Ihrer Referenz bereitgestellt. Wir behalten uns das Recht vor, den Inhalt dieser Website jederzeit zu \u00e4ndern, aber wir sind nicht verpflichtet, irgendwelche Informationen auf unserer Website zu aktualisieren. Sie stimmen zu, dass es in Ihrer Verantwortung liegt, \u00c4nderungen auf unserer Seite zu \u00fcberwachen.<\/p>\n\n\n\n<h2 class=\"wp-block-heading\">Modifications To The Service And Prices<\/h2>\n\n\n\n<p>Die Preise f\u00fcr unsere Produkte k\u00f6nnen sich ohne vorherige Ank\u00fcndigung \u00e4ndern.<\/p>\n\n\n\n<p>Wir behalten uns das Recht vor, den Dienst (oder einen Teil oder Inhalt davon) jederzeit ohne vorherige Ank\u00fcndigung zu \u00e4ndern oder einzustellen.<\/p>\n\n\n\n<p>We shall not be liable to you or any third party for any modification, price change, suspension or discontinuity of the Service.<\/p>\n\n\n\n<h2 class=\"wp-block-heading\">Produkte Oder Dienstleistungen<\/h2>\n\n\n\n<p>Bestimmte Produkte oder Dienstleistungen sind m\u00f6glicherweise ausschlie\u00dflich online \u00fcber die Website verf\u00fcgbar. Diese Produkte oder Dienstleistungen k\u00f6nnen in begrenzten Mengen verf\u00fcgbar sein und unterliegen der R\u00fcckgabe oder dem Umtausch nur gem\u00e4\u00df unserer R\u00fcckgaberichtlinien.<\/p>\n\n\n\n<p>Wir haben uns bem\u00fcht, die Farben und Bilder unserer Produkte, die im Gesch\u00e4ft erscheinen, so genau wie m\u00f6glich darzustellen. Wir k\u00f6nnen jedoch nicht garantieren, dass Ihr Computermonitor jede Farbe korrekt anzeigt.<\/p>\n\n\n\n<p>Wir behalten uns das Recht vor, sind aber nicht dazu verpflichtet, den Verkauf unserer Produkte oder Dienstleistungen auf eine Person, eine geografische Region oder eine Gerichtsbarkeit zu beschr\u00e4nken. We may exercise this right on a case-by-case basis. We reserve the right to limit the quantities of any products or services we offer. Alle Produktbeschreibungen oder Produktpreise k\u00f6nnen jederzeit ohne vorherige Ank\u00fcndigung nach unserem alleinigen Ermessen ge\u00e4ndert werden. Wir behalten uns das Recht vor, jedes Produkt zu jeder Zeit einzustellen. Jedes Angebot f\u00fcr ein Produkt oder eine Dienstleistung, das auf dieser Website gemacht wird, ist ung\u00fcltig oder verboten.<\/p>\n\n\n\n<p>We do not warrant that the quality of any products, services, information, or other material purchased or obtained by you will meet your expectations, or that any errors in the Service will be corrected.<\/p>\n\n\n\n<h2 class=\"wp-block-heading\">Accuracy Of Billing And Account Information<\/h2>\n\n\n\n<p>Wir behalten uns das Recht vor, jede Bestellung, die Sie bei uns aufgeben, abzulehnen. We may, in our sole discretion, limit or cancel quantities purchased per person, per household or per order. Diese Beschr\u00e4nkungen k\u00f6nnen auch Auftr\u00e4ge umfassen, die von oder unter demselben Kundenkonto, derselben Kreditkarte und\/oder unter derselben Rechnungs- und\/oder Lieferadresse aufgegeben werden. Falls wir eine Bestellung \u00e4ndern oder stornieren, k\u00f6nnen wir versuchen, Sie \u00fcber die E-Mail-Adresse und\/oder Rechnungsanschrift\/Telefonnummer zu benachrichtigen, die zum Zeitpunkt der Auftragserteilung zur Verf\u00fcgung gestellt wurde. Wir behalten uns das Recht vor, Bestellungen zu begrenzen oder zu verbieten, die nach unserem alleinigen Ermessen von H\u00e4ndlern, Resellern oder Distributoren aufgegeben werden.<\/p>\n\n\n\n<p>Du stimmst zu, aktuelle, vollst\u00e4ndige und korrekte Kauf- und Kontoinformationen f\u00fcr alle in unserem Gesch\u00e4ft get\u00e4tigten K\u00e4ufe bereitzustellen. Sie stimmen zu, Ihr Konto und andere Informationen, einschlie\u00dflich Ihrer E-Mail-Adresse und Kreditkartennummern und Ablaufdaten, unverz\u00fcglich zu aktualisieren, damit wir Ihre Transaktionen abwickeln und Sie bei Bedarf kontaktieren k\u00f6nnen.<\/p>\n\n\n\n<p>For more details, please review our Returns Policy.<\/p>\n\n\n\n<h2 class=\"wp-block-heading\">Optionale Tools<\/h2>\n\n\n\n<p>We may provide you with access to third party tools over which we neither monitor or have any control or input.<\/p>\n\n\n\n<p>You acknowledge and agree that we provide access to such tools \"as is\" and \"as available\" without any warranties, representations or conditions of any kind and without any endorsement. We shall have no liability whatsoever arising from or relating to your use of optional third-party tools.<\/p>\n\n\n\n<p>Any use by you of optional tools offered through the site is entirely at your own risk and discretion and you should ensure that you are familiar with and approve the terms on which tools are provided by the relevant third-party provider(s).<\/p>\n\n\n\n<p>We may also, in the future, offer new services and\/or features through the website (including, the release of new tools and resources). Diese neuen Funktionen und\/oder Dienstleistungen unterliegen ebenfalls diesen Allgemeinen Gesch\u00e4ftsbedingungen.<\/p>\n\n\n\n<h2 class=\"wp-block-heading\">Third-Party Links<\/h2>\n\n\n\n<p>Bestimmte Inhalte, Produkte und Dienstleistungen, die \u00fcber unseren Service verf\u00fcgbar sind, k\u00f6nnen Materialien von Drittparteien enthalten.<\/p>\n\n\n\n<p>Third-party links on this site may direct you to third-party websites that are not affiliated with us. We are not responsible for examining or evaluating the content or accuracy and we do not warrant and will not have any liability or responsibility for any third-party materials or websites, or for any other materials, products, or services of third parties.<\/p>\n\n\n\n<p>Wir sind nicht haftbar f\u00fcr Sch\u00e4den oder Verletzungen im Zusammenhang mit dem Kauf oder der Nutzung von Waren, Dienstleistungen, Ressourcen, Inhalten oder anderen Transaktionen, die in Verbindung mit Websites von Drittanbietern durchgef\u00fchrt wurden. Bitte \u00fcberpr\u00fcfen Sie die Richtlinien und Praktiken der Drittanbieter sorgf\u00e4ltig und vergewissern Sie sich, dass Sie sie verstehen, bevor Sie sich auf eine Transaktion einlassen. Beschwerden, Anspr\u00fcche, Bedenken oder Fragen zu Produkten von Drittanbietern sollten an den Drittanbieter gerichtet werden.<\/p>\n\n\n\n<h2 class=\"wp-block-heading\">User Comments, Feedback And Other Submissions<\/h2>\n\n\n\n<p>Wenn Sie auf unseren Wunsch hin bestimmte Beitr\u00e4ge (z. B. Wettbewerbseintr\u00e4ge) oder ohne Aufforderung durch uns kreative Ideen, Vorschl\u00e4ge, Anregungen, Vorschl\u00e4ge, Pl\u00e4ne oder andere Materialien, sei es online, per E-Mail, per Post oder anderweitig, einreichen (zusammen 'Kommentare'), erkl\u00e4ren Sie sich damit einverstanden, dass wir jederzeit und ohne Einschr\u00e4nkung alle Kommentare, die Sie an uns senden, bearbeiten, kopieren, ver\u00f6ffentlichen, verteilen, \u00fcbersetzen und anderweitig in jedem Medium verwenden d\u00fcrfen. Wir sind und bleiben nicht verpflichtet, (1) Kommentare vertraulich zu behandeln, (2) Entsch\u00e4digungen f\u00fcr Kommentare zu zahlen oder (3) auf Kommentare zu reagieren.<\/p>\n\n\n\n<p>We may, but have no obligation to, monitor, edit or remove content that we determine in our sole discretion are unlawful, offensive, threatening, threatening, libelous, defamatory, pornographic, obscene or otherwise objectable or violates any party's intellectual property or these Terms and Conditions.<\/p>\n\n\n\n<p>You agree that your comments will not violate any rights of any third party, including copyright, trademark, privacy, personality or other personal or proprietary rights. You further agree that your comments will not contain libelous or otherwise unlawful, abuse or obscene material, or contain any computer virus or other malware that could in any way affect the operation of the Service or any related website. You may not use a false e-mail address, pretend to be someone other than yourself, or otherwise mislead us or third-parties as regarding the origin of any comments. Sie sind allein verantwortlich f\u00fcr alle von Ihnen gemachten Kommentare und deren Richtigkeit. Wir \u00fcbernehmen keine Verantwortung und haften nicht f\u00fcr Kommentare, die von Ihnen oder einer dritten Partei gepostet werden.<\/p>\n\n\n\n<h2 class=\"wp-block-heading\">Pers\u00f6nliche Informationen<\/h2>\n\n\n\n<p>Ihre \u00dcbermittlung von pers\u00f6nlichen Informationen \u00fcber den Store unterliegt unserer Datenschutzrichtlinie. To view our Privacy Policy.<\/p>\n\n\n\n<h2 class=\"wp-block-heading\">Errors, Inaccuracies And Omissions (Fehler, Ungenauigkeiten und Unterlassungen)<\/h2>\n\n\n\n<p>Gelegentlich kann es auf unserer Website oder im Service Informationen geben, die typografische Fehler, Ungenauigkeiten oder Auslassungen enthalten, die sich auf Produktbeschreibungen, Preise, Werbeaktionen, Angebote, Produktversandkosten, Versandzeiten und Verf\u00fcgbarkeit beziehen k\u00f6nnen. Wir behalten uns das Recht vor, Fehler, Ungenauigkeiten oder Auslassungen zu korrigieren und Informationen zu \u00e4ndern oder zu aktualisieren oder Bestellungen zu stornieren, wenn Informationen im Service oder auf einer damit verbundenen Website jederzeit ohne vorherige Ank\u00fcndigung (auch nachdem Sie Ihre Bestellung aufgegeben haben) inkorrekt sind.<\/p>\n\n\n\n<p>We undertake no obligation to update, amend or clarify information in the Service or on any related website, including without limitation, pricing information, except as required by law. Kein bestimmtes Aktualisierungs- oder Auffrischungsdatum, das im Dienst oder auf einer damit verbundenen Website angewandt wird, sollte als Hinweis darauf verstanden werden, dass alle Informationen im Dienst oder auf einer damit verbundenen Website ge\u00e4ndert oder aktualisiert wurden.<\/p>\n\n\n\n<h2 class=\"wp-block-heading\">Verbotene Nutzungen<\/h2>\n\n\n\n<p>Zus\u00e4tzlich zu den anderen Verboten, die in den Allgemeinen Gesch\u00e4ftsbedingungen festgelegt sind, ist es Ihnen untersagt, die Website oder ihren Inhalt zu nutzen: (a) f\u00fcr einen rechtswidrigen Zweck; (b) andere zu beauftragen, rechtswidrige Handlungen auszuf\u00fchren oder sich an rechtswidrigen Handlungen zu beteiligen; (c) gegen internationale, bundesstaatliche, provinzielle oder staatliche Vorschriften, Regeln, Gesetze oder lokale Verordnungen zu versto\u00dfen; (d) unsere geistigen Eigentumsrechte oder die geistigen Eigentumsrechte anderer zu untergraben oder zu verletzen; (e) zu bel\u00e4stigen, zu missbrauchen, zu beleidigen, zu bel\u00e4stigen, zu verunglimpfen, zu slammen, zu verschleppen, einzusch\u00fcchtern oder auf der Grundlage von Geschlecht, sexueller Orientierung, Religion, ethnischer Zugeh\u00f6rigkeit, Rasse, Alter, nationaler Herkunft oder Behinderung zu diskriminieren; (f) falsche oder irref\u00fchrende Informationen zu \u00fcbermitteln; (g) Viren oder andere Arten von Schadcode hochzuladen oder zu \u00fcbertragen, die auf eine Weise verwendet werden oder verwendet werden k\u00f6nnen, die die Funktionalit\u00e4t oder den Betrieb des Dienstes oder einer zugeh\u00f6rigen Website, anderer Websites oder des Internets beeintr\u00e4chtigt; (h) die pers\u00f6nlichen Daten anderer zu sammeln oder zu verfolgen; (i) zu spammen, zu phishen, zu pharmieren, zu pretexten, zu spinnen, zu crawlen oder zu scrapen; (j) f\u00fcr jeden obsz\u00f6nen oder unmoralischen Zweck; oder (k) die Sicherheitsmerkmale des Dienstes oder einer zugeh\u00f6rigen Website, anderer Websites oder des Internets zu st\u00f6ren oder zu umgehen. Wir behalten uns das Recht vor, Ihre Nutzung des Dienstes oder einer verwandten Website zu beenden, wenn Sie gegen eine der verbotenen Nutzungen versto\u00dfen.<\/p>\n\n\n\n<h2 class=\"wp-block-heading\">Disclaimer Of Warranties; Limitation Of Liability (Haftungsbeschr\u00e4nkung)<\/h2>\n\n\n\n<p>We do not guarantee, represent or warrant that your use of our service will be uninterrupted, timely, secure or error-free.<\/p>\n\n\n\n<p>We do not warrant that the results that may be obtained from the use of the service will be accurate or reliable.<\/p>\n\n\n\n<p>Sie erkl\u00e4ren sich damit einverstanden, dass wir von Zeit zu Zeit den Dienst f\u00fcr unbestimmte Zeit entfernen oder den Dienst jederzeit ohne Benachrichtigung an Sie einstellen k\u00f6nnen.<\/p>\n\n\n\n<p>You expressly agree that your use of, or inability to use, the service is at your own risk. The service and all products and services delivered to you through the service are (except as expressly stated by us) provided \"as is\" and \"as available\" for your use, without any representation, warranties or conditions of any kind, either express or implied, including all implied warranties or conditions of merchantability, merchantable quality, fitness for a particular purpose, durability, title, and non-infringement.<\/p>\n\n\n\n<p>In no case shall {your company}, our directors, officers, employees, affiliates, agents, contractors, interns, suppliers, service providers or licensors be liable for any injury, loss, claim, any indirect, incidental, punitive, special, or consequential damages of any kind, including without limitation lost profits, lost revenue, lost savings, loss of data, replacement costs, or any similar damages, whether based on contract, tort (including neudgligence), strict liability or otherwise, arising from your use of any of the service or any products procured using the service, or for any other claim related in any way to your use of the service or any product, including, but not limited to, any errors or omissions in any content, or any loss or damage of any kind incurred as a result of the use of the service or any content (or product) posted, transmitted, or otherwise made available via the service, even if advised of the possibility of they are. Because some states or jurisdictions do not allow the exclusion or limitation of liability for consequential or incidental damages, in such states or jurisdictions, our liability shall be limited to the maximum extent permitted by law.<\/p>\n\n\n\n<h2 class=\"wp-block-heading\">Entsch\u00e4digung<\/h2>\n\n\n\n<p>You agree to indemnify, defend and hold harmless Fermentierra and our parent, subsidiaries, affiliates, partners, officers, directors, agents, contractors, licensors, service providers, subcontractors, suppliers, interns and employees, harmless from any claim or demand, including reasonable attorneys' fees, made by any third party due to or out of your breach of this Terms of Conditions or the documents they incorporate by reference, or your violation of any law or the rights of a third party.<\/p>\n\n\n\n<h2 class=\"wp-block-heading\">Severability<\/h2>\n\n\n\n<p>In the event that any provision of these Terms and Conditions is determined to be unlawful, void or unforceable, such provision shall nonetheless be enforceable to the fullest extent permitted by applicable law, and the unforceable portion shall be deemed to be severed from these Terms and Conditions, such determination shall not affect the validity and enforceability of any other remaining provisions.<\/p>\n\n\n\n<h2 class=\"wp-block-heading\">Terminierung<\/h2>\n\n\n\n<p>Die vor dem Beendigungsdatum entstandenen Verpflichtungen und Verbindlichkeiten der Parteien \u00fcberdauern die Beendigung dieses Vertrags f\u00fcr alle Zwecke.<\/p>\n\n\n\n<p>Diese Nutzungsbedingungen sind g\u00fcltig, bis sie von Ihnen oder uns beendet werden. Du kannst diese Nutzungsbedingungen jederzeit k\u00fcndigen, indem du uns mitteilst, dass du unsere Dienste nicht mehr nutzen m\u00f6chtest, oder wenn du unsere Website nicht mehr nutzt.<\/p>\n\n\n\n<p>Wenn Sie in unserem alleinigen Ermessen versagen oder wir vermuten, dass Sie versagt haben, einen Teil oder eine Bestimmung dieser Allgemeinen Gesch\u00e4ftsbedingungen einzuhalten, k\u00f6nnen wir diese Vereinbarung auch jederzeit ohne Benachrichtigung beenden und Sie bleiben f\u00fcr alle Betr\u00e4ge haftbar, die bis zum und einschlie\u00dflich des Beendigungsdatums f\u00e4llig sind; und\/oder die Vereinbarung kann Ihnen den Zugang zu unseren Diensten (oder einem Teil davon) verwehren.<\/p>\n\n\n\n<h2 class=\"wp-block-heading\">Entire Agreement<\/h2>\n\n\n\n<p>The failure of us to exercise or enforce any right or provision of these Terms and Conditions shall not constitute a waiver of such right or provision.<\/p>\n\n\n\n<p>Diese Bedingungen und Konditionen sowie alle von uns auf dieser Website oder in Bezug auf den Service ver\u00f6ffentlichten Richtlinien oder Betriebsregeln stellen die gesamte Vereinbarung und das gesamte Verst\u00e4ndnis zwischen Ihnen und uns dar und regeln Ihre Nutzung des Service, wobei sie alle vorherigen oder zeitgleichen Vereinbarungen, Kommunikationen und Vorschl\u00e4ge, ob m\u00fcndlich oder schriftlich, zwischen Ihnen und uns \u00fcberlagern (einschlie\u00dflich, aber nicht beschr\u00e4nkt auf vorherige Versionen der Bedingungen und Konditionen).<\/p>\n\n\n\n<p>Any ambiguities in the interpretation of these Terms and Conditions shall not be construed against the drafting party.<\/p>\n\n\n\n<h2 class=\"wp-block-heading\">Governing Law<\/h2>\n\n\n\n<p>Diese Gesch\u00e4ftsbedingungen und alle separaten Vereinbarungen, mit denen wir Ihnen Dienste zur Verf\u00fcgung stellen, unterliegen den Gesetzen von {your address} und werden nach diesen Gesetzen gebaut.<\/p>\n\n\n\n<h2 class=\"wp-block-heading\">Changes To Terms and Conditions<\/h2>\n\n\n\n<p>Sie k\u00f6nnen die aktuellste Version der Allgemeinen Gesch\u00e4ftsbedingungen jederzeit auf dieser Seite \u00fcberpr\u00fcfen.<\/p>\n\n\n\n<p>Wir behalten uns das Recht vor, nach unserem alleinigen Ermessen Teile dieser Nutzungsbedingungen zu aktualisieren, zu \u00e4ndern oder zu ersetzen, indem wir Aktualisierungen und \u00c4nderungen auf unserer Website ver\u00f6ffentlichen. Es liegt in Ihrer Verantwortung, unsere Website regelm\u00e4\u00dfig auf \u00c4nderungen zu \u00fcberpr\u00fcfen. Ihre fortgesetzte Nutzung oder Ihr Zugriff auf unsere Website oder den Service nach der Ver\u00f6ffentlichung von \u00c4nderungen an diesen Bedingungen stellt Ihre Zustimmung zu diesen \u00c4nderungen dar.<\/p>\n\n\n\n<h2 class=\"wp-block-heading\">Kontakt Informationen<\/h2>\n\n\n\n<p>Fragen zu den Allgemeinen Gesch\u00e4ftsbedingungen sollten an uns unter art.en.pot@gmail.com gerichtet werden.<\/p>","protected":false},"excerpt":{"rendered":"<p>Overview This website is operated by Fermentierra. Throughout the site, the terms \u201cwe\u201d, \u201cus\u201d and \u201cour\u201d refer to Fermentierra. Fermentierra offers this website, including all information, tools and services available from this site to you, the user, conditioned upon your acceptance of all terms, conditions,&nbsp;<a class=\"read-more\" href=\"https:\/\/fermentierra.com\/de\/terms-and-conditions\/\">...<\/a><\/p>","protected":false},"author":1,"featured_media":0,"parent":0,"menu_order":0,"comment_status":"closed","ping_status":"closed","template":"","meta":{"_acf_changed":false,"footnotes":""},"class_list":["post-478","page","type-page","status-publish","hentry"],"acf":[],"aioseo_notices":[],"_links":{"self":[{"href":"https:\/\/fermentierra.com\/de\/wp-json\/wp\/v2\/pages\/478","targetHints":{"allow":["GET"]}}],"collection":[{"href":"https:\/\/fermentierra.com\/de\/wp-json\/wp\/v2\/pages"}],"about":[{"href":"https:\/\/fermentierra.com\/de\/wp-json\/wp\/v2\/types\/page"}],"author":[{"embeddable":true,"href":"https:\/\/fermentierra.com\/de\/wp-json\/wp\/v2\/users\/1"}],"replies":[{"embeddable":true,"href":"https:\/\/fermentierra.com\/de\/wp-json\/wp\/v2\/comments?post=478"}],"version-history":[{"count":0,"href":"https:\/\/fermentierra.com\/de\/wp-json\/wp\/v2\/pages\/478\/revisions"}],"wp:attachment":[{"href":"https:\/\/fermentierra.com\/de\/wp-json\/wp\/v2\/media?parent=478"}],"curies":[{"name":"wp","href":"https:\/\/api.w.org\/{rel}","templated":true}]}}