{"id":12239,"date":"2021-02-18T19:03:39","date_gmt":"2021-02-18T19:03:39","guid":{"rendered":"https:\/\/fermentierra.com\/?post_type=product&#038;p=12239"},"modified":"2026-03-12T12:51:29","modified_gmt":"2026-03-12T12:51:29","slug":"choucroute-balkanique","status":"publish","type":"product","link":"https:\/\/fermentierra.com\/de\/produit\/choucroute-balkanique\/","title":{"rendered":"Balkansauerkraut"},"content":{"rendered":"<p>Sauerkraut aus laktofermentiertem Biogem\u00fcse aus der Schweiz.<\/p>\n<p>Zutaten: Kohl, Fenchel, Wei\u00dfe Beete, Karotte, Steckr\u00fcbe, Sellerie, Paprika s\u00fc\u00df &amp; scharf, Chili s\u00fc\u00df, Gew\u00fcrze, Gu\u00e9rande-Salz.<\/p>\n<p>330 g<\/p>","protected":false},"excerpt":{"rendered":"<p>Unser Balkan-Sauerkraut ist eine Delikatesse f\u00fcr feine Paletten.  Eine erfrischende Mischung aus Bio-Kohl und Fenchel, nat\u00fcrlich aus der Schweiz.  Dieses etwas pikante Sauerkraut ist eine Anspielung auf die L\u00e4nder im Osten, wo die Tradition des laktofermentierten Gem\u00fcses noch im Alltag der Familien verankert ist.  Es passt gut zu einem Linsengericht, zu rotem Fleisch oder zu einer R\u00f6sti.<\/p>\n<p>330 g<\/p>","protected":false},"featured_media":34611,"comment_status":"open","ping_status":"closed","template":"","meta":{"_acf_changed":false},"product_brand":[145],"product_cat":[35,90],"product_tag":[],"class_list":{"0":"post-12239","1":"product","2":"type-product","3":"status-publish","4":"has-post-thumbnail","6":"product_brand-gamme-classic","7":"product_cat-salade","8":"product_cat-salades","10":"first","11":"outofstock","12":"taxable","13":"shipping-taxable","14":"purchasable","15":"product-type-simple"},"acf":[],"aioseo_notices":[],"_links":{"self":[{"href":"https:\/\/fermentierra.com\/de\/wp-json\/wp\/v2\/product\/12239","targetHints":{"allow":["GET"]}}],"collection":[{"href":"https:\/\/fermentierra.com\/de\/wp-json\/wp\/v2\/product"}],"about":[{"href":"https:\/\/fermentierra.com\/de\/wp-json\/wp\/v2\/types\/product"}],"replies":[{"embeddable":true,"href":"https:\/\/fermentierra.com\/de\/wp-json\/wp\/v2\/comments?post=12239"}],"wp:featuredmedia":[{"embeddable":true,"href":"https:\/\/fermentierra.com\/de\/wp-json\/wp\/v2\/media\/34611"}],"wp:attachment":[{"href":"https:\/\/fermentierra.com\/de\/wp-json\/wp\/v2\/media?parent=12239"}],"wp:term":[{"taxonomy":"product_brand","embeddable":true,"href":"https:\/\/fermentierra.com\/de\/wp-json\/wp\/v2\/product_brand?post=12239"},{"taxonomy":"product_cat","embeddable":true,"href":"https:\/\/fermentierra.com\/de\/wp-json\/wp\/v2\/product_cat?post=12239"},{"taxonomy":"product_tag","embeddable":true,"href":"https:\/\/fermentierra.com\/de\/wp-json\/wp\/v2\/product_tag?post=12239"}],"curies":[{"name":"wp","href":"https:\/\/api.w.org\/{rel}","templated":true}]}}