{"id":34723,"date":"2022-01-11T08:45:51","date_gmt":"2022-01-11T08:45:51","guid":{"rendered":"https:\/\/fermentierra.com\/?post_type=product&#038;p=34723"},"modified":"2026-01-15T08:14:10","modified_gmt":"2026-01-15T08:14:10","slug":"hot-sauce-sang-de-dragon","status":"publish","type":"product","link":"https:\/\/fermentierra.com\/de\/produit\/hot-sauce-sang-de-dragon\/","title":{"rendered":"Dragon Blut"},"content":{"rendered":"<p>Eine sehr aromatische, laktofermentierte scharfe So\u00dfe mit einer Sch\u00e4rfe, die Ihre Nase zum Laufen bringen k\u00f6nnte.<\/p>\n<p>Sie kann problemlos mehrere Monate lang im Regal aufbewahrt werden.  \u00dcberpr\u00fcfen Sie ab und zu, ob die Flasche nachg\u00e4rt, wenn Sie sie nicht sofort \u00f6ffnen.  Lassen Sie die Flasche eine halbe Stunde offen stehen, wenn sie noch g\u00e4rt.<\/p>\n<p>Alle Zutaten sind biologisch.<\/p>\n<p>Zutaten: Saft von <a href=\"https:\/\/qb233zbtdie.preview.infomaniak.website\/produit\/legumes-lactofermentes-bloody-kraut\/\">Bloody Kraut<\/a>Bio-Ingwer, reiner Bio-Ingwersaft, Bio-Zitronensaft, <a href=\"https:\/\/qb233zbtdie.preview.infomaniak.website\/produit\/ail-ail-ail\/\">eingelegter Bio-Knoblauch<\/a> (CH), frischer Habanero-Chili bio (CH), Vogelzungen-Chili bio, Cayenne-Pfeffer bio, Gu\u00e9rande-Salz, Gew\u00fcrze.<\/p>","protected":false},"excerpt":{"rendered":"<p>Eine rohe, laktofermentierte scharfe Sauce.  Stark kann sie Ihre Nase zum Laufen bringen, aber ihr aromatisches Bouquet ist einfach bet\u00f6rend.  Auf diese Weise w\u00fcrde ich intuitiv sagen, dass sie zwischen 50000 und 100000 auf der Scoville-Skala liegt, nicht zu scharf, aber dennoch auf einer Messerspitze zu testen, bevor man zum Flaschenhals greift.<\/p>\n<p>Wir haben lange gebraucht, um den Drachen zu finden, aber wir sind nicht entt\u00e4uscht von dem epischen Abenteuer, das uns dorthin gef\u00fchrt hat.<\/p>","protected":false},"featured_media":34708,"comment_status":"open","ping_status":"closed","template":"","meta":{"_acf_changed":false},"product_brand":[],"product_cat":[89,88],"product_tag":[],"class_list":{"0":"post-34723","1":"product","2":"type-product","3":"status-publish","4":"has-post-thumbnail","6":"product_cat-condiments-2","7":"product_cat-condiment","9":"first","10":"outofstock","11":"taxable","12":"shipping-taxable","13":"purchasable","14":"product-type-simple"},"acf":[],"aioseo_notices":[],"_links":{"self":[{"href":"https:\/\/fermentierra.com\/de\/wp-json\/wp\/v2\/product\/34723","targetHints":{"allow":["GET"]}}],"collection":[{"href":"https:\/\/fermentierra.com\/de\/wp-json\/wp\/v2\/product"}],"about":[{"href":"https:\/\/fermentierra.com\/de\/wp-json\/wp\/v2\/types\/product"}],"replies":[{"embeddable":true,"href":"https:\/\/fermentierra.com\/de\/wp-json\/wp\/v2\/comments?post=34723"}],"wp:featuredmedia":[{"embeddable":true,"href":"https:\/\/fermentierra.com\/de\/wp-json\/wp\/v2\/media\/34708"}],"wp:attachment":[{"href":"https:\/\/fermentierra.com\/de\/wp-json\/wp\/v2\/media?parent=34723"}],"wp:term":[{"taxonomy":"product_brand","embeddable":true,"href":"https:\/\/fermentierra.com\/de\/wp-json\/wp\/v2\/product_brand?post=34723"},{"taxonomy":"product_cat","embeddable":true,"href":"https:\/\/fermentierra.com\/de\/wp-json\/wp\/v2\/product_cat?post=34723"},{"taxonomy":"product_tag","embeddable":true,"href":"https:\/\/fermentierra.com\/de\/wp-json\/wp\/v2\/product_tag?post=34723"}],"curies":[{"name":"wp","href":"https:\/\/api.w.org\/{rel}","templated":true}]}}