{"id":35033,"date":"2022-11-24T16:08:11","date_gmt":"2022-11-24T16:08:11","guid":{"rendered":"https:\/\/www.fermentierra.com\/produit\/sel-qui-pique\/"},"modified":"2025-12-09T07:46:04","modified_gmt":"2025-12-09T07:46:04","slug":"sel-qui-pique","status":"publish","type":"product","link":"https:\/\/fermentierra.com\/de\/produit\/sel-qui-pique\/","title":{"rendered":"Salz, das sticht!"},"content":{"rendered":"<p>Ein ausgezeichnetes Gew\u00fcrz, scharf und fruchtig! Wir haben die gleichen Gew\u00fcrze wie f\u00fcr unser Master Tonic verwendet, die wir dehydriert haben. Meerrettich, Chili, Ingwer, Kurkuma, Zwiebeln und Zitrone, ich w\u00fcrde auf Spanisch sagen: excelente!<\/p>\n<p>40g<\/p>","protected":false},"excerpt":{"rendered":"<p>Ein ausgezeichnetes Gew\u00fcrz, scharf und fruchtig! Wir haben die gleichen Gew\u00fcrze wie f\u00fcr unser Master Tonic verwendet, die wir dehydriert haben. Meerrettich, Chili, Ingwer, Kurkuma, Zwiebeln und Zitrone, ich w\u00fcrde auf Spanisch sagen: excelente! 40g<\/p>","protected":false},"featured_media":35032,"comment_status":"open","ping_status":"closed","template":"","meta":{"_acf_changed":false},"product_brand":[],"product_cat":[87,89],"product_tag":[],"class_list":{"0":"post-35033","1":"product","2":"type-product","3":"status-publish","4":"has-post-thumbnail","6":"product_cat-sels-aromatises","7":"product_cat-condiments-2","9":"first","10":"outofstock","11":"taxable","12":"shipping-taxable","13":"purchasable","14":"product-type-simple"},"acf":[],"aioseo_notices":[],"_links":{"self":[{"href":"https:\/\/fermentierra.com\/de\/wp-json\/wp\/v2\/product\/35033","targetHints":{"allow":["GET"]}}],"collection":[{"href":"https:\/\/fermentierra.com\/de\/wp-json\/wp\/v2\/product"}],"about":[{"href":"https:\/\/fermentierra.com\/de\/wp-json\/wp\/v2\/types\/product"}],"replies":[{"embeddable":true,"href":"https:\/\/fermentierra.com\/de\/wp-json\/wp\/v2\/comments?post=35033"}],"wp:featuredmedia":[{"embeddable":true,"href":"https:\/\/fermentierra.com\/de\/wp-json\/wp\/v2\/media\/35032"}],"wp:attachment":[{"href":"https:\/\/fermentierra.com\/de\/wp-json\/wp\/v2\/media?parent=35033"}],"wp:term":[{"taxonomy":"product_brand","embeddable":true,"href":"https:\/\/fermentierra.com\/de\/wp-json\/wp\/v2\/product_brand?post=35033"},{"taxonomy":"product_cat","embeddable":true,"href":"https:\/\/fermentierra.com\/de\/wp-json\/wp\/v2\/product_cat?post=35033"},{"taxonomy":"product_tag","embeddable":true,"href":"https:\/\/fermentierra.com\/de\/wp-json\/wp\/v2\/product_tag?post=35033"}],"curies":[{"name":"wp","href":"https:\/\/api.w.org\/{rel}","templated":true}]}}