{"id":35083,"date":"2022-11-28T20:32:23","date_gmt":"2022-11-28T20:32:23","guid":{"rendered":"http:\/\/www.fermentierra.com\/?post_type=product&#038;p=35083"},"modified":"2025-11-10T18:13:38","modified_gmt":"2025-11-10T18:13:38","slug":"ail-noir","status":"publish","type":"product","link":"https:\/\/fermentierra.com\/de\/produit\/ail-noir\/","title":{"rendered":"Schwarzer Knoblauch"},"content":{"rendered":"<p>Verpackung: Beutel mit ca. 100 g Nettogewicht oder lose.<\/p>\n<p>Schwarzer Knoblauch ist eine ziemlich ungew\u00f6hnliche Spezialit\u00e4t.  Durch eine langsame Reifung im Ofen wird die Fruktose, die nat\u00fcrlicherweise im frischen Knoblauch vorkommt, verfeinert.  Dabei findet ein komplexer enzymatischer Prozess statt, der auch eine Fermentation beinhaltet.<\/p>\n<p>Der Geschmack ist erstaunlich, je nach Cuv\u00e9e immer ein wenig anders, ebenso wie die Textur.  Sie werden einen Geschmack vorfinden, der Noten von Fruchtpaste, Lakritze und Kastanie vereint.<\/p>\n<p>Knoblauch ist zun\u00e4chst sehr zart schmelzend, wird aber nach und nach austrocknen, wenn er an der Luft aufbewahrt wird.  So kann er die Konsistenz eines Gummib\u00e4rchens erreichen.<\/p>\n<p>Wir arbeiten mit Schweizer Bio-Knoblauch und sind mit der Qualit\u00e4t unseres Produkts sehr zufrieden.<\/p>","protected":false},"excerpt":{"rendered":"<p>Verpackung: Beutel mit 100 g netto oder lose.<\/p>\n<p>Schwarzer Knoblauch ist eine ziemlich ungew\u00f6hnliche Spezialit\u00e4t.  Durch eine langsame Reifung im Ofen wird die Fruktose, die nat\u00fcrlicherweise im frischen Knoblauch vorkommt, verfeinert.  Dabei findet ein komplexer enzymatischer Prozess statt, der auch eine Fermentation beinhaltet.<\/p>\n<p>Der Geschmack ist erstaunlich, je nach Cuv\u00e9e immer ein wenig anders, ebenso wie die Textur.  Sie werden einen Geschmack vorfinden, der Noten von Fruchtpaste, Lakritze und Kastanie vereint.<\/p>\n<p>Knoblauch ist zun\u00e4chst sehr zart schmelzend, wird aber nach und nach austrocknen, wenn er an der Luft aufbewahrt wird.  So kann er die Konsistenz eines Gummib\u00e4rchens erreichen.<\/p>\n<p>Wir arbeiten mit Schweizer Bio-Knoblauch und sind mit der Qualit\u00e4t unseres Produkts sehr zufrieden.<\/p>","protected":false},"featured_media":39678,"comment_status":"open","ping_status":"closed","template":"","meta":{"_acf_changed":false},"product_brand":[],"product_cat":[38,89],"product_tag":[],"class_list":{"0":"post-35083","1":"product","2":"type-product","3":"status-publish","4":"has-post-thumbnail","6":"product_cat-condiments","7":"product_cat-condiments-2","9":"first","10":"instock","11":"taxable","12":"shipping-taxable","13":"purchasable","14":"product-type-variable"},"acf":[],"aioseo_notices":[],"_links":{"self":[{"href":"https:\/\/fermentierra.com\/de\/wp-json\/wp\/v2\/product\/35083","targetHints":{"allow":["GET"]}}],"collection":[{"href":"https:\/\/fermentierra.com\/de\/wp-json\/wp\/v2\/product"}],"about":[{"href":"https:\/\/fermentierra.com\/de\/wp-json\/wp\/v2\/types\/product"}],"replies":[{"embeddable":true,"href":"https:\/\/fermentierra.com\/de\/wp-json\/wp\/v2\/comments?post=35083"}],"wp:featuredmedia":[{"embeddable":true,"href":"https:\/\/fermentierra.com\/de\/wp-json\/wp\/v2\/media\/39678"}],"wp:attachment":[{"href":"https:\/\/fermentierra.com\/de\/wp-json\/wp\/v2\/media?parent=35083"}],"wp:term":[{"taxonomy":"product_brand","embeddable":true,"href":"https:\/\/fermentierra.com\/de\/wp-json\/wp\/v2\/product_brand?post=35083"},{"taxonomy":"product_cat","embeddable":true,"href":"https:\/\/fermentierra.com\/de\/wp-json\/wp\/v2\/product_cat?post=35083"},{"taxonomy":"product_tag","embeddable":true,"href":"https:\/\/fermentierra.com\/de\/wp-json\/wp\/v2\/product_tag?post=35083"}],"curies":[{"name":"wp","href":"https:\/\/api.w.org\/{rel}","templated":true}]}}