{"id":37919,"date":"2024-09-22T07:05:49","date_gmt":"2024-09-22T07:05:49","guid":{"rendered":"https:\/\/www.fermentierra.com\/?post_type=product&#038;p=37919"},"modified":"2026-03-17T10:28:10","modified_gmt":"2026-03-17T10:28:10","slug":"moutarde-a-la-spiruline","status":"publish","type":"product","link":"https:\/\/fermentierra.com\/de\/produit\/moutarde-a-la-spiruline\/","title":{"rendered":"Senf mit Spirulina"},"content":{"rendered":"<p>Eine weitere Farbe in unserem Regenbogen der K\u00f6stlichkeiten.   Hier ist der Spirulina-Senf, auf einer Basis von gelben Senfk\u00f6rnern, Spirulina bringt das gewisse Etwas an N\u00e4hrstoffen und einen sehr interessanten Geschmack mit sich.<\/p>\n<p>Comme toutes nos moutardes bio, les graines ont tout d\u2019abord \u00e9t\u00e9 ferment\u00e9es dans les saumures des l\u00e9gumes, ce qui offre un go\u00fbt tr\u00e8s \u00ab\u00a0nouveau\u00a0\u00bb par rapport aux moutardes dites \u00ab\u00a0classiques\u00a0\u00bb.\u00a0 Plus de finesse et d\u2019onctuosit\u00e9 sont les termes qui d\u00e9marquent nos excellentes moutardes et notre savoir faire original.<\/p>\n<p>\u00a0<\/p>\n<p>130g<\/p>","protected":false},"excerpt":{"rendered":"<p>Eine weitere Farbe in unserem Regenbogen der K\u00f6stlichkeiten.   Hier ist der Spirulina-Senf, auf einer Basis von gelben Senfk\u00f6rnern, Spirulina bringt das gewisse Etwas an N\u00e4hrstoffen und einen sehr interessanten Geschmack mit sich.<\/p>\n<p>Wie bei allen unseren Bio-Senfsorten wurden die Samen zun\u00e4chst in den Salzlaken des Gem\u00fcses fermentiert, was einen sehr \u00abneuen\u00bb Geschmack im Vergleich zu den sogenannten \u00abklassischen\u00bb Senfsorten bietet.  Mehr Feinheit und Cremigkeit sind die Begriffe, die unsere ausgezeichneten Senfsorten und unser originelles Know-how auszeichnen.<\/p>\n<p>&nbsp;<\/p>\n<p>130g<\/p>","protected":false},"featured_media":39657,"comment_status":"open","ping_status":"closed","template":"","meta":{"_acf_changed":false},"product_brand":[146],"product_cat":[38,89,86],"product_tag":[],"class_list":{"0":"post-37919","1":"product","2":"type-product","3":"status-publish","4":"has-post-thumbnail","6":"product_brand-fermentierra-mustard","7":"product_cat-condiments","8":"product_cat-condiments-2","9":"product_cat-paniers-garnis","11":"first","12":"outofstock","13":"taxable","14":"shipping-taxable","15":"purchasable","16":"product-type-simple"},"acf":[],"aioseo_notices":[],"_links":{"self":[{"href":"https:\/\/fermentierra.com\/de\/wp-json\/wp\/v2\/product\/37919","targetHints":{"allow":["GET"]}}],"collection":[{"href":"https:\/\/fermentierra.com\/de\/wp-json\/wp\/v2\/product"}],"about":[{"href":"https:\/\/fermentierra.com\/de\/wp-json\/wp\/v2\/types\/product"}],"replies":[{"embeddable":true,"href":"https:\/\/fermentierra.com\/de\/wp-json\/wp\/v2\/comments?post=37919"}],"wp:featuredmedia":[{"embeddable":true,"href":"https:\/\/fermentierra.com\/de\/wp-json\/wp\/v2\/media\/39657"}],"wp:attachment":[{"href":"https:\/\/fermentierra.com\/de\/wp-json\/wp\/v2\/media?parent=37919"}],"wp:term":[{"taxonomy":"product_brand","embeddable":true,"href":"https:\/\/fermentierra.com\/de\/wp-json\/wp\/v2\/product_brand?post=37919"},{"taxonomy":"product_cat","embeddable":true,"href":"https:\/\/fermentierra.com\/de\/wp-json\/wp\/v2\/product_cat?post=37919"},{"taxonomy":"product_tag","embeddable":true,"href":"https:\/\/fermentierra.com\/de\/wp-json\/wp\/v2\/product_tag?post=37919"}],"curies":[{"name":"wp","href":"https:\/\/api.w.org\/{rel}","templated":true}]}}