{"id":37999,"date":"2024-10-06T09:16:50","date_gmt":"2024-10-06T09:16:50","guid":{"rendered":"https:\/\/www.fermentierra.com\/?post_type=product&#038;p=37999"},"modified":"2026-01-15T08:13:20","modified_gmt":"2026-01-15T08:13:20","slug":"shiro-miso","status":"publish","type":"product","link":"https:\/\/fermentierra.com\/de\/produit\/shiro-miso\/","title":{"rendered":"Shiro Miso"},"content":{"rendered":"<p>Eine aussergew\u00f6hnliche Cuv\u00e9e, unser erstes weisses Bio-Miso.  Die Reise durch die Fermentation von Gem\u00fcse f\u00fchrt auf nat\u00fcrliche Weise zu komplexeren Prozessen. Leidenschaft und Neugierde sind die Tr\u00e4ger der Entdeckung.<\/p>\n<p>Hier erm\u00f6glicht der Anbau des winzigen Pilzes Asperillus Oryzae auf einem Getreide, dem Reis, die Umwandlung von St\u00e4rke in Einfachzucker, die Konzentration verschiedener Enzyme und die M\u00f6glichkeit, diese auf verschiedene Weise zu nutzen.  Die traditionelle Methode ist die Beimischung von Soja, einer proteinreichen H\u00fclsenfrucht.  Durch die Zugabe von Salz in diese Mischung wird ein Milieu geschaffen, in dem Proteaseenzyme diese Proteine umwandeln und sie f\u00fcr unseren K\u00f6rper hochverdaulich machen.  Parallel zu dieser langsamen Ver\u00e4nderung laufen auch die Milchs\u00e4ure- und Alkoholg\u00e4rung ab, die der Masse ihre einzigartigen organoleptischen Eigenschaften verleihen, eine Bombe von Umami, dem Geschmack, der den Appetit anregt.<\/p>\n<p>Shiro Miso wird etwa 6-8 Monate lang fermentiert, je nachdem, wie hoch der Sojaanteil in der Mischung ist.  Je h\u00f6her der Proteingehalt, desto l\u00e4nger dauert die Fermentation und desto dunkler oder sogar schwarzer wird das Miso.  Shiro Miso hat einen milderen, s\u00fcsseren Geschmack, eine breitere Komplexit\u00e4t im Mund und ist weniger salzig.  Es kann fast an ein gesalzenes Butterkaramell erinnern.  Es ist wirklich erstaunlich, ausgezeichnet f\u00fcr die Gesundheit und ein Appetitanreger mehr zu unserem fermentierten Sortiment.<\/p>\n<p>A utiliser de diverses mani\u00e8res:\u00a0 Dans un bouillon apr\u00e8s cuisson, sur un toast avec nos l\u00e9gumes ferment\u00e9s, un beurre au miso&#8230; l&rsquo;infini est \u00e0 vous!\u00a0 Testez tout!<\/p>\n<p>Zutaten: Reis, Soja, Salz, Asperillus oryzae<\/p>\n<p>220 g.<\/p>\n<p>&nbsp;<\/p>\n<p>CH-BIO-006<\/p>","protected":false},"excerpt":{"rendered":"<p>Eine aussergew\u00f6hnliche Cuv\u00e9e, unser erstes weisses Bio-Miso.  Die Reise durch die Fermentation von Gem\u00fcse f\u00fchrt auf nat\u00fcrliche Weise zu komplexeren Prozessen. Leidenschaft und Neugierde sind die Tr\u00e4ger der Entdeckung.<\/p>\n<p>Hier erm\u00f6glicht der Anbau des winzigen Pilzes Asperillus Oryzae auf einem Getreide, dem Reis, die Umwandlung von St\u00e4rke in Einfachzucker, die Konzentration verschiedener Enzyme und die M\u00f6glichkeit, diese auf verschiedene Weise zu nutzen.  Die traditionelle Methode ist die Beimischung von Soja, einer proteinreichen H\u00fclsenfrucht.  Durch die Zugabe von Salz in diese Mischung wird ein Milieu geschaffen, in dem Proteaseenzyme diese Proteine umwandeln und sie f\u00fcr unseren K\u00f6rper hochverdaulich machen.  Parallel zu dieser langsamen Ver\u00e4nderung laufen auch die Milchs\u00e4ure- und Alkoholg\u00e4rung ab, die der Masse ihre einzigartigen organoleptischen Eigenschaften verleihen, eine Bombe von Umami, dem Geschmack, der den Appetit anregt.<\/p>\n<p>Shiro Miso wird etwa 6-8 Monate lang fermentiert, je nachdem, wie hoch der Sojaanteil in der Mischung ist.  Je h\u00f6her der Proteingehalt, desto l\u00e4nger dauert die Fermentation und desto dunkler oder sogar schwarzer wird das Miso.  Shiro Miso hat einen milderen, s\u00fcsseren Geschmack, eine breitere Komplexit\u00e4t im Mund und ist weniger salzig.  Es kann fast an ein gesalzenes Butterkaramell erinnern.  Es ist wirklich erstaunlich, ausgezeichnet f\u00fcr die Gesundheit und ein Appetitanreger mehr zu unserem fermentierten Sortiment.<\/p>\n<p>A utiliser de diverses mani\u00e8res:\u00a0 Dans un bouillon apr\u00e8s cuisson, sur un toast avec nos l\u00e9gumes ferment\u00e9s, un beurre au miso&#8230; l&rsquo;infini est \u00e0 vous!\u00a0 Testez tout!<\/p>\n<p>Zutaten: Reis, Soja, Salz, Asperillus oryzae<\/p>\n<p>220g<\/p>\n<p>&nbsp;<\/p>\n<p>CH-BIO-006<\/p>","protected":false},"featured_media":38185,"comment_status":"open","ping_status":"closed","template":"","meta":{"_acf_changed":false},"product_brand":[],"product_cat":[15],"product_tag":[],"class_list":{"0":"post-37999","1":"product","2":"type-product","3":"status-publish","4":"has-post-thumbnail","6":"product_cat-uncategorized","8":"first","9":"outofstock","10":"taxable","11":"shipping-taxable","12":"purchasable","13":"product-type-simple"},"acf":[],"aioseo_notices":[],"_links":{"self":[{"href":"https:\/\/fermentierra.com\/de\/wp-json\/wp\/v2\/product\/37999","targetHints":{"allow":["GET"]}}],"collection":[{"href":"https:\/\/fermentierra.com\/de\/wp-json\/wp\/v2\/product"}],"about":[{"href":"https:\/\/fermentierra.com\/de\/wp-json\/wp\/v2\/types\/product"}],"replies":[{"embeddable":true,"href":"https:\/\/fermentierra.com\/de\/wp-json\/wp\/v2\/comments?post=37999"}],"wp:featuredmedia":[{"embeddable":true,"href":"https:\/\/fermentierra.com\/de\/wp-json\/wp\/v2\/media\/38185"}],"wp:attachment":[{"href":"https:\/\/fermentierra.com\/de\/wp-json\/wp\/v2\/media?parent=37999"}],"wp:term":[{"taxonomy":"product_brand","embeddable":true,"href":"https:\/\/fermentierra.com\/de\/wp-json\/wp\/v2\/product_brand?post=37999"},{"taxonomy":"product_cat","embeddable":true,"href":"https:\/\/fermentierra.com\/de\/wp-json\/wp\/v2\/product_cat?post=37999"},{"taxonomy":"product_tag","embeddable":true,"href":"https:\/\/fermentierra.com\/de\/wp-json\/wp\/v2\/product_tag?post=37999"}],"curies":[{"name":"wp","href":"https:\/\/api.w.org\/{rel}","templated":true}]}}