{"id":38123,"date":"2024-11-14T18:10:29","date_gmt":"2024-11-14T18:10:29","guid":{"rendered":"https:\/\/www.fermentierra.com\/?post_type=product&#038;p=38123"},"modified":"2026-03-30T12:55:15","modified_gmt":"2026-03-30T12:55:15","slug":"caviar-daubergine","status":"publish","type":"product","link":"https:\/\/fermentierra.com\/de\/produit\/caviar-daubergine\/","title":{"rendered":"Auberginenkaviar"},"content":{"rendered":"<p>Um diesen Auberginenkaviar zu genie\u00dfen und seinen ganzen Reichtum freizusetzen, sollten Sie einen gro\u00dfz\u00fcgigen Schuss Oliven\u00f6l hinzuf\u00fcgen.  Auf diese Weise wird die nat\u00fcrliche S\u00e4ure der Fermentation ausgeglichen und die Zubereitung mit rohen Auberginen zauberhaft.  Ein Hauch von Tahini (Sesamp\u00fcree) k\u00f6nnte dem Gericht zus\u00e4tzliche Tiefe verleihen, und es schmeckt hervorragend auf Toast, mit Hummus oder als Beilage zu Sardinen.<\/p>\n<p>Zutaten: Auberginen Bio, Knoblauch Bio, Salz, ger\u00e4ucherte Paprika Bio, K\u00fcmmel Bio, Gew\u00fcrze Bio<\/p>\n<p>170 Gramm<\/p>","protected":false},"excerpt":{"rendered":"<p>Durch die lange Fermentation dieser rohen, biologischen und in der Schweiz angebauten Auberginen konnten sie auf nat\u00fcrliche Weise sauer werden.  Das war die Idee: sich vom Kochen und der Zitrone befreien zu k\u00f6nnen, indem man die Arbeit im Geheimnis des G\u00e4rungsglases geschehen l\u00e4sst.  Das Ergebnis ist fruchtig, zart schmelzend und unsere eigens zusammengestellte Gew\u00fcrzmischung verleiht diesem Gericht seinen weltweit einzigartigen Charakter.<\/p>\n<p>Um diesen Auberginenkaviar zu genie\u00dfen und seinen ganzen Reichtum freizusetzen, sollten Sie einen gro\u00dfz\u00fcgigen Schuss Oliven\u00f6l hinzuf\u00fcgen.  Auf diese Weise wird die nat\u00fcrliche S\u00e4ure der Fermentation ausgeglichen und die Zubereitung mit rohen Auberginen zauberhaft.  Ein Hauch von Tahini (Sesamp\u00fcree) k\u00f6nnte dem Gericht zus\u00e4tzliche Tiefe verleihen, und es schmeckt hervorragend auf Toast, mit Hummus oder als Beilage zu Sardinen.<\/p>\n<p>&nbsp;<\/p>","protected":false},"featured_media":39680,"comment_status":"open","ping_status":"closed","template":"","meta":{"_acf_changed":false},"product_brand":[],"product_cat":[15],"product_tag":[],"class_list":{"0":"post-38123","1":"product","2":"type-product","3":"status-publish","4":"has-post-thumbnail","6":"product_cat-uncategorized","8":"first","9":"outofstock","10":"taxable","11":"shipping-taxable","12":"purchasable","13":"product-type-simple"},"acf":[],"aioseo_notices":[],"_links":{"self":[{"href":"https:\/\/fermentierra.com\/de\/wp-json\/wp\/v2\/product\/38123","targetHints":{"allow":["GET"]}}],"collection":[{"href":"https:\/\/fermentierra.com\/de\/wp-json\/wp\/v2\/product"}],"about":[{"href":"https:\/\/fermentierra.com\/de\/wp-json\/wp\/v2\/types\/product"}],"replies":[{"embeddable":true,"href":"https:\/\/fermentierra.com\/de\/wp-json\/wp\/v2\/comments?post=38123"}],"wp:featuredmedia":[{"embeddable":true,"href":"https:\/\/fermentierra.com\/de\/wp-json\/wp\/v2\/media\/39680"}],"wp:attachment":[{"href":"https:\/\/fermentierra.com\/de\/wp-json\/wp\/v2\/media?parent=38123"}],"wp:term":[{"taxonomy":"product_brand","embeddable":true,"href":"https:\/\/fermentierra.com\/de\/wp-json\/wp\/v2\/product_brand?post=38123"},{"taxonomy":"product_cat","embeddable":true,"href":"https:\/\/fermentierra.com\/de\/wp-json\/wp\/v2\/product_cat?post=38123"},{"taxonomy":"product_tag","embeddable":true,"href":"https:\/\/fermentierra.com\/de\/wp-json\/wp\/v2\/product_tag?post=38123"}],"curies":[{"name":"wp","href":"https:\/\/api.w.org\/{rel}","templated":true}]}}