{"id":382,"date":"2019-12-11T12:37:10","date_gmt":"2019-12-11T12:37:10","guid":{"rendered":"https:\/\/fermentierra.com\/?post_type=product&#038;p=382"},"modified":"2026-01-29T07:56:14","modified_gmt":"2026-01-29T07:56:14","slug":"legumes-lactofermentes-bloody-kraut","status":"publish","type":"product","link":"https:\/\/fermentierra.com\/de\/produit\/legumes-lactofermentes-bloody-kraut\/","title":{"rendered":"Bloody Kraut"},"content":{"rendered":"<p>Un m\u00e9lange lactoferment\u00e9 de betterave rouge, chou et carotte relev\u00e9 par la fra\u00eecheur oc\u00e9anique des baies de geni\u00e8vre et du carvi.\u00a0 Un beau paysage d\u2019automne.\u00a0 Avec son intense couleur, il apporte une belle profondeur \u00e0 l\u2019aspect de vos plats et accompagne tr\u00e8s bien les salades vertes, le pain de seigle, les \u0153ufs.\u00a0 Une merveille avec les fromages \u00e0 p\u00e2te molle.<\/p>\n<p>330 g<\/p>","protected":false},"excerpt":{"rendered":"<p>Eine lakto-fermentierte Mischung aus Roter Bete, Kohl und Karotte, gew\u00fcrzt mit der ozeanischen Frische von Wacholderbeeren und K\u00fcmmel.  Eine sch\u00f6ne Herbstlandschaft.  Mit seiner intensiven Farbe bringt er eine sch\u00f6ne Tiefe in das Aussehen Ihrer Gerichte und passt sehr gut zu gr\u00fcnen Salaten, Roggenbrot und Eiern.  Ein Wunder mit Weichk\u00e4se.<\/p>\n<p>330 g<\/p>","protected":false},"featured_media":34604,"comment_status":"open","ping_status":"closed","template":"","meta":{"_acf_changed":false},"product_brand":[145],"product_cat":[35,90],"product_tag":[],"class_list":{"0":"post-382","1":"product","2":"type-product","3":"status-publish","4":"has-post-thumbnail","6":"product_brand-gamme-classic","7":"product_cat-salade","8":"product_cat-salades","10":"first","11":"instock","12":"taxable","13":"shipping-taxable","14":"purchasable","15":"product-type-simple"},"acf":[],"aioseo_notices":[],"_links":{"self":[{"href":"https:\/\/fermentierra.com\/de\/wp-json\/wp\/v2\/product\/382","targetHints":{"allow":["GET"]}}],"collection":[{"href":"https:\/\/fermentierra.com\/de\/wp-json\/wp\/v2\/product"}],"about":[{"href":"https:\/\/fermentierra.com\/de\/wp-json\/wp\/v2\/types\/product"}],"replies":[{"embeddable":true,"href":"https:\/\/fermentierra.com\/de\/wp-json\/wp\/v2\/comments?post=382"}],"wp:featuredmedia":[{"embeddable":true,"href":"https:\/\/fermentierra.com\/de\/wp-json\/wp\/v2\/media\/34604"}],"wp:attachment":[{"href":"https:\/\/fermentierra.com\/de\/wp-json\/wp\/v2\/media?parent=382"}],"wp:term":[{"taxonomy":"product_brand","embeddable":true,"href":"https:\/\/fermentierra.com\/de\/wp-json\/wp\/v2\/product_brand?post=382"},{"taxonomy":"product_cat","embeddable":true,"href":"https:\/\/fermentierra.com\/de\/wp-json\/wp\/v2\/product_cat?post=382"},{"taxonomy":"product_tag","embeddable":true,"href":"https:\/\/fermentierra.com\/de\/wp-json\/wp\/v2\/product_tag?post=382"}],"curies":[{"name":"wp","href":"https:\/\/api.w.org\/{rel}","templated":true}]}}