{"id":39326,"date":"2025-07-02T08:39:30","date_gmt":"2025-07-02T08:39:30","guid":{"rendered":"https:\/\/www.fermentierra.com\/?post_type=product&#038;p=39326"},"modified":"2026-04-25T07:29:22","modified_gmt":"2026-04-25T07:29:22","slug":"creme-de-shoyu","status":"publish","type":"product","link":"https:\/\/fermentierra.com\/de\/produit\/creme-de-shoyu\/","title":{"rendered":"Shoyu-Creme"},"content":{"rendered":"<h3 data-start=\"215\" data-end=\"250\"><strong data-start=\"219\" data-end=\"248\">Shoyu-Creme<\/strong><\/h3>\n<p data-start=\"251\" data-end=\"314\">\ud83e\uddf4 <strong data-start=\"254\" data-end=\"312\">Handwerklich hergestellte, dicke, nat\u00fcrlich gebraute Sojasauce<\/strong><\/p>\n<p data-start=\"316\" data-end=\"747\">Tauchen Sie ein in die reiche und subtile Welt der UMAMI-Geschmacksrichtungen, eine <em data-start=\"376\" data-end=\"392\">Shoyu-Creme<\/em> einzigartig, die aus dem Zusammentreffen von japanischer Tradition und lokalem Know-how entstanden ist.<br data-start=\"471\" data-end=\"474\" \/>Sorgf\u00e4ltig fermentiert aus <strong data-start=\"506\" data-end=\"528\">Schweizer Soja (65 %)<\/strong>, von <strong data-start=\"533\" data-end=\"552\">Buchweizen (27 %)<\/strong> und von <strong data-start=\"559\" data-end=\"580\">Natursalz (8 %)<\/strong>, Diese dicke So\u00dfe entwickelt <strong data-start=\"616\" data-end=\"672\">komplexe, tiefe und leicht karamellisierte Aromen<\/strong>, Sie eignen sich hervorragend zum Verfeinern von einfachen und raffinierten Gerichten.<\/p>\n<p data-start=\"749\" data-end=\"1178\">\ud83d\udca1 <strong data-start=\"752\" data-end=\"773\">Cremige Textur<\/strong> : Ideal f\u00fcr Marinaden, Dip-Saucen, gebratenes Gem\u00fcse, Tofu oder einfach auf einer Reissch\u00fcssel.<br data-start=\"878\" data-end=\"881\" \/>\ud83c\udf3f <strong data-start=\"884\" data-end=\"902\">100 % pflanzlich<\/strong> - Ohne Zusatzstoffe, ohne Zuckerzusatz, nat\u00fcrlich reich an Umami.<br data-start=\"968\" data-end=\"971\" \/>\u2697\ufe0f <strong data-start=\"974\" data-end=\"997\">Lange Fermentation<\/strong> : f\u00fcr eine bessere Verdaulichkeit, einen Reichtum an Mikron\u00e4hrstoffen und eine Reduzierung der Kohlenhydrate.<br data-start=\"1097\" data-end=\"1100\" \/>\ud83c\udde8\ud83c\udded <strong data-start=\"1105\" data-end=\"1127\">In der Schweiz entwickelt<\/strong> mit sorgf\u00e4ltig ausgew\u00e4hlten Bio-Zutaten.<\/p>\n<hr data-start=\"1180\" data-end=\"1183\" \/>\n<h3 data-start=\"1185\" data-end=\"1231\"><strong data-start=\"1189\" data-end=\"1229\">N\u00e4hrwertangaben (pro 100 g)<\/strong><\/h3>\n<ul data-start=\"1232\" data-end=\"1376\">\n<li data-start=\"1232\" data-end=\"1258\">\n<p data-start=\"1234\" data-end=\"1258\">Energie : <strong data-start=\"1244\" data-end=\"1256\">270 kcal<\/strong><\/p>\n<\/li>\n<li data-start=\"1259\" data-end=\"1285\">\n<p data-start=\"1261\" data-end=\"1285\">Proteine : <strong data-start=\"1273\" data-end=\"1283\">19.2 g<\/strong><\/p>\n<\/li>\n<li data-start=\"1286\" data-end=\"1309\">\n<p data-start=\"1288\" data-end=\"1309\">Lipide : <strong data-start=\"1298\" data-end=\"1307\">9.5 g<\/strong><\/p>\n<\/li>\n<li data-start=\"1310\" data-end=\"1335\">\n<p data-start=\"1312\" data-end=\"1335\">Kohlenhydrate : <strong data-start=\"1323\" data-end=\"1333\">23.6 g<\/strong><\/p>\n<\/li>\n<li data-start=\"1336\" data-end=\"1358\">\n<p data-start=\"1338\" data-end=\"1358\">Fasern : <strong data-start=\"1347\" data-end=\"1356\">6.1 g<\/strong><\/p>\n<\/li>\n<li data-start=\"1359\" data-end=\"1376\">\n<p data-start=\"1361\" data-end=\"1376\">Salz : <strong data-start=\"1367\" data-end=\"1376\">2.2 g<\/strong><\/p>\n<\/li>\n<\/ul>","protected":false},"excerpt":{"rendered":"<h3 data-start=\"215\" data-end=\"250\"><strong data-start=\"219\" data-end=\"248\">Shoyu-Creme<\/strong><\/h3>\n<p data-start=\"251\" data-end=\"314\">\ud83e\uddf4 <strong data-start=\"254\" data-end=\"312\">Handwerklich hergestellte, dicke, nat\u00fcrlich gebraute Sojasauce<\/strong><\/p>\n<p data-start=\"316\" data-end=\"747\">Tauchen Sie ein in die reiche und subtile Welt der UMAMI-Geschmacksrichtungen, eine <em data-start=\"376\" data-end=\"392\">Shoyu-Creme<\/em> einzigartig, die aus dem Zusammentreffen von japanischer Tradition und lokalem Know-how entstanden ist.<br data-start=\"471\" data-end=\"474\" \/>Sorgf\u00e4ltig fermentiert aus <strong data-start=\"506\" data-end=\"528\">Schweizer Soja (65 %)<\/strong>, von <strong data-start=\"533\" data-end=\"552\">Buchweizen (27 %)<\/strong> und von <strong data-start=\"559\" data-end=\"580\">Natursalz (8 %)<\/strong>, Diese dicke So\u00dfe entwickelt <strong data-start=\"616\" data-end=\"672\">komplexe, tiefe und leicht karamellisierte Aromen<\/strong>, Sie eignen sich hervorragend zum Verfeinern von einfachen und raffinierten Gerichten.<\/p>\n<p data-start=\"749\" data-end=\"1178\">\ud83d\udca1 <strong data-start=\"752\" data-end=\"773\">Cremige Textur<\/strong> : Ideal f\u00fcr Marinaden, Dip-Saucen, gebratenes Gem\u00fcse, Tofu oder einfach auf einer Reissch\u00fcssel.<br data-start=\"878\" data-end=\"881\" \/>\ud83c\udf3f <strong data-start=\"884\" data-end=\"902\">100 % pflanzlich<\/strong> - Ohne Zusatzstoffe, ohne Zuckerzusatz, nat\u00fcrlich reich an Umami.<br data-start=\"968\" data-end=\"971\" \/>\u2697\ufe0f <strong data-start=\"974\" data-end=\"997\">Lange Fermentation<\/strong> : f\u00fcr eine bessere Verdaulichkeit, einen Reichtum an Mikron\u00e4hrstoffen und eine Reduzierung der Kohlenhydrate.<br data-start=\"1097\" data-end=\"1100\" \/>\ud83c\udde8\ud83c\udded <strong data-start=\"1105\" data-end=\"1127\">In der Schweiz entwickelt<\/strong> mit sorgf\u00e4ltig ausgew\u00e4hlten Bio-Zutaten.<\/p>","protected":false},"featured_media":39679,"comment_status":"open","ping_status":"closed","template":"","meta":{"_acf_changed":false},"product_brand":[],"product_cat":[15],"product_tag":[],"class_list":{"0":"post-39326","1":"product","2":"type-product","3":"status-publish","4":"has-post-thumbnail","6":"product_cat-uncategorized","8":"first","9":"instock","10":"taxable","11":"shipping-taxable","12":"purchasable","13":"product-type-simple"},"acf":[],"aioseo_notices":[],"_links":{"self":[{"href":"https:\/\/fermentierra.com\/de\/wp-json\/wp\/v2\/product\/39326","targetHints":{"allow":["GET"]}}],"collection":[{"href":"https:\/\/fermentierra.com\/de\/wp-json\/wp\/v2\/product"}],"about":[{"href":"https:\/\/fermentierra.com\/de\/wp-json\/wp\/v2\/types\/product"}],"replies":[{"embeddable":true,"href":"https:\/\/fermentierra.com\/de\/wp-json\/wp\/v2\/comments?post=39326"}],"wp:featuredmedia":[{"embeddable":true,"href":"https:\/\/fermentierra.com\/de\/wp-json\/wp\/v2\/media\/39679"}],"wp:attachment":[{"href":"https:\/\/fermentierra.com\/de\/wp-json\/wp\/v2\/media?parent=39326"}],"wp:term":[{"taxonomy":"product_brand","embeddable":true,"href":"https:\/\/fermentierra.com\/de\/wp-json\/wp\/v2\/product_brand?post=39326"},{"taxonomy":"product_cat","embeddable":true,"href":"https:\/\/fermentierra.com\/de\/wp-json\/wp\/v2\/product_cat?post=39326"},{"taxonomy":"product_tag","embeddable":true,"href":"https:\/\/fermentierra.com\/de\/wp-json\/wp\/v2\/product_tag?post=39326"}],"curies":[{"name":"wp","href":"https:\/\/api.w.org\/{rel}","templated":true}]}}