{"id":39963,"date":"2025-11-10T15:17:18","date_gmt":"2025-11-10T15:17:18","guid":{"rendered":"https:\/\/fermentierra.com\/?post_type=product&#038;p=39963"},"modified":"2025-12-14T19:10:05","modified_gmt":"2025-12-14T19:10:05","slug":"coffret-decouverte-selection","status":"publish","type":"product","link":"https:\/\/fermentierra.com\/de\/produit\/coffret-decouverte-selection\/","title":{"rendered":"Entdeckungsbox"},"content":{"rendered":"<p>Schenken Sie Ihren Lieben Ihre Lieblingsfermente, um die Weihnachtszeit zu feiern.<\/p>\n<h3>Inhalt der Box :<\/h3>\n<ul>\n<li data-start=\"49\" data-end=\"109\">1 Glas unserer klassischen Laktofermentationsreihe 170 g<\/li>\n<li>1 Glas unseres handwerklich hergestellten Senfs 130 g<\/li>\n<li>1 Glas Sel Qui Pique 40 g<\/li>\n<li>1 P\u00e4ckchen unseres preisgekr\u00f6nten schwarzen Knoblauchs<\/li>\n<\/ul>","protected":false},"excerpt":{"rendered":"<p><strong>Schenken Sie (oder g\u00f6nnen Sie sich) ein Geschenk mit Herz, das Gesundheit und Genuss vereint: eine leckere, wohltuende Aufmerksamkeit f\u00fcr diejenigen, die wirklich z\u00e4hlen.<\/strong><\/p>\n<p>Erkunden Sie die pulsierende Welt der Lactofermentation mit unserem <strong>Entdeckungsbox,<\/strong>\u00a0perfekt f\u00fcr eine inspirierende Gourmet-Einf\u00fchrung. Ideal f\u00fcr Neugierige, Liebhaber neuer Geschmacksrichtungen oder diejenigen, die ein originelles und gesundes Geschenk machen m\u00f6chten.<\/p>\n<ul>\n<li><strong>Praktisches Format<\/strong> : Ideal zum Probieren und Entdecken mehrerer Rezepte ohne Verschwendung.<\/li>\n<li><strong>Gesundheitliche Vorteile<\/strong> : Milchs\u00e4urevergorenes Gem\u00fcse kann ein wertvoller Verb\u00fcndeter f\u00fcr eine ausgewogene Ern\u00e4hrung sein.<\/li>\n<li><strong>Authentische Geschm\u00e4cker<\/strong> : Eine einzigartige Geschmackspalette, um Ihre Gerichte zu verfeinern und Ihre Geschmacksknospen zu stimulieren.<\/li>\n<\/ul>\n<h3>Inhalt der Box :<\/h3>\n<ul>\n<li data-start=\"49\" data-end=\"109\">1 Glas unserer klassischen Laktofermentationsreihe 170 g<\/li>\n<li>1 Glas unseres handwerklich hergestellten Senfs 130 g<\/li>\n<li>1 Glas Sel Qui Pique 40 g<\/li>\n<li>1 P\u00e4ckchen unseres preisgekr\u00f6nten schwarzen Knoblauchs<\/li>\n<\/ul>\n<h3>Vorschl\u00e4ge zur Nutzung :<\/h3>\n<ul>\n<li>Geben Sie Ihren Salaten oder anderen Gerichten eine w\u00fcrzige Note.<\/li>\n<li>Verfeinern Sie Ihre Sandwiches oder Toasts.<\/li>\n<li>Geniessen Sie sie einfach so, wie sie sind, f\u00fcr eine gesunde und leckere Pause.<\/li>\n<\/ul>\n<p>&nbsp;<\/p>","protected":false},"featured_media":39970,"comment_status":"open","ping_status":"closed","template":"","meta":{"_acf_changed":false},"product_brand":[],"product_cat":[15],"product_tag":[],"class_list":{"0":"post-39963","1":"product","2":"type-product","3":"status-publish","4":"has-post-thumbnail","6":"product_cat-uncategorized","8":"first","9":"outofstock","10":"taxable","11":"shipping-taxable","12":"purchasable","13":"product-type-simple"},"acf":[],"aioseo_notices":[],"_links":{"self":[{"href":"https:\/\/fermentierra.com\/de\/wp-json\/wp\/v2\/product\/39963","targetHints":{"allow":["GET"]}}],"collection":[{"href":"https:\/\/fermentierra.com\/de\/wp-json\/wp\/v2\/product"}],"about":[{"href":"https:\/\/fermentierra.com\/de\/wp-json\/wp\/v2\/types\/product"}],"replies":[{"embeddable":true,"href":"https:\/\/fermentierra.com\/de\/wp-json\/wp\/v2\/comments?post=39963"}],"wp:featuredmedia":[{"embeddable":true,"href":"https:\/\/fermentierra.com\/de\/wp-json\/wp\/v2\/media\/39970"}],"wp:attachment":[{"href":"https:\/\/fermentierra.com\/de\/wp-json\/wp\/v2\/media?parent=39963"}],"wp:term":[{"taxonomy":"product_brand","embeddable":true,"href":"https:\/\/fermentierra.com\/de\/wp-json\/wp\/v2\/product_brand?post=39963"},{"taxonomy":"product_cat","embeddable":true,"href":"https:\/\/fermentierra.com\/de\/wp-json\/wp\/v2\/product_cat?post=39963"},{"taxonomy":"product_tag","embeddable":true,"href":"https:\/\/fermentierra.com\/de\/wp-json\/wp\/v2\/product_tag?post=39963"}],"curies":[{"name":"wp","href":"https:\/\/api.w.org\/{rel}","templated":true}]}}