{"id":400,"date":"2019-12-11T20:23:53","date_gmt":"2019-12-11T20:23:53","guid":{"rendered":"https:\/\/fermentierra.com\/?post_type=product&#038;p=400"},"modified":"2026-04-13T14:00:31","modified_gmt":"2026-04-13T14:00:31","slug":"legumes-lactofermentes-suisse-chi-n1","status":"publish","type":"product","link":"https:\/\/fermentierra.com\/de\/produit\/legumes-lactofermentes-suisse-chi-n1\/","title":{"rendered":"Suisse-Chi Nr. 1"},"content":{"rendered":"<p>Das volle Potenzial von laktofermentiertem Gem\u00fcse.<\/p>\n<p>Le Kimchi est traditionnellement un m\u00e9lange kor\u00e9en lactoferment\u00e9, plus ou moins piquant, \u00e0 base de chou chinois.\u00a0 L\u00e0-bas, chaque famille connait ses recettes.\u00a0 Aujourd\u2019hui, Fermentierra vous pr\u00e9sente les siennes.<\/p>\n<p>Le Suisse-Chi 1 est spicy kimchi \u00e0 base de chou chinois, carottes, c\u00e9leri, poireaux, oignons et notre m\u00e9lange secret d\u2019\u00e9pices bio.<\/p>\n<p>330 g<\/p>\n<div><\/div>","protected":false},"excerpt":{"rendered":"<p>Kimchi ist traditionell eine laktofermentierte, mehr oder weniger w\u00fcrzige, koreanische Mischung aus Chinakohl.  Dort kennt jede Familie ihre Rezepte.  Heute pr\u00e4sentiert Fermentierra sein eigenes.<\/p>\n<p>Ein Spicy Kimchi aus der Schweiz. Die Explosion!  Ein Gongschlag f\u00fcr die Geschmacksknospen, ein scharfer, aber nicht brennender Geschmack, eine w\u00fcrzige Intensit\u00e4t, die sich unerwartet entwickelt und mit einer fruchtigen Note endet.  Das ist unsere Space Opera, die direkte Wiederverbindung mit dem blumigen Geist der Laktofermentation.<\/p>\n<p>330 g<\/p>\n<div><\/div>","protected":false},"featured_media":34607,"comment_status":"open","ping_status":"closed","template":"","meta":{"_acf_changed":false},"product_brand":[145],"product_cat":[35,37,90],"product_tag":[],"class_list":{"0":"post-400","1":"product","2":"type-product","3":"status-publish","4":"has-post-thumbnail","6":"product_brand-gamme-classic","7":"product_cat-salade","8":"product_cat-kimchi","9":"product_cat-salades","11":"first","12":"instock","13":"taxable","14":"shipping-taxable","15":"purchasable","16":"product-type-simple"},"acf":[],"aioseo_notices":[],"_links":{"self":[{"href":"https:\/\/fermentierra.com\/de\/wp-json\/wp\/v2\/product\/400","targetHints":{"allow":["GET"]}}],"collection":[{"href":"https:\/\/fermentierra.com\/de\/wp-json\/wp\/v2\/product"}],"about":[{"href":"https:\/\/fermentierra.com\/de\/wp-json\/wp\/v2\/types\/product"}],"replies":[{"embeddable":true,"href":"https:\/\/fermentierra.com\/de\/wp-json\/wp\/v2\/comments?post=400"}],"wp:featuredmedia":[{"embeddable":true,"href":"https:\/\/fermentierra.com\/de\/wp-json\/wp\/v2\/media\/34607"}],"wp:attachment":[{"href":"https:\/\/fermentierra.com\/de\/wp-json\/wp\/v2\/media?parent=400"}],"wp:term":[{"taxonomy":"product_brand","embeddable":true,"href":"https:\/\/fermentierra.com\/de\/wp-json\/wp\/v2\/product_brand?post=400"},{"taxonomy":"product_cat","embeddable":true,"href":"https:\/\/fermentierra.com\/de\/wp-json\/wp\/v2\/product_cat?post=400"},{"taxonomy":"product_tag","embeddable":true,"href":"https:\/\/fermentierra.com\/de\/wp-json\/wp\/v2\/product_tag?post=400"}],"curies":[{"name":"wp","href":"https:\/\/api.w.org\/{rel}","templated":true}]}}