{"id":406,"date":"2019-12-11T20:24:58","date_gmt":"2019-12-11T20:24:58","guid":{"rendered":"https:\/\/fermentierra.com\/?post_type=product&#038;p=406"},"modified":"2025-12-23T06:29:25","modified_gmt":"2025-12-23T06:29:25","slug":"legumes-lactofermentes-suisse-chi-n2","status":"publish","type":"product","link":"https:\/\/fermentierra.com\/de\/produit\/legumes-lactofermentes-suisse-chi-n2\/","title":{"rendered":"Schweiz-Chi Nr. 2"},"content":{"rendered":"<p>Das volle Potenzial von laktofermentiertem Gem\u00fcse.<\/p>\n<p>Kimchi ist traditionell eine mehr oder weniger scharfe, laktofermentierte koreanische Mischung aus Chinakohl.  Dort hat jede Familie ihre eigenen Rezepte.  Heute stellt Ihnen Fermentierra die ihren vor.<\/p>\n<p>Swiss Chi 2 ist eine Mischung aus Bok Choy, Blumenkohl, Sellerie, Paprika, Lauch, Zwiebeln und seiner geheimen Bio-Gew\u00fcrzmischung.<\/p>\n<p>330 g<\/p>","protected":false},"excerpt":{"rendered":"<p>Kimchi ist traditionell eine laktofermentierte, mehr oder weniger w\u00fcrzige, koreanische Mischung aus Chinakohl.  Dort kennt jede Familie ihre Rezepte.  Heute pr\u00e4sentiert Fermentierra sein eigenes.<\/p>\n<p>Dieser Chi-Swiss ist erdiger als der erste.  Die n\u00fcchternere Gew\u00fcrzmischung erlaubt es dem subtilen Geschmack des Shitak\u00e9, sich ruhig niederzulassen und das Myzel unter dem Deckmantel der ersten eher scharfen Empfindung zu verbreiten.  Dies ist vielleicht unsere meditativste Vorbereitung, ein Blitz in Richtung Symbiose.  Ein sehr originelles Kimchi, das u. a. perfekt zu Kartoffelgerichten passt.<\/p>\n<p>330 g<\/p>","protected":false},"featured_media":34613,"comment_status":"open","ping_status":"closed","template":"","meta":{"_acf_changed":false},"product_brand":[145],"product_cat":[35,37,90],"product_tag":[],"class_list":{"0":"post-406","1":"product","2":"type-product","3":"status-publish","4":"has-post-thumbnail","6":"product_brand-gamme-classic","7":"product_cat-salade","8":"product_cat-kimchi","9":"product_cat-salades","11":"first","12":"instock","13":"taxable","14":"shipping-taxable","15":"purchasable","16":"product-type-simple"},"acf":[],"aioseo_notices":[],"_links":{"self":[{"href":"https:\/\/fermentierra.com\/de\/wp-json\/wp\/v2\/product\/406","targetHints":{"allow":["GET"]}}],"collection":[{"href":"https:\/\/fermentierra.com\/de\/wp-json\/wp\/v2\/product"}],"about":[{"href":"https:\/\/fermentierra.com\/de\/wp-json\/wp\/v2\/types\/product"}],"replies":[{"embeddable":true,"href":"https:\/\/fermentierra.com\/de\/wp-json\/wp\/v2\/comments?post=406"}],"wp:featuredmedia":[{"embeddable":true,"href":"https:\/\/fermentierra.com\/de\/wp-json\/wp\/v2\/media\/34613"}],"wp:attachment":[{"href":"https:\/\/fermentierra.com\/de\/wp-json\/wp\/v2\/media?parent=406"}],"wp:term":[{"taxonomy":"product_brand","embeddable":true,"href":"https:\/\/fermentierra.com\/de\/wp-json\/wp\/v2\/product_brand?post=406"},{"taxonomy":"product_cat","embeddable":true,"href":"https:\/\/fermentierra.com\/de\/wp-json\/wp\/v2\/product_cat?post=406"},{"taxonomy":"product_tag","embeddable":true,"href":"https:\/\/fermentierra.com\/de\/wp-json\/wp\/v2\/product_tag?post=406"}],"curies":[{"name":"wp","href":"https:\/\/api.w.org\/{rel}","templated":true}]}}