{"id":415,"date":"2019-12-11T18:45:30","date_gmt":"2019-12-11T18:45:30","guid":{"rendered":"https:\/\/fermentierra.com\/?post_type=product&#038;p=415"},"modified":"2026-03-16T10:52:29","modified_gmt":"2026-03-16T10:52:29","slug":"citron-confit","status":"publish","type":"product","link":"https:\/\/fermentierra.com\/de\/produit\/citron-confit\/","title":{"rendered":"Konfierte Zitrone"},"content":{"rendered":"<p>Unsere kleinen Sch\u00fctzlinge.  Mehrere Monate G\u00e4rung f\u00fcr ein exquisites Ergebnis.  Das Sch\u00f6ne an der kandierten Zitrone ist, dass wir auch ihre zartschmelzende Schale essen.  Sie kann dort \u00fcberraschen, wo man sie nicht unbedingt erwartet, wie als Streifen auf einer Pizza.  Sie kann in einem Hummus verschwinden.  Sein Saft ist eine gute Grundlage f\u00fcr eine Salatso\u00dfe.  Ich war einmal per Anhalter nach Italien gefahren, um dort eine Zitrone an ihrem Baum zu finden.  Exotisch.<\/p>\n<p>1 Zitrone<\/p>\n<p>&nbsp;<\/p>","protected":false},"excerpt":{"rendered":"<p>Unsere kleinen Sch\u00fctzlinge.  Mehrere Monate G\u00e4rung f\u00fcr ein exquisites Ergebnis.  Das Sch\u00f6ne an der kandierten Zitrone ist, dass wir auch ihre zartschmelzende Schale essen.  Sie kann dort \u00fcberraschen, wo man sie nicht unbedingt erwartet, wie als Streifen auf einer Pizza.  Sie kann in einem Hummus verschwinden.  Sein Saft ist eine gute Grundlage f\u00fcr eine Salatso\u00dfe.  Ich war einmal per Anhalter nach Italien gefahren, um dort eine Zitrone an ihrem Baum zu finden.  Exotisch.<\/p>\n<p>1 Zitrone<\/p>","protected":false},"featured_media":34707,"comment_status":"open","ping_status":"closed","template":"","meta":{"_acf_changed":false},"product_brand":[],"product_cat":[38,89],"product_tag":[],"class_list":{"0":"post-415","1":"product","2":"type-product","3":"status-publish","4":"has-post-thumbnail","6":"product_cat-condiments","7":"product_cat-condiments-2","9":"first","10":"outofstock","11":"taxable","12":"shipping-taxable","13":"purchasable","14":"product-type-simple"},"acf":[],"aioseo_notices":[],"_links":{"self":[{"href":"https:\/\/fermentierra.com\/de\/wp-json\/wp\/v2\/product\/415","targetHints":{"allow":["GET"]}}],"collection":[{"href":"https:\/\/fermentierra.com\/de\/wp-json\/wp\/v2\/product"}],"about":[{"href":"https:\/\/fermentierra.com\/de\/wp-json\/wp\/v2\/types\/product"}],"replies":[{"embeddable":true,"href":"https:\/\/fermentierra.com\/de\/wp-json\/wp\/v2\/comments?post=415"}],"wp:featuredmedia":[{"embeddable":true,"href":"https:\/\/fermentierra.com\/de\/wp-json\/wp\/v2\/media\/34707"}],"wp:attachment":[{"href":"https:\/\/fermentierra.com\/de\/wp-json\/wp\/v2\/media?parent=415"}],"wp:term":[{"taxonomy":"product_brand","embeddable":true,"href":"https:\/\/fermentierra.com\/de\/wp-json\/wp\/v2\/product_brand?post=415"},{"taxonomy":"product_cat","embeddable":true,"href":"https:\/\/fermentierra.com\/de\/wp-json\/wp\/v2\/product_cat?post=415"},{"taxonomy":"product_tag","embeddable":true,"href":"https:\/\/fermentierra.com\/de\/wp-json\/wp\/v2\/product_tag?post=415"}],"curies":[{"name":"wp","href":"https:\/\/api.w.org\/{rel}","templated":true}]}}