{"id":619,"date":"2020-03-18T11:44:34","date_gmt":"2020-03-18T11:44:34","guid":{"rendered":"https:\/\/fermentierra.com\/?post_type=product&#038;p=619"},"modified":"2026-01-26T13:10:31","modified_gmt":"2026-01-26T13:10:31","slug":"radis-noir","status":"publish","type":"product","link":"https:\/\/fermentierra.com\/de\/produit\/radis-noir\/","title":{"rendered":"Schwarzer Rettich"},"content":{"rendered":"<p>Bei dieser Fermentation haben wir auf Einfachheit gesetzt.  Der schwarze Rettich, nackt!  Ein Star aus dem deutschsprachigen Raum, eine gro\u00dfe Hilfe f\u00fcr die Leber und vor allem eines der anschaulichsten Beispiele f\u00fcr die Magie der Milchs\u00e4ure.  Er passt fantastisch zu Burgern, gemischt mit einem gr\u00fcnen Salat oder einfach als h\u00fcbsche Dekoration am Rand eines Polentatellers.<\/p>\n<p>Vielleicht ist es der, den man ausprobieren muss, um zu verstehen, wor\u00fcber wir sprechen.  Vergleichen Sie ihn mit einem rohen Rettich.  Machen Sie sich den gastronomischen Mehrwert bewusst und genie\u00dfen Sie die Vorteile f\u00fcr Ihren Stoffwechsel.<\/p>\n<p>&nbsp;<\/p>\n<p>330 g<\/p>","protected":false},"excerpt":{"rendered":"<p>Bei dieser Fermentation haben wir auf Einfachheit gesetzt.  Der schwarze Rettich, nackt!  Ein Star aus dem deutschsprachigen Raum, ein gro\u00dfer Helfer f\u00fcr die Leber und vor allem eines der anschaulichsten Beispiele f\u00fcr die Magie der Milchs\u00e4ure. Er passt fantastisch zu Burgern, gemischt mit einem gr\u00fcnen Salat oder einfach als h\u00fcbsche Dekoration am Rand eines Polentatellers.<\/p>\n<p>Das ist vielleicht der, den man ausprobieren muss, um zu verstehen, wovon wir sprechen. Vergleichen Sie ihn mit einem rohen Rettich. Machen Sie sich den kulinarischen Mehrwert bewusst und genie\u00dfen Sie die Vorteile f\u00fcr Ihren Stoffwechsel.<\/p>\n<p>330 g<\/p>","protected":false},"featured_media":620,"comment_status":"open","ping_status":"closed","template":"","meta":{"_acf_changed":false},"product_brand":[145],"product_cat":[35,36],"product_tag":[],"class_list":{"0":"post-619","1":"product","2":"type-product","3":"status-publish","4":"has-post-thumbnail","6":"product_brand-gamme-classic","7":"product_cat-salade","8":"product_cat-pickles","10":"first","11":"outofstock","12":"taxable","13":"shipping-taxable","14":"purchasable","15":"product-type-simple"},"acf":[],"aioseo_notices":[],"_links":{"self":[{"href":"https:\/\/fermentierra.com\/de\/wp-json\/wp\/v2\/product\/619","targetHints":{"allow":["GET"]}}],"collection":[{"href":"https:\/\/fermentierra.com\/de\/wp-json\/wp\/v2\/product"}],"about":[{"href":"https:\/\/fermentierra.com\/de\/wp-json\/wp\/v2\/types\/product"}],"replies":[{"embeddable":true,"href":"https:\/\/fermentierra.com\/de\/wp-json\/wp\/v2\/comments?post=619"}],"wp:featuredmedia":[{"embeddable":true,"href":"https:\/\/fermentierra.com\/de\/wp-json\/wp\/v2\/media\/620"}],"wp:attachment":[{"href":"https:\/\/fermentierra.com\/de\/wp-json\/wp\/v2\/media?parent=619"}],"wp:term":[{"taxonomy":"product_brand","embeddable":true,"href":"https:\/\/fermentierra.com\/de\/wp-json\/wp\/v2\/product_brand?post=619"},{"taxonomy":"product_cat","embeddable":true,"href":"https:\/\/fermentierra.com\/de\/wp-json\/wp\/v2\/product_cat?post=619"},{"taxonomy":"product_tag","embeddable":true,"href":"https:\/\/fermentierra.com\/de\/wp-json\/wp\/v2\/product_tag?post=619"}],"curies":[{"name":"wp","href":"https:\/\/api.w.org\/{rel}","templated":true}]}}