{"id":621,"date":"2020-03-18T11:46:10","date_gmt":"2020-03-18T11:46:10","guid":{"rendered":"https:\/\/fermentierra.com\/?post_type=product&#038;p=621"},"modified":"2026-04-13T13:57:09","modified_gmt":"2026-04-13T13:57:09","slug":"legumes-lactofermentes-choucroute-de-la-mer","status":"publish","type":"product","link":"https:\/\/fermentierra.com\/de\/produit\/legumes-lactofermentes-choucroute-de-la-mer\/","title":{"rendered":"Meeressauerkraut"},"content":{"rendered":"<p>Notre Choucroute de la Mer est un m\u00e9langes de l\u00e9gumes lactoferment\u00e9s qui est une mise \u00e0 jour du tartare d\u2019algues.<\/p>\n<p>\u00a0<\/p>\n<p>\u00a0<\/p>","protected":false},"excerpt":{"rendered":"<p>Wenn Popeye unser Sauerkraut aus dem Meer gekannt h\u00e4tte, h\u00e4tte er sofort seine alten Spinatkonserven fallen lassen. Dieses Rezept ist eine Weltneuheit: mit etwa 40 % Algen ist es ein Vitamin- und Spurenelement-Boost. Sein maritimer Geschmack bringt uns mit dem Reich des Seegrases in Verbindung, \u00f6ffnet unsere Lungen weit und l\u00e4sst uns wie Wale singen. Um jede Situation aufzuheitern. Das erinnert mich daran, dass es einen Wettbewerb f\u00fcr R\u00f6hrer gibt, die das R\u00f6hren von Hirschen imitieren. Ein Besuch lohnt sich: https:\/\/www.youtube.com\/watch?v=dtVdBvQFALg<\/p>\n<p>Zum Aufhellen jeder Gelegenheit<\/p>\n<p>330 g<\/p>","protected":false},"featured_media":34610,"comment_status":"open","ping_status":"closed","template":"","meta":{"_acf_changed":false},"product_brand":[145],"product_cat":[35,90],"product_tag":[],"class_list":{"0":"post-621","1":"product","2":"type-product","3":"status-publish","4":"has-post-thumbnail","6":"product_brand-gamme-classic","7":"product_cat-salade","8":"product_cat-salades","10":"first","11":"instock","12":"taxable","13":"shipping-taxable","14":"purchasable","15":"product-type-simple"},"acf":[],"aioseo_notices":[],"_links":{"self":[{"href":"https:\/\/fermentierra.com\/de\/wp-json\/wp\/v2\/product\/621","targetHints":{"allow":["GET"]}}],"collection":[{"href":"https:\/\/fermentierra.com\/de\/wp-json\/wp\/v2\/product"}],"about":[{"href":"https:\/\/fermentierra.com\/de\/wp-json\/wp\/v2\/types\/product"}],"replies":[{"embeddable":true,"href":"https:\/\/fermentierra.com\/de\/wp-json\/wp\/v2\/comments?post=621"}],"wp:featuredmedia":[{"embeddable":true,"href":"https:\/\/fermentierra.com\/de\/wp-json\/wp\/v2\/media\/34610"}],"wp:attachment":[{"href":"https:\/\/fermentierra.com\/de\/wp-json\/wp\/v2\/media?parent=621"}],"wp:term":[{"taxonomy":"product_brand","embeddable":true,"href":"https:\/\/fermentierra.com\/de\/wp-json\/wp\/v2\/product_brand?post=621"},{"taxonomy":"product_cat","embeddable":true,"href":"https:\/\/fermentierra.com\/de\/wp-json\/wp\/v2\/product_cat?post=621"},{"taxonomy":"product_tag","embeddable":true,"href":"https:\/\/fermentierra.com\/de\/wp-json\/wp\/v2\/product_tag?post=621"}],"curies":[{"name":"wp","href":"https:\/\/api.w.org\/{rel}","templated":true}]}}