{"id":648,"date":"2020-03-21T16:42:47","date_gmt":"2020-03-21T16:42:47","guid":{"rendered":"https:\/\/fermentierra.com\/?post_type=product&#038;p=648"},"modified":"2026-03-23T15:11:03","modified_gmt":"2026-03-23T15:11:03","slug":"moutarde-jaune","status":"publish","type":"product","link":"https:\/\/fermentierra.com\/de\/produit\/moutarde-jaune\/","title":{"rendered":"Gelber Senf"},"content":{"rendered":"<p>Es gibt drei verschiedene Arten von Senf: gelben, schwarzen und braunen.<\/p>\n<p>Die braunen sind die sch\u00e4rfsten, sie steigen uns in die Nase.\u00a0Die schwarzen sind eine tolle Mischung aus Sch\u00e4rfe und Duft und die gelben sind aromatischer und \u00e4hneln im Geschmack eher unseren leichten Senfsorten aus der Schweiz.<\/p>\n<p>Unser gelber Senf ist vollmundig, w\u00fcrzig und er enth\u00e4lt ganze K\u00f6rner.\u00a0Ein hervorragendes W\u00fcrzmittel f\u00fcr Salate und K\u00e4se.<\/p>\n<p>130 g<\/p>","protected":false},"excerpt":{"rendered":"<p>Es gibt drei verschiedene Arten von Senf: gelben, schwarzen und braunen.<\/p>\n<p>Die braunen sind die sch\u00e4rfsten, sie steigen uns in die Nase.\u00a0Die schwarzen sind eine tolle Mischung aus Sch\u00e4rfe und Duft und die gelben sind aromatischer und \u00e4hneln im Geschmack eher unseren leichten Senfsorten aus der Schweiz.<\/p>\n<p>Unser gelber Senf ist vollmundig, w\u00fcrzig und er enth\u00e4lt ganze K\u00f6rner.\u00a0Ein hervorragendes W\u00fcrzmittel f\u00fcr Salate und K\u00e4se.<\/p>\n<p>130 g<\/p>","protected":false},"featured_media":39655,"comment_status":"open","ping_status":"closed","template":"","meta":{"_acf_changed":false},"product_brand":[146],"product_cat":[38,89],"product_tag":[],"class_list":{"0":"post-648","1":"product","2":"type-product","3":"status-publish","4":"has-post-thumbnail","6":"product_brand-fermentierra-mustard","7":"product_cat-condiments","8":"product_cat-condiments-2","10":"first","11":"outofstock","12":"taxable","13":"shipping-taxable","14":"purchasable","15":"product-type-simple"},"acf":[],"aioseo_notices":[],"_links":{"self":[{"href":"https:\/\/fermentierra.com\/de\/wp-json\/wp\/v2\/product\/648","targetHints":{"allow":["GET"]}}],"collection":[{"href":"https:\/\/fermentierra.com\/de\/wp-json\/wp\/v2\/product"}],"about":[{"href":"https:\/\/fermentierra.com\/de\/wp-json\/wp\/v2\/types\/product"}],"replies":[{"embeddable":true,"href":"https:\/\/fermentierra.com\/de\/wp-json\/wp\/v2\/comments?post=648"}],"wp:featuredmedia":[{"embeddable":true,"href":"https:\/\/fermentierra.com\/de\/wp-json\/wp\/v2\/media\/39655"}],"wp:attachment":[{"href":"https:\/\/fermentierra.com\/de\/wp-json\/wp\/v2\/media?parent=648"}],"wp:term":[{"taxonomy":"product_brand","embeddable":true,"href":"https:\/\/fermentierra.com\/de\/wp-json\/wp\/v2\/product_brand?post=648"},{"taxonomy":"product_cat","embeddable":true,"href":"https:\/\/fermentierra.com\/de\/wp-json\/wp\/v2\/product_cat?post=648"},{"taxonomy":"product_tag","embeddable":true,"href":"https:\/\/fermentierra.com\/de\/wp-json\/wp\/v2\/product_tag?post=648"}],"curies":[{"name":"wp","href":"https:\/\/api.w.org\/{rel}","templated":true}]}}