{"id":661,"date":"2020-03-21T17:05:47","date_gmt":"2020-03-21T17:05:47","guid":{"rendered":"https:\/\/fermentierra.com\/?post_type=product&#038;p=661"},"modified":"2026-02-08T19:45:00","modified_gmt":"2026-02-08T19:45:00","slug":"ail-ail-ail","status":"publish","type":"product","link":"https:\/\/fermentierra.com\/de\/produit\/ail-ail-ail\/","title":{"rendered":"Knoblauch !"},"content":{"rendered":"<p>Laktofermentierter Knoblauch in Salzlake.<\/p>\n<p>&nbsp;<\/p>\n<p>Sehr interessant, um sich mit kleinen Aperitifs oder anderen selbst erfundenen Kleinigkeiten zu am\u00fcsieren.  Der Knoblauch verliert seine sehr scharfe Seite und kommt mit einem etwas schwer fassbaren fruchtigen Charakter zur\u00fcck.<\/p>\n<p>&nbsp;<\/p>\n<p>50 g<\/p>","protected":false},"excerpt":{"rendered":"<p>Laktofermentierter Knoblauch in Salzlake.<\/p>\n<p>&nbsp;<\/p>\n<p>Sehr interessant, um sich mit kleinen Aperitifs oder anderen selbst erfundenen Kleinigkeiten zu am\u00fcsieren.  Der Knoblauch verliert seine Sch\u00e4rfe und kommt mit einem fruchtigen Charakter zur\u00fcck, der etwas schwer zu fassen ist.  Daf\u00fcr muss man ihn ziemlich stark sch\u00e4len, was ein ziemliches Abenteuer ist.<\/p>\n<p>50 g<\/p>","protected":false},"featured_media":662,"comment_status":"open","ping_status":"closed","template":"","meta":{"_acf_changed":false},"product_brand":[],"product_cat":[89],"product_tag":[],"class_list":{"0":"post-661","1":"product","2":"type-product","3":"status-publish","4":"has-post-thumbnail","6":"product_cat-condiments-2","8":"first","9":"instock","10":"taxable","11":"shipping-taxable","12":"purchasable","13":"product-type-simple"},"acf":[],"aioseo_notices":[],"_links":{"self":[{"href":"https:\/\/fermentierra.com\/de\/wp-json\/wp\/v2\/product\/661","targetHints":{"allow":["GET"]}}],"collection":[{"href":"https:\/\/fermentierra.com\/de\/wp-json\/wp\/v2\/product"}],"about":[{"href":"https:\/\/fermentierra.com\/de\/wp-json\/wp\/v2\/types\/product"}],"replies":[{"embeddable":true,"href":"https:\/\/fermentierra.com\/de\/wp-json\/wp\/v2\/comments?post=661"}],"wp:featuredmedia":[{"embeddable":true,"href":"https:\/\/fermentierra.com\/de\/wp-json\/wp\/v2\/media\/662"}],"wp:attachment":[{"href":"https:\/\/fermentierra.com\/de\/wp-json\/wp\/v2\/media?parent=661"}],"wp:term":[{"taxonomy":"product_brand","embeddable":true,"href":"https:\/\/fermentierra.com\/de\/wp-json\/wp\/v2\/product_brand?post=661"},{"taxonomy":"product_cat","embeddable":true,"href":"https:\/\/fermentierra.com\/de\/wp-json\/wp\/v2\/product_cat?post=661"},{"taxonomy":"product_tag","embeddable":true,"href":"https:\/\/fermentierra.com\/de\/wp-json\/wp\/v2\/product_tag?post=661"}],"curies":[{"name":"wp","href":"https:\/\/api.w.org\/{rel}","templated":true}]}}