{"id":712,"date":"2020-04-27T12:38:37","date_gmt":"2020-04-27T12:38:37","guid":{"rendered":"https:\/\/fermentierra.com\/?post_type=product&#038;p=712"},"modified":"2026-02-23T15:23:11","modified_gmt":"2026-02-23T15:23:11","slug":"celeri-a-lail-des-ours","status":"publish","type":"product","link":"https:\/\/fermentierra.com\/de\/produit\/celeri-a-lail-des-ours\/","title":{"rendered":"Sellerie mit B\u00e4rlauch"},"content":{"rendered":"<p>Dieses Rezept ist eine Momentaufnahme des Fr\u00fchlings, die Erinnerung an einen Spaziergang im Unterholz, am Ufer des Flusses. Der frische Duft der erwachenden Natur, die Blumen, die V\u00f6gel, das Glitzern des Wassers. Vor uns erstreckte sich ein wogender gr\u00fcner Teppich und eine Einladung zum Pfl\u00fccken. Ein Geruch, ein Geschmack, ein Anblick, verbunden mit dem letzten Sellerie des Winters, enth\u00fcllen diese Bl\u00e4tter noch heute ihren buttrigen Geschmack. Der Geschmack ist rund und herrlich bet\u00f6rend. Genie\u00dfen Sie ihn mit Linsen, R\u00f6mersalat und einem hartgekochten Ei. Erinnerungen, Erinnerungen<\/p>\n<p>330 g<\/p>","protected":false},"excerpt":{"rendered":"<p>Dieses Rezept ist eine Momentaufnahme des Fr\u00fchlings, die Erinnerung an einen Spaziergang im Unterholz, am Ufer des Flusses.  Der frische Duft der erwachenden Natur, die Blumen, die V\u00f6gel, das Glitzern des Wassers.  Vor uns erstreckte sich ein wogender gr\u00fcner Teppich und eine Einladung zum Pfl\u00fccken.  Ein Geruch, ein Geschmack, ein Anblick, verbunden mit dem letzten Sellerie des Winters, enth\u00fcllen diese Bl\u00e4tter noch heute ihren buttrigen Geschmack.  Der Geschmack ist rund und herrlich bet\u00f6rend.  Genie\u00dfen Sie ihn mit Linsen, R\u00f6mersalat und einem hartgekochten Ei.  Erinnerungen, Erinnerungen<\/p>\n<p>330 g<\/p>","protected":false},"featured_media":34602,"comment_status":"open","ping_status":"closed","template":"","meta":{"_acf_changed":false},"product_brand":[145],"product_cat":[35,90],"product_tag":[],"class_list":{"0":"post-712","1":"product","2":"type-product","3":"status-publish","4":"has-post-thumbnail","6":"product_brand-gamme-classic","7":"product_cat-salade","8":"product_cat-salades","10":"first","11":"outofstock","12":"taxable","13":"shipping-taxable","14":"purchasable","15":"product-type-simple"},"acf":[],"aioseo_notices":[],"_links":{"self":[{"href":"https:\/\/fermentierra.com\/de\/wp-json\/wp\/v2\/product\/712","targetHints":{"allow":["GET"]}}],"collection":[{"href":"https:\/\/fermentierra.com\/de\/wp-json\/wp\/v2\/product"}],"about":[{"href":"https:\/\/fermentierra.com\/de\/wp-json\/wp\/v2\/types\/product"}],"replies":[{"embeddable":true,"href":"https:\/\/fermentierra.com\/de\/wp-json\/wp\/v2\/comments?post=712"}],"wp:featuredmedia":[{"embeddable":true,"href":"https:\/\/fermentierra.com\/de\/wp-json\/wp\/v2\/media\/34602"}],"wp:attachment":[{"href":"https:\/\/fermentierra.com\/de\/wp-json\/wp\/v2\/media?parent=712"}],"wp:term":[{"taxonomy":"product_brand","embeddable":true,"href":"https:\/\/fermentierra.com\/de\/wp-json\/wp\/v2\/product_brand?post=712"},{"taxonomy":"product_cat","embeddable":true,"href":"https:\/\/fermentierra.com\/de\/wp-json\/wp\/v2\/product_cat?post=712"},{"taxonomy":"product_tag","embeddable":true,"href":"https:\/\/fermentierra.com\/de\/wp-json\/wp\/v2\/product_tag?post=712"}],"curies":[{"name":"wp","href":"https:\/\/api.w.org\/{rel}","templated":true}]}}