{"id":715,"date":"2020-04-27T18:35:14","date_gmt":"2020-04-27T18:35:14","guid":{"rendered":"https:\/\/fermentierra.com\/?post_type=product&#038;p=715"},"modified":"2026-02-13T11:30:58","modified_gmt":"2026-02-13T11:30:58","slug":"legumes-lactofermente-chou-rouge","status":"publish","type":"product","link":"https:\/\/fermentierra.com\/de\/produit\/legumes-lactofermente-chou-rouge\/","title":{"rendered":"Shanti Chou"},"content":{"rendered":"<p>Die Sch\u00f6nheit der Farbe dieses Glases, eigentlich unbeschreiblich, intensiv und lebendig, ist eine Einladung zu einer inneren Reise.  Aromatisiert mit Kardamom und Zimt, lenkt uns der Akzent nach Indien, zu seinen s\u00fc\u00dfen und genoppten Geschm\u00e4ckern.  Ein Vorschlag, das Sauerkraut einmal anders zu entdecken, den Geist, der zwischen den Wolken und dem Ganges tanzt, nahe an seiner Quelle.  Shanti, shanti!<\/p>\n<p>330 g<\/p>\n<p>Eine inspirierende Mischung, die den laktofermentierten Rotkohl zur Geltung bringt.<\/p>\n<p>&nbsp;<\/p>\n<p>&nbsp;<\/p>","protected":false},"excerpt":{"rendered":"<p>Die Sch\u00f6nheit der Farbe dieses Glases, die eigentlich unbeschreiblich ist, intensiv und vibrierend, ist eine Einladung zu einer inneren Reise. Mit Kardamom und Zimt aromatisiert, f\u00fchrt uns der Akzent nach Indien, zu seinen lieblichen und nappigen Geschm\u00e4ckern. Ein Vorschlag, ein Sauerkraut unter einer anderen Naht zu entdecken, wobei der Geist zwischen den Wolken und dem Ganges, nahe seiner Quelle, tanzt. Shanti, shanti, shanti!<\/p>\n<p>330 g<\/p>","protected":false},"featured_media":34603,"comment_status":"open","ping_status":"closed","template":"","meta":{"_acf_changed":false},"product_brand":[145],"product_cat":[35,90],"product_tag":[],"class_list":{"0":"post-715","1":"product","2":"type-product","3":"status-publish","4":"has-post-thumbnail","6":"product_brand-gamme-classic","7":"product_cat-salade","8":"product_cat-salades","10":"first","11":"instock","12":"taxable","13":"shipping-taxable","14":"purchasable","15":"product-type-simple"},"acf":[],"aioseo_notices":[],"_links":{"self":[{"href":"https:\/\/fermentierra.com\/de\/wp-json\/wp\/v2\/product\/715","targetHints":{"allow":["GET"]}}],"collection":[{"href":"https:\/\/fermentierra.com\/de\/wp-json\/wp\/v2\/product"}],"about":[{"href":"https:\/\/fermentierra.com\/de\/wp-json\/wp\/v2\/types\/product"}],"replies":[{"embeddable":true,"href":"https:\/\/fermentierra.com\/de\/wp-json\/wp\/v2\/comments?post=715"}],"wp:featuredmedia":[{"embeddable":true,"href":"https:\/\/fermentierra.com\/de\/wp-json\/wp\/v2\/media\/34603"}],"wp:attachment":[{"href":"https:\/\/fermentierra.com\/de\/wp-json\/wp\/v2\/media?parent=715"}],"wp:term":[{"taxonomy":"product_brand","embeddable":true,"href":"https:\/\/fermentierra.com\/de\/wp-json\/wp\/v2\/product_brand?post=715"},{"taxonomy":"product_cat","embeddable":true,"href":"https:\/\/fermentierra.com\/de\/wp-json\/wp\/v2\/product_cat?post=715"},{"taxonomy":"product_tag","embeddable":true,"href":"https:\/\/fermentierra.com\/de\/wp-json\/wp\/v2\/product_tag?post=715"}],"curies":[{"name":"wp","href":"https:\/\/api.w.org\/{rel}","templated":true}]}}