{"id":125,"date":"2019-07-23T12:26:25","date_gmt":"2019-07-23T12:26:25","guid":{"rendered":"https:\/\/fermentierra.com\/?page_id=125"},"modified":"2021-02-21T19:36:55","modified_gmt":"2021-02-21T19:36:55","slug":"lactoferments","status":"publish","type":"page","link":"https:\/\/fermentierra.com\/en\/lactoferments\/","title":{"rendered":"Our philosophy"},"content":{"rendered":"<p class=\"has-medium-font-size\">In our laboratory, we create our different blends with the inspiration of the moment and the vegetables of the season.  And then we let life do its work, simply by offering it a saline and anaerobic environment.  <\/p>\n\n\n\n<p class=\"has-medium-font-size\">Each vegetable has its own invisible universe, so each mixture will have its own unique biodiversity of lactic bacteria. A visual, olfactory and gustatory dance takes place in our fermentation tanks.  <\/p>\n\n\n\n<p class=\"has-medium-font-size\">After a while, when we open the lid, we are given a glimpse of the fermentation process. The first tasting. The tasty result gives us joy to put them in the jars.<\/p>\n\n\n\n<p class=\"has-medium-font-size\">All <a href=\"https:\/\/qb233zbtdie.preview.infomaniak.website\">these different lacto-fermentations<\/a> have their own originality, and it's by varying the pleasures that we offer our organism the chance to revitalize itself, to rediscover itself in variety.<\/p>\n\n\n\n<p class=\"has-medium-font-size\">Dare to try them all and trust your instincts when choosing them.<\/p>\n\n\n\n<p class=\"has-medium-font-size\">There is a jar for everyone.  <\/p>\n\n\n\n<p class=\"has-medium-font-size\">We will evolve our assortment as we go along, but since lacto-fermentation allows for a long shelf life, we will do our best to always have our most essential recipes available.<\/p>\n\n\n\n<figure class=\"wp-block-gallery columns-1 is-cropped wp-block-gallery-1 is-layout-flex wp-block-gallery-is-layout-flex\"><ul class=\"blocks-gallery-grid\"><li class=\"blocks-gallery-item\"><figure><img loading=\"lazy\" decoding=\"async\" width=\"1440\" height=\"2560\" src=\"https:\/\/i1.wp.com\/fermentierra.com\/wp-content\/uploads\/2019\/12\/20191206_162058-scaled.jpg?fit=576%2C1024&amp;ssl=1\" alt=\"\" data-id=\"376\" data-full-url=\"https:\/\/i1.wp.com\/fermentierra.com\/wp-content\/uploads\/2019\/12\/20191206_162058-scaled.jpg?fit=1440%2C2560&amp;ssl=1\" data-link=\"https:\/\/qb233zbtdie.preview.infomaniak.website\/lactoferments\/20191206_162058\/\" class=\"wp-image-376\" srcset=\"https:\/\/fermentierra.com\/wp-content\/uploads\/2019\/12\/20191206_162058-scaled.jpg 1440w, https:\/\/fermentierra.com\/wp-content\/uploads\/2019\/12\/20191206_162058-600x1067.jpg 600w, https:\/\/fermentierra.com\/wp-content\/uploads\/2019\/12\/20191206_162058-169x300.jpg 169w, https:\/\/fermentierra.com\/wp-content\/uploads\/2019\/12\/20191206_162058-576x1024.jpg 576w, https:\/\/fermentierra.com\/wp-content\/uploads\/2019\/12\/20191206_162058-768x1365.jpg 768w, https:\/\/fermentierra.com\/wp-content\/uploads\/2019\/12\/20191206_162058-864x1536.jpg 864w, https:\/\/fermentierra.com\/wp-content\/uploads\/2019\/12\/20191206_162058-1152x2048.jpg 1152w\" sizes=\"auto, (max-width: 1440px) 100vw, 1440px\" \/><\/figure><\/li><\/ul><\/figure>\n\n\n\n<p><\/p>\n\n\n\n<p><\/p>\n\n\n\n<p><\/p>","protected":false},"excerpt":{"rendered":"<p>Dans notre laboratoire, nous \u00e9laborons nos diff\u00e9rents m\u00e9langes avec l&rsquo;inspiration du moment, les l\u00e9gumes de saisons. Et puis nous laissons la vie faire son oeuvre, nous l&rsquo;orientons simplement en lui offrant un milieu salin et ana\u00e9robique. Chaque l\u00e9gume poss\u00e8de son univers invisible, chaque m\u00e9lange aura&nbsp;<a class=\"read-more\" href=\"https:\/\/fermentierra.com\/en\/lactoferments\/\">...<\/a><\/p>","protected":false},"author":1,"featured_media":174,"parent":0,"menu_order":0,"comment_status":"closed","ping_status":"closed","template":"","meta":{"_acf_changed":false,"footnotes":""},"class_list":["post-125","page","type-page","status-publish","has-post-thumbnail","hentry"],"acf":[],"aioseo_notices":[],"_links":{"self":[{"href":"https:\/\/fermentierra.com\/en\/wp-json\/wp\/v2\/pages\/125","targetHints":{"allow":["GET"]}}],"collection":[{"href":"https:\/\/fermentierra.com\/en\/wp-json\/wp\/v2\/pages"}],"about":[{"href":"https:\/\/fermentierra.com\/en\/wp-json\/wp\/v2\/types\/page"}],"author":[{"embeddable":true,"href":"https:\/\/fermentierra.com\/en\/wp-json\/wp\/v2\/users\/1"}],"replies":[{"embeddable":true,"href":"https:\/\/fermentierra.com\/en\/wp-json\/wp\/v2\/comments?post=125"}],"version-history":[{"count":0,"href":"https:\/\/fermentierra.com\/en\/wp-json\/wp\/v2\/pages\/125\/revisions"}],"wp:featuredmedia":[{"embeddable":true,"href":"https:\/\/fermentierra.com\/en\/wp-json\/wp\/v2\/media\/174"}],"wp:attachment":[{"href":"https:\/\/fermentierra.com\/en\/wp-json\/wp\/v2\/media?parent=125"}],"curies":[{"name":"wp","href":"https:\/\/api.w.org\/{rel}","templated":true}]}}