{"id":22,"date":"2019-07-18T13:24:36","date_gmt":"2019-07-18T13:24:36","guid":{"rendered":"https:\/\/fermentierra.com\/?page_id=22"},"modified":"2025-11-30T17:44:04","modified_gmt":"2025-11-30T17:44:04","slug":"fermentation-workshops","status":"publish","type":"page","link":"https:\/\/fermentierra.com\/en\/fermentation-workshops\/","title":{"rendered":"Workshops"},"content":{"rendered":"<h2 class=\"wp-block-heading has-text-align-center has-large-font-size\" style=\"font-style:normal;font-weight:700\">Workshop - Ap\u00e9ro: The Art of Fermentation<\/h2>\n\n\n\n<hr class=\"wp-block-separator has-css-opacity is-style-default\"\/>\n\n\n\n<p class=\"has-large-font-size\">NEW DATES HERE IN CHAMPAGNE, NEAR YVERDON-LES-BAINS:<\/p>\n\n\n<div class=\"wp-block-image\">\n<figure class=\"aligncenter size-medium\"><img decoding=\"async\" src=\"https:\/\/qb233zbtdie.preview.infomaniak.website\/wp-content\/uploads\/2023\/05\/20230430_144704-232x300.jpg\" alt=\"lacto-fermentation workshop\" class=\"wp-image-35523\"\/><\/figure>\n<\/div>\n\n<p><button type='button' onclick='window.open(\"\/\/infomaniak.events\/fr-ch\/ateliers-et-stages\/atelier-lactofermentation\/6j38w3ESFG63tbDi0f3upF1XaXsD\",\"_blank\")' style='display: block; margin: 40px auto 0; background-color: green; color: white; font-size: 25px; padding: 15px 30px;'>Book<\/button><\/p>\n\n\n\n<p>Dur\u00e9e: 4h, prix: 100.-\/personne. Tout le mat\u00e9riel et les l\u00e9gumes sont fournis. Vous repartez avec deux bocaux \u00e0 faire fermenter chez vous et un support p\u00e9dagogique. <\/p>\n\n\n\n<p>email: <a href=\"mailto:art.en.pot@gmail.com\" title=\"\">laurent@fermentierra.com<\/a> for further information<\/p>\n\n\n\n<hr class=\"wp-block-separator has-css-opacity\"\/>\n\n\n\n<p class=\"has-black-color has-text-color has-medium-font-size\">Our workshops are a great way to discover the art of lacto-fermentation.  Everyone can get their hands dirty and let their fears of the new fermenter dissolve, like salt in water.<\/p>\n\n\n\n<p class=\"has-medium-font-size\">We'll teach you the basics.  Cut, salt and pack.  Without a moment's hesitation, science begins to brew in the heart of a carbonic magma.  As you uncork a sparkling bottle, we give you ideas and tastes, colors and textures.  Around the cutting boards, we'll show you the range of practical techniques that will enable you to create jars with a unique taste.<\/p>\n\n\n\n<p class=\"has-medium-font-size\">We supply the jars, vegetables and spices.  Everyone leaves with their own living cultures. <\/p>\n\n\n\n<figure class=\"wp-block-image\"><img loading=\"lazy\" decoding=\"async\" width=\"1024\" height=\"576\" src=\"https:\/\/qb233zbtdie.preview.infomaniak.website\/wp-content\/uploads\/2019\/07\/fournisseurs-retouche-1024x576.jpg\" alt=\"\" class=\"wp-image-205\" srcset=\"https:\/\/fermentierra.com\/wp-content\/uploads\/2019\/07\/fournisseurs-retouche-1024x576.jpg 1024w, https:\/\/fermentierra.com\/wp-content\/uploads\/2019\/07\/fournisseurs-retouche-600x338.jpg 600w, https:\/\/fermentierra.com\/wp-content\/uploads\/2019\/07\/fournisseurs-retouche-300x169.jpg 300w, https:\/\/fermentierra.com\/wp-content\/uploads\/2019\/07\/fournisseurs-retouche-768x432.jpg 768w\" sizes=\"auto, (max-width: 1024px) 100vw, 1024px\" \/><\/figure>\n\n\n\n<p class=\"has-medium-font-size\">If you'd like to organize an in-home workshop, we'd be delighted to come and run it for you.  All you need is between 6 and 10 people.  We'll bring all the equipment you need, so that everyone can leave with their own jars and valuable information to help them get started with lacto-fermentation at home. Duration: 3h30, price: 110.00\/person + travel expenses<\/p>\n\n\n\n<hr class=\"wp-block-separator has-css-opacity\"\/>\n\n\n\n<figure class=\"wp-block-gallery has-nested-images columns-default is-cropped wp-block-gallery-1 is-layout-flex wp-block-gallery-is-layout-flex\">\n<figure class=\"wp-block-image size-large\"><img loading=\"lazy\" decoding=\"async\" width=\"1024\" height=\"576\" data-id=\"239\" src=\"https:\/\/qb233zbtdie.preview.infomaniak.website\/wp-content\/uploads\/2019\/08\/File_0001-1024x576.jpeg\" alt=\"\" class=\"wp-image-239\" srcset=\"https:\/\/fermentierra.com\/wp-content\/uploads\/2019\/08\/File_0001-1024x576.jpeg 1024w, https:\/\/fermentierra.com\/wp-content\/uploads\/2019\/08\/File_0001-600x338.jpeg 600w, https:\/\/fermentierra.com\/wp-content\/uploads\/2019\/08\/File_0001-300x169.jpeg 300w, https:\/\/fermentierra.com\/wp-content\/uploads\/2019\/08\/File_0001-768x432.jpeg 768w\" sizes=\"auto, (max-width: 1024px) 100vw, 1024px\" \/><\/figure>\n\n\n\n<figure class=\"wp-block-image size-large\"><img loading=\"lazy\" decoding=\"async\" width=\"576\" height=\"1024\" data-id=\"240\" src=\"https:\/\/qb233zbtdie.preview.infomaniak.website\/wp-content\/uploads\/2019\/08\/File_004-576x1024.jpeg\" alt=\"\" class=\"wp-image-240\" srcset=\"https:\/\/fermentierra.com\/wp-content\/uploads\/2019\/08\/File_004-576x1024.jpeg 576w, https:\/\/fermentierra.com\/wp-content\/uploads\/2019\/08\/File_004-600x1067.jpeg 600w, https:\/\/fermentierra.com\/wp-content\/uploads\/2019\/08\/File_004-169x300.jpeg 169w, https:\/\/fermentierra.com\/wp-content\/uploads\/2019\/08\/File_004-768x1365.jpeg 768w, https:\/\/fermentierra.com\/wp-content\/uploads\/2019\/08\/File_004-scaled.jpeg 1440w\" sizes=\"auto, (max-width: 576px) 100vw, 576px\" \/><\/figure>\n\n\n\n<figure class=\"wp-block-image size-large\"><img loading=\"lazy\" decoding=\"async\" width=\"1024\" height=\"576\" data-id=\"241\" src=\"https:\/\/qb233zbtdie.preview.infomaniak.website\/wp-content\/uploads\/2019\/08\/File_003-1024x576.jpeg\" alt=\"\" class=\"wp-image-241\" srcset=\"https:\/\/fermentierra.com\/wp-content\/uploads\/2019\/08\/File_003-1024x576.jpeg 1024w, https:\/\/fermentierra.com\/wp-content\/uploads\/2019\/08\/File_003-600x338.jpeg 600w, https:\/\/fermentierra.com\/wp-content\/uploads\/2019\/08\/File_003-300x169.jpeg 300w, https:\/\/fermentierra.com\/wp-content\/uploads\/2019\/08\/File_003-768x432.jpeg 768w\" sizes=\"auto, (max-width: 1024px) 100vw, 1024px\" \/><\/figure>\n<\/figure>\n\n\n\n<div class=\"wp-block-button aligncenter\"><a class=\"wp-block-button__link wp-element-button\" href=\"https:\/\/infomaniak.events\/shop\/gyLV2mDrSQ\/\" target=\"_blank\" rel=\"noreferrer noopener\">Choose a date!<\/a><\/div>\n\n\n\n<p style=\"font-size:24px\"><strong>Testimonial after a workshop with the complete \u00abaperitif-meal-concert\u00bb package\u00bb<\/strong><\/p>\n\n\n\n<p>\u00abThey arrive with their jars, their spices, their magic ingredients, they show up with their enthusiasm, their passion for lacto-fermentation, they cook, they share, they make you discover these bacteria that transform food into beneficial gas factories, they talk about it and you already love them, even before you've tasted it! You taste it, surprise, it's different... and it's good, this aperitif like no other! Then you lovingly prepare a jar of vegetables with several hands, listen to the little instructions and look forward to the pschitt that you'll hear in a few days' time as you pull on the jar's elastic band... Then you sit down at the table for real, an explosion of confusing, powerful and delicious flavours - lacto-fermented food rocks!&nbsp;<br>And then comes the concert, the world of Sam Laurent inviting itself into your living room, a butterfly, a horse, a slipper, a whole world... disconcerting, powerful, delicious, it tears a guitar and a drum apart!&nbsp;<br>They leave, but the house still vibrates with their music and their joy, and a few days later the little bubbles in the jar, pschitt, and a few weeks later billions of happy bacteria invited onto your plates, yum, the living sparkling like an echo of this evening like no other...\u00ab.\u00ab\u00a0<br>Sylvie <\/p>","protected":false},"excerpt":{"rendered":"<p>Atelier &#8211; Ap\u00e9ro : L&rsquo;Art de la Fermentation NOUVELLES DATES CHEZ NOUS, \u00c0 CHAMPAGNE, PR\u00c8S D&rsquo;YVERDON-LES-BAINS: Dur\u00e9e: 4h, prix: 100.-\/personne. Tout le mat\u00e9riel et les l\u00e9gumes sont fournis. Vous repartez avec deux bocaux \u00e0 faire fermenter chez vous et un support p\u00e9dagogique. email: laurent@fermentierra.com pour&nbsp;<a class=\"read-more\" href=\"https:\/\/fermentierra.com\/en\/fermentation-workshops\/\">...<\/a><\/p>","protected":false},"author":1,"featured_media":191,"parent":0,"menu_order":0,"comment_status":"closed","ping_status":"closed","template":"","meta":{"_acf_changed":false,"footnotes":""},"class_list":["post-22","page","type-page","status-publish","has-post-thumbnail","hentry"],"acf":[],"aioseo_notices":[],"_links":{"self":[{"href":"https:\/\/fermentierra.com\/en\/wp-json\/wp\/v2\/pages\/22","targetHints":{"allow":["GET"]}}],"collection":[{"href":"https:\/\/fermentierra.com\/en\/wp-json\/wp\/v2\/pages"}],"about":[{"href":"https:\/\/fermentierra.com\/en\/wp-json\/wp\/v2\/types\/page"}],"author":[{"embeddable":true,"href":"https:\/\/fermentierra.com\/en\/wp-json\/wp\/v2\/users\/1"}],"replies":[{"embeddable":true,"href":"https:\/\/fermentierra.com\/en\/wp-json\/wp\/v2\/comments?post=22"}],"version-history":[{"count":2,"href":"https:\/\/fermentierra.com\/en\/wp-json\/wp\/v2\/pages\/22\/revisions"}],"predecessor-version":[{"id":40226,"href":"https:\/\/fermentierra.com\/en\/wp-json\/wp\/v2\/pages\/22\/revisions\/40226"}],"wp:featuredmedia":[{"embeddable":true,"href":"https:\/\/fermentierra.com\/en\/wp-json\/wp\/v2\/media\/191"}],"wp:attachment":[{"href":"https:\/\/fermentierra.com\/en\/wp-json\/wp\/v2\/media?parent=22"}],"curies":[{"name":"wp","href":"https:\/\/api.w.org\/{rel}","templated":true}]}}