{"id":34826,"date":"2023-03-10T17:54:00","date_gmt":"2023-03-10T17:54:00","guid":{"rendered":"https:\/\/fermentierra.com\/?page_id=34826"},"modified":"2023-03-10T17:54:03","modified_gmt":"2023-03-10T17:54:03","slug":"remboursements_retours","status":"publish","type":"page","link":"https:\/\/fermentierra.com\/en\/remboursements_retours\/","title":{"rendered":"Refunds and returns policy"},"content":{"rendered":"<p><strong>Vue d\u2019ensemble<\/strong><\/p>\n\n\n\n<p>Our refund policy is 30 days. If 30 days have passed since your purchase, we cannot offer you a full refund.<\/p>\n\n\n\n<p>Nous n\u2019acceptons pas les retours de nos produits.<\/p>\n\n\n\n<p><strong>Reimbursement<\/strong>t<\/p>\n\n\n\n<p>Vous pouvez pr\u00e9tendre \u00e0 un remboursement si la marchandise a \u00e9t\u00e9 endommag\u00e9e lors de la livraison ou si, au moment de l\u2019ouvrir, vous constatez que le produit s\u2019est d\u00e9t\u00e9rior\u00e9 avant la date (xx\/yy)<\/p>\n\n\n\n<p>Once you have contacted us and the refund is requested, you will be asked to provide your bank details so that we can proceed with the transfer.<\/p>\n\n\n\n<p><strong>Besoin d\u2019aide ?<\/strong><\/p>\n\n\n\n<p>Contactez-nous \u00e0 l\u2019adresse fermentierra.commande@gmail.com pour toute question relative aux remboursements et aux retours.<\/p>","protected":false},"excerpt":{"rendered":"<p>Vue d\u2019ensemble Notre politique de remboursement est de 30 jours. Si 30 jours se sont \u00e9coul\u00e9s depuis votre achat, nous ne pouvons pas vous offrir un remboursement complet. Nous n\u2019acceptons pas les retours de nos produits. Remboursement Vous pouvez pr\u00e9tendre \u00e0 un remboursement si la&nbsp;<a class=\"read-more\" href=\"https:\/\/fermentierra.com\/en\/remboursements_retours\/\">...<\/a><\/p>","protected":false},"author":1,"featured_media":0,"parent":0,"menu_order":0,"comment_status":"closed","ping_status":"closed","template":"","meta":{"_acf_changed":false,"footnotes":""},"class_list":["post-34826","page","type-page","status-publish","hentry"],"acf":[],"aioseo_notices":[],"_links":{"self":[{"href":"https:\/\/fermentierra.com\/en\/wp-json\/wp\/v2\/pages\/34826","targetHints":{"allow":["GET"]}}],"collection":[{"href":"https:\/\/fermentierra.com\/en\/wp-json\/wp\/v2\/pages"}],"about":[{"href":"https:\/\/fermentierra.com\/en\/wp-json\/wp\/v2\/types\/page"}],"author":[{"embeddable":true,"href":"https:\/\/fermentierra.com\/en\/wp-json\/wp\/v2\/users\/1"}],"replies":[{"embeddable":true,"href":"https:\/\/fermentierra.com\/en\/wp-json\/wp\/v2\/comments?post=34826"}],"version-history":[{"count":0,"href":"https:\/\/fermentierra.com\/en\/wp-json\/wp\/v2\/pages\/34826\/revisions"}],"wp:attachment":[{"href":"https:\/\/fermentierra.com\/en\/wp-json\/wp\/v2\/media?parent=34826"}],"curies":[{"name":"wp","href":"https:\/\/api.w.org\/{rel}","templated":true}]}}