{"id":34717,"date":"2023-01-13T20:16:58","date_gmt":"2023-01-13T20:16:58","guid":{"rendered":"https:\/\/fermentierra.com\/?post_type=product&#038;p=34717"},"modified":"2025-10-27T15:55:33","modified_gmt":"2025-10-27T15:55:33","slug":"34717","status":"publish","type":"product","link":"https:\/\/fermentierra.com\/en\/produit\/34717\/","title":{"rendered":"Aperitif"},"content":{"rendered":"<p>A new Ap\u00e9ro blend has arrived.<\/p>\n<p>A judicious blend of kohlrabi, parsnip, fennel, beet, carrot and cauliflower, seasoned with a hint of garlic.<\/p>\n<p>Delicious served in a bowl for any gathering, or raclette if you prefer.<\/p>\n<p>The photo is out of date and will be changed shortly.<\/p>","protected":false},"excerpt":{"rendered":"<p>Un nouveau m\u00e9lange Ap\u00e9ro est arriv\u00e9. Un judicieux m\u00e9lange \u00e0 base de colrave, de panais, de fenouil, de betterave, de carotte et de chou-fleur, assaisonn\u00e9 d&rsquo;une l\u00e9g\u00e8re saveur d&rsquo;ail. D\u00e9licieux servi dans un bol pour toute r\u00e9union, voire raclette si affinit\u00e9. La photo n&rsquo;est pas&nbsp;<a class=\"read-more\" href=\"https:\/\/fermentierra.com\/en\/produit\/34717\/\">...<\/a><\/p>","protected":false},"featured_media":34716,"comment_status":"open","ping_status":"closed","template":"","meta":{"_acf_changed":false},"product_brand":[145],"product_cat":[36,35],"product_tag":[],"class_list":{"0":"post-34717","1":"product","2":"type-product","3":"status-publish","4":"has-post-thumbnail","6":"product_brand-gamme-classic","7":"product_cat-pickles","8":"product_cat-salade","10":"first","11":"instock","12":"taxable","13":"shipping-taxable","14":"purchasable","15":"product-type-simple"},"acf":[],"aioseo_notices":[],"_links":{"self":[{"href":"https:\/\/fermentierra.com\/en\/wp-json\/wp\/v2\/product\/34717","targetHints":{"allow":["GET"]}}],"collection":[{"href":"https:\/\/fermentierra.com\/en\/wp-json\/wp\/v2\/product"}],"about":[{"href":"https:\/\/fermentierra.com\/en\/wp-json\/wp\/v2\/types\/product"}],"replies":[{"embeddable":true,"href":"https:\/\/fermentierra.com\/en\/wp-json\/wp\/v2\/comments?post=34717"}],"wp:featuredmedia":[{"embeddable":true,"href":"https:\/\/fermentierra.com\/en\/wp-json\/wp\/v2\/media\/34716"}],"wp:attachment":[{"href":"https:\/\/fermentierra.com\/en\/wp-json\/wp\/v2\/media?parent=34717"}],"wp:term":[{"taxonomy":"product_brand","embeddable":true,"href":"https:\/\/fermentierra.com\/en\/wp-json\/wp\/v2\/product_brand?post=34717"},{"taxonomy":"product_cat","embeddable":true,"href":"https:\/\/fermentierra.com\/en\/wp-json\/wp\/v2\/product_cat?post=34717"},{"taxonomy":"product_tag","embeddable":true,"href":"https:\/\/fermentierra.com\/en\/wp-json\/wp\/v2\/product_tag?post=34717"}],"curies":[{"name":"wp","href":"https:\/\/api.w.org\/{rel}","templated":true}]}}