{"id":35083,"date":"2022-11-28T20:32:23","date_gmt":"2022-11-28T20:32:23","guid":{"rendered":"http:\/\/www.fermentierra.com\/?post_type=product&#038;p=35083"},"modified":"2025-11-10T18:13:38","modified_gmt":"2025-11-10T18:13:38","slug":"ail-noir","status":"publish","type":"product","link":"https:\/\/fermentierra.com\/en\/produit\/ail-noir\/","title":{"rendered":"Black Garlic"},"content":{"rendered":"<p>Conditionnement:\u00a0 sachet d\u2019environ 100g net ou en vrac<\/p>\n<p>L\u2019ail noir est une sp\u00e9cialit\u00e9 assez hors du commun.\u00a0 Une lente maturation en \u00e9tuve permet un raffinement du fructose pr\u00e9sent naturellement dans l\u2019ail frais.\u00a0 Un processus enzymatique complexe s\u2019op\u00e8re en int\u00e9grant \u00e9galement une fermentation.<\/p>\n<p>The flavor is astonishing, always a little different from one vintage to the next, as is the texture.  The flavor combines notes of fruit paste, licorice and chestnut...<\/p>\n<p>D\u2019abord tr\u00e8s fondant, l\u2019ail va se d\u00e9shydrater petit \u00e0 petit s\u2019il est conserv\u00e9\u00a0 \u00e0 l\u2019air libre.\u00a0 Ainsi il pourra atteindre la consistance d\u2019un bonbon de gomme.<\/p>\n<p>Nous travaillons avec de l\u2019ail bio suisse et sommes tr\u00e8s content de la qualit\u00e9 de notre produit.<\/p>","protected":false},"excerpt":{"rendered":"<p>Packaging: 100g net bag or in bulk<\/p>\n<p>Black garlic is a rather unusual specialty.  Slow ripening in an oven refines the fructose naturally present in fresh garlic.  A complex enzymatic process takes place, including fermentation.<\/p>\n<p>The flavor is astonishing, always a little different from one vintage to the next, as is the texture.  The flavor combines notes of fruit paste, licorice and chestnut...<\/p>\n<p>Initially very melting, garlic will gradually dehydrate if kept in the open air.  It can then reach the consistency of gum candy.<\/p>\n<p>We work with organic Swiss garlic and are very satisfied with the quality of our product.<\/p>","protected":false},"featured_media":39678,"comment_status":"open","ping_status":"closed","template":"","meta":{"_acf_changed":false},"product_brand":[],"product_cat":[38,89],"product_tag":[],"class_list":{"0":"post-35083","1":"product","2":"type-product","3":"status-publish","4":"has-post-thumbnail","6":"product_cat-condiments","7":"product_cat-condiments-2","9":"first","10":"instock","11":"taxable","12":"shipping-taxable","13":"purchasable","14":"product-type-variable"},"acf":[],"aioseo_notices":[],"_links":{"self":[{"href":"https:\/\/fermentierra.com\/en\/wp-json\/wp\/v2\/product\/35083","targetHints":{"allow":["GET"]}}],"collection":[{"href":"https:\/\/fermentierra.com\/en\/wp-json\/wp\/v2\/product"}],"about":[{"href":"https:\/\/fermentierra.com\/en\/wp-json\/wp\/v2\/types\/product"}],"replies":[{"embeddable":true,"href":"https:\/\/fermentierra.com\/en\/wp-json\/wp\/v2\/comments?post=35083"}],"wp:featuredmedia":[{"embeddable":true,"href":"https:\/\/fermentierra.com\/en\/wp-json\/wp\/v2\/media\/39678"}],"wp:attachment":[{"href":"https:\/\/fermentierra.com\/en\/wp-json\/wp\/v2\/media?parent=35083"}],"wp:term":[{"taxonomy":"product_brand","embeddable":true,"href":"https:\/\/fermentierra.com\/en\/wp-json\/wp\/v2\/product_brand?post=35083"},{"taxonomy":"product_cat","embeddable":true,"href":"https:\/\/fermentierra.com\/en\/wp-json\/wp\/v2\/product_cat?post=35083"},{"taxonomy":"product_tag","embeddable":true,"href":"https:\/\/fermentierra.com\/en\/wp-json\/wp\/v2\/product_tag?post=35083"}],"curies":[{"name":"wp","href":"https:\/\/api.w.org\/{rel}","templated":true}]}}