{"id":394,"date":"2019-12-11T20:28:33","date_gmt":"2019-12-11T20:28:33","guid":{"rendered":"https:\/\/fermentierra.com\/?post_type=product&#038;p=394"},"modified":"2026-04-13T14:00:08","modified_gmt":"2026-04-13T14:00:08","slug":"legumes-lactofermentes-fenouil","status":"publish","type":"product","link":"https:\/\/fermentierra.com\/en\/produit\/legumes-lactofermentes-fenouil\/","title":{"rendered":"Italian-style fennel"},"content":{"rendered":"<p>Un m\u00e9lange lactoferment\u00e9 \u00e0 l\u2019italienne.\u00a0 Une salade qui mise sur la simplicit\u00e9 et la perfection des l\u00e9gumes dans leur plus simple appareil.\u00a0 Hommage \u00e0 la fra\u00eecheur croquante du fenouil, poivron et c\u00e9leri branche.\u00a0 Une note de citron.\u00a0 Couche apr\u00e8s couche, plonger dans l\u2019architecture divine du fenouil.\u00a0 Atteindre le c\u0153ur fractal, vibrant.\u00a0 Croquer la vie \u00e0 pleines dents.<\/p>\n<p>Ingredients: Fennel, peppers, celery, lemon, Gu\u00e9rande salt<\/p>\n<p>330 g<\/p>","protected":false},"excerpt":{"rendered":"<p>Italian-style lacto-fermented mix.  A salad that focuses on the simplicity and perfection of vegetables in their simplest form.  A tribute to the crisp freshness of fennel, bell bell pepper and celery.  A hint of lemon.  Layer by layer, plunge into the divine architecture of fennel.  Reach the vibrant, fractal heart.  Bite into life.<\/p>\n<p>330 g<\/p>","protected":false},"featured_media":34715,"comment_status":"open","ping_status":"closed","template":"","meta":{"_acf_changed":false},"product_brand":[145],"product_cat":[35,90],"product_tag":[],"class_list":{"0":"post-394","1":"product","2":"type-product","3":"status-publish","4":"has-post-thumbnail","6":"product_brand-gamme-classic","7":"product_cat-salade","8":"product_cat-salades","10":"first","11":"instock","12":"taxable","13":"shipping-taxable","14":"purchasable","15":"product-type-simple"},"acf":[],"aioseo_notices":[],"_links":{"self":[{"href":"https:\/\/fermentierra.com\/en\/wp-json\/wp\/v2\/product\/394","targetHints":{"allow":["GET"]}}],"collection":[{"href":"https:\/\/fermentierra.com\/en\/wp-json\/wp\/v2\/product"}],"about":[{"href":"https:\/\/fermentierra.com\/en\/wp-json\/wp\/v2\/types\/product"}],"replies":[{"embeddable":true,"href":"https:\/\/fermentierra.com\/en\/wp-json\/wp\/v2\/comments?post=394"}],"wp:featuredmedia":[{"embeddable":true,"href":"https:\/\/fermentierra.com\/en\/wp-json\/wp\/v2\/media\/34715"}],"wp:attachment":[{"href":"https:\/\/fermentierra.com\/en\/wp-json\/wp\/v2\/media?parent=394"}],"wp:term":[{"taxonomy":"product_brand","embeddable":true,"href":"https:\/\/fermentierra.com\/en\/wp-json\/wp\/v2\/product_brand?post=394"},{"taxonomy":"product_cat","embeddable":true,"href":"https:\/\/fermentierra.com\/en\/wp-json\/wp\/v2\/product_cat?post=394"},{"taxonomy":"product_tag","embeddable":true,"href":"https:\/\/fermentierra.com\/en\/wp-json\/wp\/v2\/product_tag?post=394"}],"curies":[{"name":"wp","href":"https:\/\/api.w.org\/{rel}","templated":true}]}}