{"id":406,"date":"2019-12-11T20:24:58","date_gmt":"2019-12-11T20:24:58","guid":{"rendered":"https:\/\/fermentierra.com\/?post_type=product&#038;p=406"},"modified":"2026-04-13T13:59:19","modified_gmt":"2026-04-13T13:59:19","slug":"legumes-lactofermentes-suisse-chi-n2","status":"publish","type":"product","link":"https:\/\/fermentierra.com\/en\/produit\/legumes-lactofermentes-suisse-chi-n2\/","title":{"rendered":"Suisse-Chi N\u00b02"},"content":{"rendered":"<p>The full potential of lacto-fermented vegetables.<\/p>\n<p>Le Kimchi est traditionnellement un m\u00e9lange kor\u00e9en lactoferment\u00e9, plus ou moins piquant, \u00e0 base de chou chinois.\u00a0 L\u00e0-bas, chaque famille a ses recettes.\u00a0 Aujourd\u2019hui, Fermentierra vous pr\u00e9sente les siennes.<\/p>\n<p>Le Suisse Chi 2 est un m\u00e9lange de pak cho\u00ef, chou fleur, c\u00e9leri, poivrons, poireaux, oignons et son m\u00e9lange d\u2019\u00e9pices secret bio.<\/p>\n<p>330 g<\/p>","protected":false},"excerpt":{"rendered":"<p>Kimchi is traditionally a lacto-fermented Korean mixture, with varying degrees of spiciness, based on Chinese cabbage.  Every family there knows its own recipe.  Today, Fermentierra presents its own.<\/p>\n<p>This Suisse-Chi is more earthy than the first.  The more restrained blend of spices allows the subtle shitake flavor to settle in quietly, spreading its mycelium under the cover of the first, rather pungent sensation.  This is perhaps our most meditative preparation, a flash towards symbiosis.  A highly original kimchi that goes perfectly with potato dishes, among others.<\/p>\n<p>330 g<\/p>","protected":false},"featured_media":34613,"comment_status":"open","ping_status":"closed","template":"","meta":{"_acf_changed":false},"product_brand":[145],"product_cat":[35,37,90],"product_tag":[],"class_list":{"0":"post-406","1":"product","2":"type-product","3":"status-publish","4":"has-post-thumbnail","6":"product_brand-gamme-classic","7":"product_cat-salade","8":"product_cat-kimchi","9":"product_cat-salades","11":"first","12":"instock","13":"taxable","14":"shipping-taxable","15":"purchasable","16":"product-type-simple"},"acf":[],"aioseo_notices":[],"_links":{"self":[{"href":"https:\/\/fermentierra.com\/en\/wp-json\/wp\/v2\/product\/406","targetHints":{"allow":["GET"]}}],"collection":[{"href":"https:\/\/fermentierra.com\/en\/wp-json\/wp\/v2\/product"}],"about":[{"href":"https:\/\/fermentierra.com\/en\/wp-json\/wp\/v2\/types\/product"}],"replies":[{"embeddable":true,"href":"https:\/\/fermentierra.com\/en\/wp-json\/wp\/v2\/comments?post=406"}],"wp:featuredmedia":[{"embeddable":true,"href":"https:\/\/fermentierra.com\/en\/wp-json\/wp\/v2\/media\/34613"}],"wp:attachment":[{"href":"https:\/\/fermentierra.com\/en\/wp-json\/wp\/v2\/media?parent=406"}],"wp:term":[{"taxonomy":"product_brand","embeddable":true,"href":"https:\/\/fermentierra.com\/en\/wp-json\/wp\/v2\/product_brand?post=406"},{"taxonomy":"product_cat","embeddable":true,"href":"https:\/\/fermentierra.com\/en\/wp-json\/wp\/v2\/product_cat?post=406"},{"taxonomy":"product_tag","embeddable":true,"href":"https:\/\/fermentierra.com\/en\/wp-json\/wp\/v2\/product_tag?post=406"}],"curies":[{"name":"wp","href":"https:\/\/api.w.org\/{rel}","templated":true}]}}