{"id":715,"date":"2020-04-27T18:35:14","date_gmt":"2020-04-27T18:35:14","guid":{"rendered":"https:\/\/fermentierra.com\/?post_type=product&#038;p=715"},"modified":"2026-02-13T11:30:58","modified_gmt":"2026-02-13T11:30:58","slug":"legumes-lactofermente-chou-rouge","status":"publish","type":"product","link":"https:\/\/fermentierra.com\/en\/produit\/legumes-lactofermente-chou-rouge\/","title":{"rendered":"Shanti Chou"},"content":{"rendered":"<p>La beaut\u00e9 de la couleur de ce bocal, indescriptible en fait, intense et vibrante est une invitation au voyage int\u00e9rieur.\u00a0 Aromatis\u00e9e \u00e0 la cardamome et \u00e0 la cannelle, l\u2019accent nous dirige vers l\u2019Inde, vers ses go\u00fbts suaves et napp\u00e9s.\u00a0 Une proposition \u00e0 d\u00e9couvrir une choucroute sous une autre couture, l\u2019esprit dansant entre les nuages et le Gange, proche de sa source.\u00a0 Shanti, shanti!<\/p>\n<p>330 g<\/p>\n<p>An inspired blend to showcase lacto-fermented red cabbage.<\/p>\n<p>\u00a0<\/p>\n<p>\u00a0<\/p>","protected":false},"excerpt":{"rendered":"<p>.The beauty of this jar's color, indescribable in fact, intense and vibrant, is an invitation to an inner journey. Flavored with cardamom and cinnamon, the accent takes us to India, to its suave, slick tastes. A proposal to discover sauerkraut in a different guise, with the spirit dancing between the clouds and the Ganges, close to its source. Shanti, shanti, shanti!<\/p>\n<p>330 g<\/p>","protected":false},"featured_media":34603,"comment_status":"open","ping_status":"closed","template":"","meta":{"_acf_changed":false},"product_brand":[145],"product_cat":[35,90],"product_tag":[],"class_list":{"0":"post-715","1":"product","2":"type-product","3":"status-publish","4":"has-post-thumbnail","6":"product_brand-gamme-classic","7":"product_cat-salade","8":"product_cat-salades","10":"first","11":"instock","12":"taxable","13":"shipping-taxable","14":"purchasable","15":"product-type-simple"},"acf":[],"aioseo_notices":[],"_links":{"self":[{"href":"https:\/\/fermentierra.com\/en\/wp-json\/wp\/v2\/product\/715","targetHints":{"allow":["GET"]}}],"collection":[{"href":"https:\/\/fermentierra.com\/en\/wp-json\/wp\/v2\/product"}],"about":[{"href":"https:\/\/fermentierra.com\/en\/wp-json\/wp\/v2\/types\/product"}],"replies":[{"embeddable":true,"href":"https:\/\/fermentierra.com\/en\/wp-json\/wp\/v2\/comments?post=715"}],"wp:featuredmedia":[{"embeddable":true,"href":"https:\/\/fermentierra.com\/en\/wp-json\/wp\/v2\/media\/34603"}],"wp:attachment":[{"href":"https:\/\/fermentierra.com\/en\/wp-json\/wp\/v2\/media?parent=715"}],"wp:term":[{"taxonomy":"product_brand","embeddable":true,"href":"https:\/\/fermentierra.com\/en\/wp-json\/wp\/v2\/product_brand?post=715"},{"taxonomy":"product_cat","embeddable":true,"href":"https:\/\/fermentierra.com\/en\/wp-json\/wp\/v2\/product_cat?post=715"},{"taxonomy":"product_tag","embeddable":true,"href":"https:\/\/fermentierra.com\/en\/wp-json\/wp\/v2\/product_tag?post=715"}],"curies":[{"name":"wp","href":"https:\/\/api.w.org\/{rel}","templated":true}]}}